{"id":1250,"date":"2023-04-22T06:01:23","date_gmt":"2023-04-22T06:01:23","guid":{"rendered":"https:\/\/femexrobotica.org\/tmr2023\/?page_id=1250"},"modified":"2023-04-24T02:27:22","modified_gmt":"2023-04-24T02:27:22","slug":"calendario-de-actividades","status":"publish","type":"page","link":"https:\/\/femexrobotica.org\/tmr2023\/?page_id=1250","title":{"rendered":"Calendario de actividades"},"content":{"rendered":"\n<p><strong>Horario para permanecer dentro de la sede de <strong><em>7 a 19 horas<\/em><\/strong><\/strong>.<\/p>\n\n\n\n<figure class=\"wp-block-table\"><table><tbody><tr><td>Jueves 27 de abril<\/td><td><strong>Inauguraci\u00f3n en el Vel\u00f3dromo<\/strong><\/td><\/tr><tr><td>9:00 a 10:00 am<\/td><td>Registro junior(<em>Vel\u00f3dromo<\/em>) y registro major (<em>Complejo Omega<\/em>)<\/td><\/tr><tr><td>10:00 a 11:00<\/td><td>Calibraci\u00f3n junior(<em>Vel\u00f3dromo<\/em>) y calibraci\u00f3n major (<em>Complejo Omega<\/em>)<\/td><\/tr><tr><td>11:00 a 12:00<\/td><td>Inauguraci\u00f3n (<em>Vel\u00f3dromo<\/em>)<\/td><\/tr><tr><td>12:00 a 19:00<\/td><td>Pruebas y competencias en complejo Omega(<em>Major<\/em>) y Vel\u00f3dromo(<em>junior<\/em>)<\/td><\/tr><\/tbody><\/table><\/figure>\n\n\n\n<figure class=\"wp-block-image size-full is-resized\"><img loading=\"lazy\" decoding=\"async\" src=\"https:\/\/femexrobotica.org\/tmr2023\/wp-content\/uploads\/2023\/04\/8dde5a578e18f7f9a34b290eee06709b-divisor-de-lineas-de-remolinos-ornamentados.png\" alt=\"\" class=\"wp-image-1256\" width=\"785\" height=\"115\" srcset=\"https:\/\/femexrobotica.org\/tmr2023\/wp-content\/uploads\/2023\/04\/8dde5a578e18f7f9a34b290eee06709b-divisor-de-lineas-de-remolinos-ornamentados.png 512w, https:\/\/femexrobotica.org\/tmr2023\/wp-content\/uploads\/2023\/04\/8dde5a578e18f7f9a34b290eee06709b-divisor-de-lineas-de-remolinos-ornamentados-300x44.png 300w\" sizes=\"auto, (max-width: 785px) 100vw, 785px\" \/><\/figure>\n\n\n\n<figure class=\"wp-block-table\"><table><tbody><tr><td><strong>Viernes 28 de abril<\/strong><\/td><td><strong>Sedes del complejo Omega y Vel\u00f3dromo<\/strong><\/td><\/tr><tr><td>8:00 a 19:00 <\/td><td>Competencias en complejo Omega y Vel\u00f3dromo<\/td><\/tr><\/tbody><\/table><\/figure>\n\n\n\n<figure class=\"wp-block-image size-full is-resized\"><img loading=\"lazy\" decoding=\"async\" src=\"https:\/\/femexrobotica.org\/tmr2023\/wp-content\/uploads\/2023\/04\/8dde5a578e18f7f9a34b290eee06709b-divisor-de-lineas-de-remolinos-ornamentados.png\" alt=\"\" class=\"wp-image-1256\" width=\"785\" height=\"115\" srcset=\"https:\/\/femexrobotica.org\/tmr2023\/wp-content\/uploads\/2023\/04\/8dde5a578e18f7f9a34b290eee06709b-divisor-de-lineas-de-remolinos-ornamentados.png 512w, https:\/\/femexrobotica.org\/tmr2023\/wp-content\/uploads\/2023\/04\/8dde5a578e18f7f9a34b290eee06709b-divisor-de-lineas-de-remolinos-ornamentados-300x44.png 300w\" sizes=\"auto, (max-width: 785px) 100vw, 785px\" \/><\/figure>\n\n\n\n<figure class=\"wp-block-table\"><table><tbody><tr><td><strong>S\u00e1bado 29 de abril<\/strong><\/td><td><strong>Clausura en el Vel\u00f3dromo<\/strong><\/td><\/tr><tr><td>8:00 a 13:00<\/td><td>Semifinales y finales en complejo Omega y Vel\u00f3dromo<\/td><\/tr><tr><td>13:00 a 14:00<\/td><td>Presentaci\u00f3n Orquesta Municipal de Xalapa (<em>Vel\u00f3dromo<\/em>)<\/td><\/tr><tr><td>14:00 a 15:00<\/td><td>Conferencia de Tecnolog\u00edas para la transmisi\u00f3n inal\u00e1mbrica de energ\u00eda en Robots (<em>Vel\u00f3dromo<\/em>)<\/td><\/tr><tr><td>15:00 a 16:00<\/td><td>Clausura y entrega de premios (<em>Vel\u00f3dromo<\/em>)<\/td><\/tr><\/tbody><\/table><\/figure>\n\n\n\n<p><\/p>\n","protected":false},"excerpt":{"rendered":"<p>Horario para permanecer dentro de la sede de 7 a 19 horas. Jueves 27 de abril Inauguraci\u00f3n en el Vel\u00f3dromo 9:00 a 10:00 am Registro junior(Vel\u00f3dromo) y registro major (Complejo Omega) 10:00 a 11:00 Calibraci\u00f3n junior(Vel\u00f3dromo) y calibraci\u00f3n major (Complejo Omega) 11:00 a 12:00 Inauguraci\u00f3n (Vel\u00f3dromo) 12:00 a 19:00 Pruebas y competencias en complejo Omega(Major) [&hellip;]<\/p>\n","protected":false},"author":5,"featured_media":0,"parent":0,"menu_order":0,"comment_status":"closed","ping_status":"closed","template":"","meta":{"footnotes":""},"class_list":["post-1250","page","type-page","status-publish","hentry"],"_links":{"self":[{"href":"https:\/\/femexrobotica.org\/tmr2023\/index.php?rest_route=\/wp\/v2\/pages\/1250","targetHints":{"allow":["GET"]}}],"collection":[{"href":"https:\/\/femexrobotica.org\/tmr2023\/index.php?rest_route=\/wp\/v2\/pages"}],"about":[{"href":"https:\/\/femexrobotica.org\/tmr2023\/index.php?rest_route=\/wp\/v2\/types\/page"}],"author":[{"embeddable":true,"href":"https:\/\/femexrobotica.org\/tmr2023\/index.php?rest_route=\/wp\/v2\/users\/5"}],"replies":[{"embeddable":true,"href":"https:\/\/femexrobotica.org\/tmr2023\/index.php?rest_route=%2Fwp%2Fv2%2Fcomments&post=1250"}],"version-history":[{"count":14,"href":"https:\/\/femexrobotica.org\/tmr2023\/index.php?rest_route=\/wp\/v2\/pages\/1250\/revisions"}],"predecessor-version":[{"id":1301,"href":"https:\/\/femexrobotica.org\/tmr2023\/index.php?rest_route=\/wp\/v2\/pages\/1250\/revisions\/1301"}],"wp:attachment":[{"href":"https:\/\/femexrobotica.org\/tmr2023\/index.php?rest_route=%2Fwp%2Fv2%2Fmedia&parent=1250"}],"curies":[{"name":"wp","href":"https:\/\/api.w.org\/{rel}","templated":true}]}}