{"id":122,"date":"2022-12-03T23:34:17","date_gmt":"2022-12-03T23:34:17","guid":{"rendered":"https:\/\/femexrobotica.org\/tmr2023\/?page_id=122"},"modified":"2023-04-05T13:39:57","modified_gmt":"2023-04-05T13:39:57","slug":"larc-standar-education-kits","status":"publish","type":"page","link":"https:\/\/femexrobotica.org\/tmr2023\/?page_id=122","title":{"rendered":"LARC Standar Education Kits"},"content":{"rendered":"\n<p><img loading=\"lazy\" decoding=\"async\" src=\"https:\/\/lh5.googleusercontent.com\/t1xsmMbgNx80UKFvq3BxiWKtktBQ6UGWP_viWwGam98UIQSgJfE5ijG44QN1DmEBM3hNQb0_mlCHGZUy4ilgs_q7ercOaRzVmGNR9JOzcrK-_k03CW_q0y3xtX224Atd8H_xu5bCupPo7HQK95eJ4aY\" width=\"602\" height=\"451\"><\/p>\n\n\n\n<p><strong>Descripci\u00f3n general<\/strong><\/p>\n\n\n\n<p>El Torneo Mexicano de Rob\u00f3tica\u00ae (TMR) est\u00e1 asociado a diversas competencias internacionales, entre las que est\u00e1 el Latin American Robotics Competition (LARC) de la IEEE. Anualmente, el TMR apoya al equipo ganador del LARC Standard Educational Kits (SEK) para representar a M\u00e9xico en el Latin American Robotics Competition.<\/p>\n\n\n\n<p>Dentro del LARC, cada dos a\u00f1os se propone un nuevo reto basado en problemas reales y que se debe resolver de manera exclusiva con piezas oficiales de un \u00fanico kit est\u00e1ndar para desarrollo de robots. Actualmente existe una gran cantidad de kits educativos, los m\u00e1s utilizados en esta competencia son los kits de la marca Lego, si tienes un kit educativo de otra marca favor de contactar a los responsables t\u00e9cnicos para confirmar que los kits cumplan con los requerimientos para poder participar en la competencia.<\/p>\n\n\n\n<figure class=\"wp-block-video\"><video height=\"480\" style=\"aspect-ratio: 848 \/ 480;\" width=\"848\" controls src=\"https:\/\/femexrobotica.org\/tmr2023\/wp-content\/uploads\/2023\/04\/338737840_981394576601634_85762193701384770_n.mp4\"><\/video><\/figure>\n\n\n\n<p><strong>Restricciones<\/strong><\/p>\n\n\n\n<p>Para participar en LARC SEK, se pueden inscribir equipos de m\u00e1ximo 4 personas. Los miembros del equipo deben ser estudiantes de licenciatura o cualquier nivel de estudios previo.<\/p>\n\n\n\n<p>Los profesores que acompa\u00f1an al equipo y que desean contar con un diploma que reconozca su participaci\u00f3n en el evento podr\u00e1n inscribirse como mentores. El costo de inscripci\u00f3n de los mentores es el mismo que el de los concursantes. Debido a que LARC SEK es una competencia para estudiantes, a los mentores no se les asigna lugar en la mesa de trabajo del equipo y no tienen permitido ayudar a sus estudiantes durante la competencia.<\/p>\n\n\n\n<p>Reglas: <\/p>\n\n\n\n<p><strong>Las reglas son las mismas a las del TMR 2022<\/strong><\/p>\n\n\n\n<div data-wp-interactive=\"core\/file\" class=\"wp-block-file\"><object data-wp-bind--hidden=\"!state.hasPdfPreview\" hidden class=\"wp-block-file__embed\" data=\"https:\/\/femexrobotica.org\/tmr2023\/wp-content\/uploads\/2023\/01\/Regras_IEEE_SEK2022_Ingles.pdf\" type=\"application\/pdf\" style=\"width:100%;height:600px\" aria-label=\"Embed of Regras_IEEE_SEK2022.\"><\/object><a id=\"wp-block-file--media-f54182d6-b09c-4047-b49b-4e8596dcfe61\" href=\"https:\/\/femexrobotica.org\/tmr2023\/wp-content\/uploads\/2023\/01\/Regras_IEEE_SEK2022_Ingles.pdf\">Regras_IEEE_SEK2022<\/a><a href=\"https:\/\/femexrobotica.org\/tmr2023\/wp-content\/uploads\/2023\/01\/Regras_IEEE_SEK2022_Ingles.pdf\" class=\"wp-block-file__button wp-element-button\" download aria-describedby=\"wp-block-file--media-f54182d6-b09c-4047-b49b-4e8596dcfe61\">Descargar<\/a><\/div>\n\n\n\n<p><strong>Responsables FMR<\/strong><\/p>\n\n\n\n<p>Javier Enrique Delgado Moreno<\/p>\n\n\n\n<p>email: <a href=\"mailto:javier_687@outlook.com\">javier_687@outlook.com<\/a><\/p>\n\n\n\n<p>Dr. Jose Hugo Barron Zambrano<br>email: <a href=\"mailto:hbarron@docentes.uat.edu.mx\">hbarron@docentes.uat.edu.mx<\/a><\/p>\n","protected":false},"excerpt":{"rendered":"<p>Descripci\u00f3n general El Torneo Mexicano de Rob\u00f3tica\u00ae (TMR) est\u00e1 asociado a diversas competencias internacionales, entre las que est\u00e1 el Latin American Robotics Competition (LARC) de la IEEE. Anualmente, el TMR apoya al equipo ganador del LARC Standard Educational Kits (SEK) para representar a M\u00e9xico en el Latin American Robotics Competition. Dentro del LARC, cada dos [&hellip;]<\/p>\n","protected":false},"author":5,"featured_media":0,"parent":0,"menu_order":0,"comment_status":"closed","ping_status":"closed","template":"","meta":{"footnotes":""},"class_list":["post-122","page","type-page","status-publish","hentry"],"_links":{"self":[{"href":"https:\/\/femexrobotica.org\/tmr2023\/index.php?rest_route=\/wp\/v2\/pages\/122","targetHints":{"allow":["GET"]}}],"collection":[{"href":"https:\/\/femexrobotica.org\/tmr2023\/index.php?rest_route=\/wp\/v2\/pages"}],"about":[{"href":"https:\/\/femexrobotica.org\/tmr2023\/index.php?rest_route=\/wp\/v2\/types\/page"}],"author":[{"embeddable":true,"href":"https:\/\/femexrobotica.org\/tmr2023\/index.php?rest_route=\/wp\/v2\/users\/5"}],"replies":[{"embeddable":true,"href":"https:\/\/femexrobotica.org\/tmr2023\/index.php?rest_route=%2Fwp%2Fv2%2Fcomments&post=122"}],"version-history":[{"count":14,"href":"https:\/\/femexrobotica.org\/tmr2023\/index.php?rest_route=\/wp\/v2\/pages\/122\/revisions"}],"predecessor-version":[{"id":1163,"href":"https:\/\/femexrobotica.org\/tmr2023\/index.php?rest_route=\/wp\/v2\/pages\/122\/revisions\/1163"}],"wp:attachment":[{"href":"https:\/\/femexrobotica.org\/tmr2023\/index.php?rest_route=%2Fwp%2Fv2%2Fmedia&parent=122"}],"curies":[{"name":"wp","href":"https:\/\/api.w.org\/{rel}","templated":true}]}}