{"id":113,"date":"2022-12-03T23:30:43","date_gmt":"2022-12-03T23:30:43","guid":{"rendered":"https:\/\/femexrobotica.org\/tmr2023\/?page_id=113"},"modified":"2023-02-12T16:48:28","modified_gmt":"2023-02-12T16:48:28","slug":"larc-open-challenge","status":"publish","type":"page","link":"https:\/\/femexrobotica.org\/tmr2023\/?page_id=113","title":{"rendered":"LARC Open Challenge"},"content":{"rendered":"\n<p><strong><img loading=\"lazy\" decoding=\"async\" src=\"https:\/\/lh3.googleusercontent.com\/7T_dB8taU387P3qzjhnptn0WvepSsfMKA3F5WNRJC42L4KjHWmDQ2Th7JqWgi4Uuim7HD-ngG2uPph4gESvm1-IXAXIAI0rkpeAmbggzrYVh4djAaYTC3tvAin3QFIU730CWyXA88eNoLPl1gaHHGPk\" width=\"533\" height=\"381\"><\/strong><\/p>\n\n\n\n<p><strong>Descripci\u00f3n general<\/strong><\/p>\n\n\n\n<p>El Torneo Mexicano de Rob\u00f3tica\u00ae est\u00e1 asociado a diversas competencias internacionales, entre las que est\u00e1 el Latin American Robotics Competition (LARC) de la IEEE. Anualmente, el TMR apoya al equipo ganador del LARC Open Challenge para representar a M\u00e9xico en el Latin American Robotics Competition.<\/p>\n\n\n\n<p>Dentro del LARC, cada dos a\u00f1os se propone un nuevo reto basado en problemas reales.<\/p>\n\n\n\n<p>Rese\u00f1a<\/p>\n\n\n\n<p>En esta ocasi\u00f3n la competencia est\u00e1 orientada en automatizar un ambiente con gran cantidad de paquetes a organizar. La esencia de la competencia se extrae de ambientes como almacenes, centros de distribuci\u00f3n de productos, stocks en tienda, etc.<\/p>\n\n\n\n<p>La automatizaci\u00f3n de almacenes ya es una realidad en grandes empresas como Amazon y Alibaba, pero pronto deber\u00eda ser una realidad en empresas medianas. Te invitamos a pensar en una posible soluci\u00f3n para este reto. Los participantes deben construir un robot \u00e1gil y r\u00e1pido para organizar tantos paquetes como sea posible en un tiempo limitado.<\/p>\n\n\n\n<p><strong>Restricciones<\/strong><\/p>\n\n\n\n<p>Para participar en el LARC Open Challenge, se pueden inscribir equipos de m\u00e1ximo 6 personas. Los miembros del equipo deben ser estudiantes de cualquier nivel o haber egresado de su programa de estudios hace no m\u00e1s de dos a\u00f1os.<\/p>\n\n\n\n<p>Los profesores que acompa\u00f1an al equipo y que desean contar con un diploma que reconozca su participaci\u00f3n en el evento podr\u00e1n inscribirse como mentores. El costo de inscripci\u00f3n de los mentores es el mismo que el de los concursantes.<\/p>\n\n\n\n<p><strong>Reglas<\/strong><\/p>\n\n\n\n<div data-wp-interactive=\"core\/file\" class=\"wp-block-file\"><object data-wp-bind--hidden=\"!state.hasPdfPreview\" hidden class=\"wp-block-file__embed\" data=\"https:\/\/femexrobotica.org\/tmr2023\/wp-content\/uploads\/2023\/01\/Rules_IEEE_OPEN_2022_2023_en_V2.pdf\" type=\"application\/pdf\" style=\"width:100%;height:600px\" aria-label=\"Embed of Rules_IEEE_OPEN 2023_en_V2.\"><\/object><a id=\"wp-block-file--media-83912673-6d4b-4188-9bd8-3fea5cb0069d\" href=\"https:\/\/femexrobotica.org\/tmr2023\/wp-content\/uploads\/2023\/01\/Rules_IEEE_OPEN_2022_2023_en_V2.pdf\">Rules_IEEE_OPEN 2023_en_V2<\/a><a href=\"https:\/\/femexrobotica.org\/tmr2023\/wp-content\/uploads\/2023\/01\/Rules_IEEE_OPEN_2022_2023_en_V2.pdf\" class=\"wp-block-file__button wp-element-button\" download aria-describedby=\"wp-block-file--media-83912673-6d4b-4188-9bd8-3fea5cb0069d\">Descargar<\/a><\/div>\n\n\n\n<p><strong>Responsables FMR<\/strong><\/p>\n\n\n\n<p>Javier Enrique Delgado Moreno<\/p>\n\n\n\n<p>email: <a href=\"mailto:javier_687@outlook.com\">javier_687@outlook.com<\/a><\/p>\n\n\n\n<p>&#8211;<\/p>\n\n\n\n<p>Ruben Machucho Cadena <\/p>\n\n\n\n<p>email: rmachuchoc@upv.edu.mx<\/p>\n","protected":false},"excerpt":{"rendered":"<p>Descripci\u00f3n general El Torneo Mexicano de Rob\u00f3tica\u00ae est\u00e1 asociado a diversas competencias internacionales, entre las que est\u00e1 el Latin American Robotics Competition (LARC) de la IEEE. Anualmente, el TMR apoya al equipo ganador del LARC Open Challenge para representar a M\u00e9xico en el Latin American Robotics Competition. Dentro del LARC, cada dos a\u00f1os se propone [&hellip;]<\/p>\n","protected":false},"author":5,"featured_media":0,"parent":0,"menu_order":0,"comment_status":"closed","ping_status":"closed","template":"","meta":{"footnotes":""},"class_list":["post-113","page","type-page","status-publish","hentry"],"_links":{"self":[{"href":"https:\/\/femexrobotica.org\/tmr2023\/index.php?rest_route=\/wp\/v2\/pages\/113","targetHints":{"allow":["GET"]}}],"collection":[{"href":"https:\/\/femexrobotica.org\/tmr2023\/index.php?rest_route=\/wp\/v2\/pages"}],"about":[{"href":"https:\/\/femexrobotica.org\/tmr2023\/index.php?rest_route=\/wp\/v2\/types\/page"}],"author":[{"embeddable":true,"href":"https:\/\/femexrobotica.org\/tmr2023\/index.php?rest_route=\/wp\/v2\/users\/5"}],"replies":[{"embeddable":true,"href":"https:\/\/femexrobotica.org\/tmr2023\/index.php?rest_route=%2Fwp%2Fv2%2Fcomments&post=113"}],"version-history":[{"count":16,"href":"https:\/\/femexrobotica.org\/tmr2023\/index.php?rest_route=\/wp\/v2\/pages\/113\/revisions"}],"predecessor-version":[{"id":862,"href":"https:\/\/femexrobotica.org\/tmr2023\/index.php?rest_route=\/wp\/v2\/pages\/113\/revisions\/862"}],"wp:attachment":[{"href":"https:\/\/femexrobotica.org\/tmr2023\/index.php?rest_route=%2Fwp%2Fv2%2Fmedia&parent=113"}],"curies":[{"name":"wp","href":"https:\/\/api.w.org\/{rel}","templated":true}]}}