{"id":464,"date":"2025-01-08T16:02:42","date_gmt":"2025-01-08T22:02:42","guid":{"rendered":"https:\/\/femexrobotica.org\/mexcir2025\/?page_id=464"},"modified":"2025-06-23T19:46:16","modified_gmt":"2025-06-24T01:46:16","slug":"keynote-speakers","status":"publish","type":"page","link":"https:\/\/femexrobotica.org\/mexcir2025\/index.php\/keynote-speakers\/","title":{"rendered":"Keynote Speakers"},"content":{"rendered":"\n<div class=\"wp-block-media-text is-stacked-on-mobile\" style=\"grid-template-columns:40% auto\"><figure class=\"wp-block-media-text__media\"><img decoding=\"async\" src=\"https:\/\/femexrobotica.org\/mexcir2025\/wp-content\/uploads\/2025\/02\/unnamed-2.jpg\" alt=\"\"\/><\/figure><div class=\"wp-block-media-text__content\">\n<p><strong>Dr<\/strong>. <strong>Francois Grondin<\/strong><\/p>\n\n\n\n<p id=\"block-d9f42ca1-de02-4093-942b-2a99af352da5\"><strong>Universit\u00e9 de Sherbrooke<\/strong><\/p>\n\n\n\n<p id=\"block-ce5fe408-e0d4-4686-8201-a48f0988b8a9\"><strong>Title:<\/strong> Sound Source Localization in Robot Audition<\/p>\n\n\n\n<p id=\"block-012e8571-358f-4ab8-8ce3-9bce6532a4b4\"><strong>Abstract:<\/strong> This presentation introduces some key concepts in robot audition, and more specifically addresses the challenge of sound source localization (SSL). SSL provides machines with audio spatial awareness, which leads to more natural human-robot interactions, and robust multimodal recognition capabilities. This talk presents state of the art methods that can be easily deployed on embedded hardware for robot of arbitrary geometries.<\/p>\n\n\n\n<p><strong>Bio&#8217;s Speaker:<\/strong> Born and raised in Montr\u00e9al (Qu\u00e9bec), Fran\u00e7ois Grondin received his bachelor&#8217;s degree (&#8217;09) in Electrical Engineering from McGill University, and his Master&#8217;s degree (&#8217;11) and Ph.D. degree (&#8217;17) in Electrical Engineering from the Universit\u00e9 de Sherbrooke. He worked as a Postdoctoral Associate at Massachusetts Institute of Technology in CSAIL for two years, and is currently an assistant professor in the Department of Electrical Engineering and Computer Engineering at Universit\u00e9 de Sherbrooke since 2020.<\/p>\n<\/div><\/div>\n\n\n\n<p id=\"block-fa3add08-5383-4fe6-8599-e9315819e1e1\"><\/p>\n\n\n\n<hr class=\"wp-block-separator has-alpha-channel-opacity is-style-wide\"\/>\n\n\n\n<div class=\"wp-block-media-text alignwide is-stacked-on-mobile is-vertically-aligned-top\" style=\"grid-template-columns:40% auto\"><figure class=\"wp-block-media-text__media\"><img loading=\"lazy\" decoding=\"async\" width=\"682\" height=\"1024\" src=\"https:\/\/femexrobotica.org\/mexcir2025\/wp-content\/uploads\/2025\/02\/Foto-Dr-Santibanez-2-682x1024.jpg\" alt=\"\" class=\"wp-image-498 size-full\" srcset=\"https:\/\/femexrobotica.org\/mexcir2025\/wp-content\/uploads\/2025\/02\/Foto-Dr-Santibanez-2-682x1024.jpg 682w, https:\/\/femexrobotica.org\/mexcir2025\/wp-content\/uploads\/2025\/02\/Foto-Dr-Santibanez-2-200x300.jpg 200w, https:\/\/femexrobotica.org\/mexcir2025\/wp-content\/uploads\/2025\/02\/Foto-Dr-Santibanez-2-768x1154.jpg 768w, https:\/\/femexrobotica.org\/mexcir2025\/wp-content\/uploads\/2025\/02\/Foto-Dr-Santibanez-2.jpg 852w\" sizes=\"auto, (max-width: 682px) 100vw, 682px\" \/><\/figure><div class=\"wp-block-media-text__content\">\n<p><strong>Dr<\/strong>. <strong>Victor Adrian Santibanez Davila<\/strong><\/p>\n\n\n\n<p><strong>Instituto Tecnol\u00f3gico de la Laguna<\/strong><\/p>\n\n\n\n<p><strong>Title:<\/strong> Sectorial Fuzzy Control with Adaptive Neural Precompensation for Tracking Control of Robotic Manipulators<\/p>\n\n\n\n<p class=\"has-text-align-left\"><strong>Abstract:<\/strong> This talk will present a novel control architecture that uses an adaptive neural network (NN) for precompensation and a sectoral fuzzy controller in the feedback loop applied to the control of tracking of motion trajectories of manipulator robots. A historical overview of the evolution of the sectoral fuzzy controller in the application of manipulator robots will be presented, emphasizing the original passive properties of the fuzzy control block, which allowed to analytically formalize its application in manipulators, both in regulation and tracking. It will continue with the introduction of new properties of the sectoral fuzzy block, useful to generate strict Lyapunov functions that allow us to guarantee the ful\ufb01llment of the tracking control objective of sectoral fuzzy controllers with precompensation or with adaptive neural precompensation.<\/p>\n\n\n\n<p><strong>Bio&#8217;s Speaker:<\/strong>Dr. V\u00edctor Adri\u00e1n San b\u00e1\u00f1ez D\u00e1vila holds a PhD in Electronics and Telecommunications (1997) from the Center for Scienti\ufb01c Research and Higher Educatio of Ensenada CICESE, a Master of Science in Electrical Engineering (1981) and an Industrial Engineer in Electronics (1976) from the Technological Institute of La Laguna. He worked in the industry at Altos Hornos de M\u00e9xico (1977-1979) and Metal\u00fargica Mexicana Pe\u00f1oles (1979-1980). He completed a research stay by invitation within the Program of Stays for Scientists and Technologists in Spain in the area of robotics at the Institute of Industrial Automation in Madrid, Spain (1989-1990). He is currently a Research Professor at the Technological Institute of La Laguna of TecNM (from 1982 to date). He has been recognized by the National System of Researchers as a National Researcher Level III from January 1, 2020 to December 31, 2034. He has also been a visiting professor at the University of Catalonia in Spain. He has been a member of the SNI Review Committees (Area VII and Transversal Technology). President of the Review Committee of the Program of Researchers for Mexico CONAHCYT 2023. His areas of interest are: robot control, nonlinear control, adaptive control, fuzzy control and control of mechatronic systems.<\/p>\n<\/div><\/div>\n\n\n\n<hr class=\"wp-block-separator has-alpha-channel-opacity is-style-wide\"\/>\n\n\n\n<div class=\"wp-block-media-text is-stacked-on-mobile\" style=\"grid-template-columns:39% auto\"><figure class=\"wp-block-media-text__media\"><img loading=\"lazy\" decoding=\"async\" width=\"375\" height=\"500\" src=\"https:\/\/femexrobotica.org\/mexcir2025\/wp-content\/uploads\/2025\/02\/Hiram-Eredin-Ponce-Espinosa-edited-1.jpg\" alt=\"\" class=\"wp-image-502 size-full\" srcset=\"https:\/\/femexrobotica.org\/mexcir2025\/wp-content\/uploads\/2025\/02\/Hiram-Eredin-Ponce-Espinosa-edited-1.jpg 375w, https:\/\/femexrobotica.org\/mexcir2025\/wp-content\/uploads\/2025\/02\/Hiram-Eredin-Ponce-Espinosa-edited-1-225x300.jpg 225w\" sizes=\"auto, (max-width: 375px) 100vw, 375px\" \/><\/figure><div class=\"wp-block-media-text__content\">\n<p><strong>Dr<\/strong>. <strong>Hiram Ponce<\/strong><\/p>\n\n\n\n<p><strong>Universidad Panamericana<\/strong><\/p>\n\n\n\n<p><strong>Title<\/strong>: The Impact of Robotics and Artificial Intelligence Today<\/p>\n\n\n\n<p class=\"has-text-align-left\"><strong>Abstract:<\/strong> This talk focuses on technological innovation from the perspective of robot development in conjunction with artificial intelligence. Key aspects are addressed for understanding the impact of intelligent robotics in today&#8217;s world.<\/p>\n\n\n\n<p><strong>Bio&#8217;s Speaker:<\/strong> El Profesor Hiram Ponce recibi\u00f3 los grados de Maestr\u00eda en Ciencias de la Ingenier\u00eda y Doctorado en Ciencias Computacionales por el Tecnol\u00f3gico de Monterrey en 2010 y 2013, respectivamente. Desde 2014 labora en la Universidad Panamericana Campus M\u00e9xico, donde ha sido Profesor Investigador Titular D en la Facultad de Ingenier\u00eda, as\u00ed como Coordinador del Doctorado en Inteligencia Artificial. Actualmente es Secretario de Investigaci\u00f3n. Adem\u00e1s es miembro del Sistema Nacional de Investigadores, nivel 1 (por el Consejo Nacional de Ciencia y Tecnolog\u00eda). En 2014 fue reconocido con el \u201cPremio Nacional a Mejor Tesis Doctoral sobre Inteligencia Artificial\u201d por la Sociedad Mexicana de Inteligencia Artificial. En 2017 fue ganador del \u201cPremio Google a la Investigaci\u00f3n\u201d. Cuenta con m\u00e1s de 120 publicaciones en revistas y congresos de prestigio, 4 libros y 9 cap\u00edtulos de libro. Sus intereses de investigaci\u00f3n son inteligencia artificial, rob\u00f3tica, mecatr\u00f3nica y tecnolog\u00edas para la vida asistida.<\/p>\n<\/div><\/div>\n\n\n\n<hr class=\"wp-block-separator has-alpha-channel-opacity is-style-wide\"\/>\n\n\n\n<p><\/p>\n\n\n\n<div class=\"wp-block-media-text is-stacked-on-mobile\" style=\"grid-template-columns:39% auto\"><figure class=\"wp-block-media-text__media\"><img loading=\"lazy\" decoding=\"async\" width=\"970\" height=\"908\" src=\"https:\/\/femexrobotica.org\/mexcir2025\/wp-content\/uploads\/2025\/05\/iGeo.png\" alt=\"\" class=\"wp-image-614 size-full\" srcset=\"https:\/\/femexrobotica.org\/mexcir2025\/wp-content\/uploads\/2025\/05\/iGeo.png 970w, https:\/\/femexrobotica.org\/mexcir2025\/wp-content\/uploads\/2025\/05\/iGeo-300x281.png 300w, https:\/\/femexrobotica.org\/mexcir2025\/wp-content\/uploads\/2025\/05\/iGeo-768x719.png 768w\" sizes=\"auto, (max-width: 970px) 100vw, 970px\" \/><\/figure><div class=\"wp-block-media-text__content\">\n<p><strong>Peter Wallace<\/strong><\/p>\n\n\n\n<p><strong>Civil Engineer and CEO of iGeo Mexico<\/strong><\/p>\n\n\n\n<p><strong>Title<\/strong>: Beyond Bionics: The New Era of Quadruped and Humanoid Robots<\/p>\n\n\n\n<p><strong>Abstract: <\/strong>Advancements in robotics have transformed multiple industries, from security and inspection to research and education. In this keynote speech, we will explore how iGeo Mexico and Unitree Robotics are leading this revolution with its quadruped and humanoid robots. We will delve into their innovative design, advanced mobility capabilities, and seamless integration of artificial intelligence for applications in challenging environments. We will highlight real-world use cases in industrial inspection, search and rescue, automation, and education, showcasing how these robots not only complement but also enhance human work by improving efficiency and safety. Additionally, we will discuss the future of mobile robotics, emerging trends in autonomy and AI-driven decision-making, and the opportunities these advancements present for science and industry. Through live demonstrations and real-world examples, this talk will provide a clear vision of how robotics is shaping the modern world and how Unitree\u2019s technology is driving the next generation of autonomous robots.<\/p>\n\n\n\n<p><strong>Bio&#8217;s Speaker:<\/strong> Born and educated in Ireland he earned a degree in Civil Engineering from the Dublin Institute of Technology. With over 26 years of experience in the geospatial industry, he has worked in the fields of serveying, mapping, and mobile scanning solutions. In 2008, he joined Trimble Geospatial as Global Sales Director, managing renowned brands such as Spectra Precision, Ashtech, Nikon, and Seco. Later, in 2016, he took on the responsabiliy of leading all geospatial business operation for Trimble in Latin America. Throughout his career, he has been a keynote speaker at high-profile international events. Notable appearances include the 2016 Latin America Geospatial Forum in Mexico City adn various global conferences on surveying and construction in the UK, India, Cuba, China, Japan, Russia, France, Argentina, Brazil, and Chile. He is multilingual, fluent in Spanish, Portuguese, English, and his native Gaetic. In June 2024, he became CEO of iGEO Mexico, partnering with Trimble. Currently, he resides in Mexico and continues to drive innovation in geospatial technology.<\/p>\n<\/div><\/div>\n\n\n\n<hr class=\"wp-block-separator has-alpha-channel-opacity is-style-wide\"\/>\n\n\n\n<div class=\"wp-block-media-text is-stacked-on-mobile\" style=\"grid-template-columns:39% auto\"><figure class=\"wp-block-media-text__media\"><img loading=\"lazy\" decoding=\"async\" width=\"694\" height=\"1024\" src=\"https:\/\/femexrobotica.org\/mexcir2025\/wp-content\/uploads\/2025\/06\/download-694x1024.png\" alt=\"\" class=\"wp-image-717 size-full\" srcset=\"https:\/\/femexrobotica.org\/mexcir2025\/wp-content\/uploads\/2025\/06\/download-694x1024.png 694w, https:\/\/femexrobotica.org\/mexcir2025\/wp-content\/uploads\/2025\/06\/download-203x300.png 203w, https:\/\/femexrobotica.org\/mexcir2025\/wp-content\/uploads\/2025\/06\/download-768x1134.png 768w, https:\/\/femexrobotica.org\/mexcir2025\/wp-content\/uploads\/2025\/06\/download.png 823w\" sizes=\"auto, (max-width: 694px) 100vw, 694px\" \/><\/figure><div class=\"wp-block-media-text__content\">\n<p><strong>Nahum Camacho Zamora<\/strong><\/p>\n\n\n\n<p><strong><strong>Frigate Captain SIA IMN<\/strong><\/strong><\/p>\n\n\n\n<p><strong>Title<\/strong>: Challenges in the development of intelligent unmanned aerial vehicles for the Navy<\/p>\n\n\n\n<p><strong>Abstract: <\/strong>The Mexican Navy has incorporated emerging technologies to strengthen its operational and surveillance capabilities across land, maritime, and coastal environments. In this context, the development of intelligent UAVs represents a strategic area with high potential, but also significant technical, logistical, and ethical challenges. This conference will address the main challenges involved in developing UAVs equipped with intelligent capabilities, focused on missions such as reconnaissance, search and rescue, and maritime security \u2014 all aimed at supporting the civilian population. Key aspects to be discussed include autonomous decision-making, integration with existing naval systems, resilience to adverse weather conditions, and protection against threats that may pose a risk to the aircraft. The importance of inter-institutional collaboration, the development of specialised talent, and the promotion of national technological innovation will be highlighted as key pillars in advancing towards a reliable and operational ecosystem of intelligent UAVs. Strategic perspectives will also be shared regarding the role of these technologies in enhancing Mexico\u2019s maritime sovereignty and security.<\/p>\n\n\n\n<p><strong>Bio&#8217;s Speaker:<\/strong> Nahum Camacho Zamora joined the Mexican Navy\u2019s School of Engineers, graduating in 2007 as the top cadet with an honorary mention. He earned the title of Naval Mechanical Engineer in 2008 after completing residencies across various Navy units. In 2011, he joined INIDETAM, working on the UAV project as an aerodynamic and mechanical designer, which was presented to President Felipe Calder\u00f3n in 2012. That same year, he enrolled at the Naval Postgraduate School (USA), researching solar aircraft swarms for the U.S. Marine Corps. In 2014, he earned a Master of Science in Mechanical Engineering and Mechanical Engineer degree, receiving the Outstanding Thesis Award. He led the development of an Autonomous Tactical Aerial Reconnaissance System, delivered in 2018 for naval and civilian support operations. In 2019, he became the technical lead before CONACYT for a hybrid VTOL UAV system, advancing research in aerodynamics, avionics, and control systems. He co-organizes the Mexican Symposium on Unmanned Aerial Vehicles, showcasing national research and innovation. Camacho is recognized as a leading figure in UAV development in Mexico and Latin America. His projects demonstrate technological parity with international UAV systems. He continues to contribute significantly to aerospace innovation within the Mexican Navy.<\/p>\n\n\n\n<p><\/p>\n<\/div><\/div>\n\n\n\n<hr class=\"wp-block-separator has-alpha-channel-opacity is-style-wide\"\/>\n\n\n\n<div class=\"wp-block-media-text is-stacked-on-mobile\" style=\"grid-template-columns:38% auto\"><figure class=\"wp-block-media-text__media\"><img loading=\"lazy\" decoding=\"async\" width=\"199\" height=\"253\" src=\"https:\/\/femexrobotica.org\/mexcir2025\/wp-content\/uploads\/2025\/05\/unnamed-1.png\" alt=\"\" class=\"wp-image-629 size-full\"\/><\/figure><div class=\"wp-block-media-text__content\">\n<p><strong>Jens Grossklags<\/strong><\/p>\n\n\n\n<p><strong>Technical University of Munich<\/strong><\/p>\n\n\n\n<p><strong>Title<\/strong>: Cybernetic Avatars, generative AI and the Metaverse: Expert and Laypeople Visions of a Desirable Future<\/p>\n\n\n\n<p><strong>Abstract: <\/strong>How do laypeople and experts around the world assess the role of advanced technology when reasoning about a desirable future? Using the scenarios of cybernetic avatars, generative AI and the metaverse, this talk provides an overview across a series of multi-national studies that draw on \u201cfuturing\u201d methodologies, which enable us to strategically think about future developments and their societal implications. In our studies, participants from countries including Japan, Germany, Nigeria, and Taiwan creatively envisioned uses of technologies, explored the consequences of technology deployment, assessed risks, and derived measures to achieve goals for the successful integration of technology in society.<\/p>\n\n\n\n<p><strong>Bio&#8217;s Speaker:<\/strong> Jens Grossklags&nbsp;holds the Professorship for Cyber Trust at the Department of Computer Science at the Technical University of Munich. He studies security and privacy challenges from the economic, technical,&nbsp;and behavioral perspectives with a variety of methodologies. Jens Grossklags received his Ph.D. from the University of California, Berkeley,&nbsp;and was a Postdoctoral Research Associate at the Center for Information Technology Policy at Princeton University. He then served as the Haile Family Early Career Professor at the Pennsylvania State University.<\/p>\n<\/div><\/div>\n\n\n\n<p><\/p>\n","protected":false},"excerpt":{"rendered":"<p>Dr. Francois Grondin Universit\u00e9 de Sherbrooke Title: Sound Source Localization in Robot Audition Abstract: This presentation introduces some key concepts in robot audition, and more specifically addresses the challenge of sound source localization (SSL). SSL provides machines with audio spatial<\/p>\n","protected":false},"author":1,"featured_media":0,"parent":0,"menu_order":0,"comment_status":"closed","ping_status":"closed","template":"","meta":{"footnotes":""},"class_list":["post-464","page","type-page","status-publish","hentry"],"_links":{"self":[{"href":"https:\/\/femexrobotica.org\/mexcir2025\/index.php\/wp-json\/wp\/v2\/pages\/464","targetHints":{"allow":["GET"]}}],"collection":[{"href":"https:\/\/femexrobotica.org\/mexcir2025\/index.php\/wp-json\/wp\/v2\/pages"}],"about":[{"href":"https:\/\/femexrobotica.org\/mexcir2025\/index.php\/wp-json\/wp\/v2\/types\/page"}],"author":[{"embeddable":true,"href":"https:\/\/femexrobotica.org\/mexcir2025\/index.php\/wp-json\/wp\/v2\/users\/1"}],"replies":[{"embeddable":true,"href":"https:\/\/femexrobotica.org\/mexcir2025\/index.php\/wp-json\/wp\/v2\/comments?post=464"}],"version-history":[{"count":28,"href":"https:\/\/femexrobotica.org\/mexcir2025\/index.php\/wp-json\/wp\/v2\/pages\/464\/revisions"}],"predecessor-version":[{"id":730,"href":"https:\/\/femexrobotica.org\/mexcir2025\/index.php\/wp-json\/wp\/v2\/pages\/464\/revisions\/730"}],"wp:attachment":[{"href":"https:\/\/femexrobotica.org\/mexcir2025\/index.php\/wp-json\/wp\/v2\/media?parent=464"}],"curies":[{"name":"wp","href":"https:\/\/api.w.org\/{rel}","templated":true}]}}