{"id":29,"date":"2023-09-13T22:25:27","date_gmt":"2023-09-13T22:25:27","guid":{"rendered":"https:\/\/femexrobotica.org\/eir2023-2024\/?page_id=29"},"modified":"2025-06-20T18:45:57","modified_gmt":"2025-06-21T00:45:57","slug":"committee","status":"publish","type":"page","link":"https:\/\/femexrobotica.org\/mexcir2025\/index.php\/committee\/","title":{"rendered":"Organizing Committee"},"content":{"rendered":"\n<h2 class=\"wp-block-heading\"><strong>General Chairs<\/strong><\/h2>\n\n\n\n<p>Dr. Zobeida Jezabel Guzm\u00e1n Zavaleta<\/p>\n\n\n\n<p>Dr. Humberto Sossa Azuela<\/p>\n\n\n\n<p>Dr. Jos\u00e9 Mart\u00ednez Carranza<\/p>\n\n\n\n<p><\/p>\n\n\n\n<h2 class=\"wp-block-heading\"><strong>Program Chair<\/strong><\/h2>\n\n\n\n<p>Dr. Marco Antonio Negrete Villanueva<\/p>\n\n\n\n<p><\/p>\n\n\n\n<h2 class=\"wp-block-heading\"><strong>Program Committee<\/strong><\/h2>\n\n\n\n<ul class=\"wp-block-list\">\n<li>Alejandra Hern\u00e1ndez S\u00e1nchez<\/li>\n\n\n\n<li>Alejandro Guti\u00e9rrez Giles<\/li>\n\n\n\n<li>Carlos Ricardo Cruz Mendoza<\/li>\n\n\n\n<li>Cesar Mart\u00ednez Torres<\/li>\n\n\n\n<li>Daniel Swoboda<\/li>\n\n\n\n<li>Esteban Tlelo Coyotecatl<\/li>\n\n\n\n<li>Gabriel Ram\u00edrez Torres<\/li>\n\n\n\n<li>H\u00e9ctor Hugo Avil\u00e9s Arriaga<\/li>\n\n\n\n<li>Javier Sald\u00edvar P\u00e9rez<\/li>\n\n\n\n<li>Miguel Angel Rojas Andrade<\/li>\n\n\n\n<li>Mireille Caruana<\/li>\n\n\n\n<li>Nilda Gabriela Xolo Tlapanco<\/li>\n\n\n\n<li>\u00d3scar Francisco Fuentes Casarrubias<\/li>\n\n\n\n<li>Oziel Pe\u00f1a Gamboa<\/li>\n\n\n\n<li>Roger Miranda Colorado<\/li>\n\n\n\n<li>Rub\u00e9n Machucho Cadena<\/li>\n\n\n\n<li>Tonatiuh Daniel Vanegas S\u00e1nchez<\/li>\n\n\n\n<li>Ver\u00f3nica Rodr\u00edguez L\u00f3pez<\/li>\n<\/ul>\n\n\n\n<p><\/p>\n\n\n\n<p><\/p>\n\n\n\n<p><\/p>\n\n\n\n<p><\/p>\n","protected":false},"excerpt":{"rendered":"<p>General Chairs Dr. Zobeida Jezabel Guzm\u00e1n Zavaleta Dr. Humberto Sossa Azuela Dr. Jos\u00e9 Mart\u00ednez Carranza Program Chair Dr. Marco Antonio Negrete Villanueva Program Committee<\/p>\n","protected":false},"author":1,"featured_media":0,"parent":0,"menu_order":1,"comment_status":"closed","ping_status":"closed","template":"","meta":{"footnotes":""},"class_list":["post-29","page","type-page","status-publish","hentry"],"_links":{"self":[{"href":"https:\/\/femexrobotica.org\/mexcir2025\/index.php\/wp-json\/wp\/v2\/pages\/29","targetHints":{"allow":["GET"]}}],"collection":[{"href":"https:\/\/femexrobotica.org\/mexcir2025\/index.php\/wp-json\/wp\/v2\/pages"}],"about":[{"href":"https:\/\/femexrobotica.org\/mexcir2025\/index.php\/wp-json\/wp\/v2\/types\/page"}],"author":[{"embeddable":true,"href":"https:\/\/femexrobotica.org\/mexcir2025\/index.php\/wp-json\/wp\/v2\/users\/1"}],"replies":[{"embeddable":true,"href":"https:\/\/femexrobotica.org\/mexcir2025\/index.php\/wp-json\/wp\/v2\/comments?post=29"}],"version-history":[{"count":30,"href":"https:\/\/femexrobotica.org\/mexcir2025\/index.php\/wp-json\/wp\/v2\/pages\/29\/revisions"}],"predecessor-version":[{"id":713,"href":"https:\/\/femexrobotica.org\/mexcir2025\/index.php\/wp-json\/wp\/v2\/pages\/29\/revisions\/713"}],"wp:attachment":[{"href":"https:\/\/femexrobotica.org\/mexcir2025\/index.php\/wp-json\/wp\/v2\/media?parent=29"}],"curies":[{"name":"wp","href":"https:\/\/api.w.org\/{rel}","templated":true}]}}