{"id":11,"date":"2024-12-16T20:54:29","date_gmt":"2024-12-17T02:54:29","guid":{"rendered":"https:\/\/femexrobotica.org\/eir2023-2024\/?page_id=11"},"modified":"2024-12-16T23:17:41","modified_gmt":"2024-12-17T05:17:41","slug":"first-mexican-conference-intelligent-robots","status":"publish","type":"page","link":"https:\/\/femexrobotica.org\/mexcir2025\/","title":{"rendered":"First Mexican Conference Intelligent Robots"},"content":{"rendered":"\n<h1 class=\"wp-block-heading\">Conference<\/h1>\n\n\n\n<p><\/p>\n\n\n\n<p><strong>The Mexican Robotics Federation<\/strong> and the <strong>Universidad de Las Am\u00e9ricas Puebla (UDLAP)<\/strong> are organizing for the first time the <strong>1st Mexican Conference on Intelligent Robots (MEXCIR) 2025<\/strong> to foster the development of robotics and to gather enthusiasts and professionals from different communities to discuss the challenges of intelligent robots.&nbsp;<br><\/p>\n\n\n\n<p>The three days of the conference will include international keynote speakers, tutorials, panels, and presentations from works accepted after a peer-review process. Check out the Call for Chapters <a href=\"https:\/\/femexrobotica.org\/mexcir2025\/index.php\/cfc\/\" data-type=\"link\" data-id=\"https:\/\/femexrobotica.org\/mexcir2025\/index.php\/cfc\/\">here<\/a>.<\/p>\n\n\n\n<p>Accepted manuscripts will be published as chapters of a book that will be edited by the Mexican Robotics Federation and published in 2025 by a highly reputable international publisher.&nbsp;<br><\/p>\n\n\n\n<h2 class=\"wp-block-heading\" id=\"block-5eeddd6e-3806-458c-ae69-aab6c9045eaa\">Venue<\/h2>\n\n\n\n<p id=\"block-a3e56082-d18b-47dc-87a1-8d751307f134\">The MEXCIR 2025 will take place at the facilities of UDLAP Extensi\u00f3n, located in Mexico City. on Av Reforma 180 Col. Ju\u00e1rez. Alc. Cuauht\u00e9moc 06600. CDMX<\/p>\n\n\n\n<h2 class=\"wp-block-heading\" id=\"block-186447b8-a234-4bbd-9fc1-1ac9415661e0\"><\/h2>\n\n\n\n<h2 class=\"wp-block-heading\">Contact<\/h2>\n\n\n\n<p>For inquiries please write to: <a href=\"mailto:marco.negrete@ingenieria.unam.edu\">marco.negrete@ingenieria.unam.edu<\/a><\/p>\n\n\n\n<p><\/p>\n","protected":false},"excerpt":{"rendered":"<p>Conference The Mexican Robotics Federation and the Universidad de Las Am\u00e9ricas Puebla (UDLAP) are organizing for the first time the 1st Mexican Conference on Intelligent Robots (MEXCIR) 2025 to foster the development of robotics and to gather enthusiasts and professionals<\/p>\n","protected":false},"author":1,"featured_media":0,"parent":0,"menu_order":0,"comment_status":"closed","ping_status":"closed","template":"","meta":{"footnotes":""},"class_list":["post-11","page","type-page","status-publish","hentry"],"_links":{"self":[{"href":"https:\/\/femexrobotica.org\/mexcir2025\/index.php\/wp-json\/wp\/v2\/pages\/11","targetHints":{"allow":["GET"]}}],"collection":[{"href":"https:\/\/femexrobotica.org\/mexcir2025\/index.php\/wp-json\/wp\/v2\/pages"}],"about":[{"href":"https:\/\/femexrobotica.org\/mexcir2025\/index.php\/wp-json\/wp\/v2\/types\/page"}],"author":[{"embeddable":true,"href":"https:\/\/femexrobotica.org\/mexcir2025\/index.php\/wp-json\/wp\/v2\/users\/1"}],"replies":[{"embeddable":true,"href":"https:\/\/femexrobotica.org\/mexcir2025\/index.php\/wp-json\/wp\/v2\/comments?post=11"}],"version-history":[{"count":28,"href":"https:\/\/femexrobotica.org\/mexcir2025\/index.php\/wp-json\/wp\/v2\/pages\/11\/revisions"}],"predecessor-version":[{"id":437,"href":"https:\/\/femexrobotica.org\/mexcir2025\/index.php\/wp-json\/wp\/v2\/pages\/11\/revisions\/437"}],"wp:attachment":[{"href":"https:\/\/femexrobotica.org\/mexcir2025\/index.php\/wp-json\/wp\/v2\/media?parent=11"}],"curies":[{"name":"wp","href":"https:\/\/api.w.org\/{rel}","templated":true}]}}