{"id":582,"date":"2025-01-16T19:04:10","date_gmt":"2025-01-17T01:04:10","guid":{"rendered":"https:\/\/femexrobotica.org\/imav2025\/?page_id=582"},"modified":"2025-09-27T14:35:06","modified_gmt":"2025-09-27T20:35:06","slug":"welcome","status":"publish","type":"page","link":"https:\/\/femexrobotica.org\/imav2025\/index.php\/welcome\/","title":{"rendered":"Welcome"},"content":{"rendered":"\n<h2 class=\"wp-block-heading\">Welcome to the IMAV 2025!<\/h2>\n\n\n\n<p>The IMAV is an annual international event bringing together scientists, technologists, and enthusiasts on the research and technological development of Micro-Air Vehicles (MAVs).<\/p>\n\n\n\n<p>The 16th IMAV 2025 will be held in Mexico, in the City of San Andres Cholula, in the State of Puebla, between the 3rd to the 7th of November, 2025.<\/p>\n\n\n\n<p><span style=\"box-sizing: border-box; margin: 0px; padding: 0px;\">The <a href=\"https:\/\/femexrobotica.org\/\" data-type=\"link\" data-id=\"https:\/\/femexrobotica.org\/\">Mexican Robotics Federation <\/a>will run the&nbsp;organization<\/span> in collaboration with Mexican academic institutions: The <strong>Instituto Nacional de Astrof\u00edsica \u00d3ptica y Electr\u00f3nica<\/strong> (INAOE); the <strong>Universidad de las Am\u00e9ricas Puebla<\/strong> (UDLAP), the <strong>Benemerita Universidad Autonoma de Puebla<\/strong> (BUAP) and <strong>Centro de Investigaci\u00f3n y de Estudios Avanzados del Instituto Polit\u00e9cnico Nacional (Cinvestav)<\/strong>, Unidad Zacatenco.<\/p>\n\n\n\n<p>You are welcome to join the competition, present your ideas at the conference, or participate as an attendee. We look forward to seeing you at the IMAV 2025!<\/p>\n\n\n\n<BR>\n<BR>\n<font face=\"sans-serif\" color=\"#222222\" size=\"2\">\n<a href=\"https:\/\/ccc.inaoep.mx\/~carranza\/\">\n<B>Jose Martinez-Carranza, PhD<\/B><BR>\n<\/a>\n<B>IMAV 2025 General Chair<\/B>\n<BR>\n<B>President of the Mexican Robotics Federation<\/B>\n<\/font>\n<BR>\n<font face=\"sans-serif\" color=\"#666666\" size=\"2\">\n<BR>Senior Research Scientist C \n<BR>(Full Professor) \n<BR><b>SNI-Level 2 (2024-2028) <\/b>\n<BR><b>\nRoyal Society-Newton Advanced Fellowship (2015-2018)\n<\/b>\n<br>\n<br>\nComputer Science Department, Office 8219 \n<BR>Instituto Nacional de Astrofisica Optica y Electronica \n<BR>Luis Enrique Erro No. 1,\n<BR>Sta. Ma. Tonantzintla, Puebla\n<BR>CP 72840 Mexico \n<BR>\n\nTel: +52 222 2663100 (internal 8219 or 8302)<BR>\nFax: +52 222 2663152<BR>\ncarranza at inaoep dot mx\n<BR>\n<BR>\n<\/font>\n\n\n\n<figure class=\"wp-block-image\"><img loading=\"lazy\" decoding=\"async\" width=\"1022\" height=\"428\" src=\"https:\/\/femexrobotica.org\/imav2025\/wp-content\/uploads\/2025\/01\/piramide_s.jpg\" alt=\"\" class=\"wp-image-559\" srcset=\"https:\/\/femexrobotica.org\/imav2025\/wp-content\/uploads\/2025\/01\/piramide_s.jpg 1022w, https:\/\/femexrobotica.org\/imav2025\/wp-content\/uploads\/2025\/01\/piramide_s-300x126.jpg 300w, https:\/\/femexrobotica.org\/imav2025\/wp-content\/uploads\/2025\/01\/piramide_s-768x322.jpg 768w\" sizes=\"auto, (max-width: 1022px) 100vw, 1022px\" \/><\/figure>\n\n\n\n<figure class=\"wp-block-image\"><img loading=\"lazy\" decoding=\"async\" width=\"1510\" height=\"302\" src=\"https:\/\/femexrobotica.org\/imav2025\/wp-content\/uploads\/2025\/01\/logosBanner.jpg\" alt=\"\" class=\"wp-image-549\" srcset=\"https:\/\/femexrobotica.org\/imav2025\/wp-content\/uploads\/2025\/01\/logosBanner.jpg 1510w, https:\/\/femexrobotica.org\/imav2025\/wp-content\/uploads\/2025\/01\/logosBanner-300x60.jpg 300w, https:\/\/femexrobotica.org\/imav2025\/wp-content\/uploads\/2025\/01\/logosBanner-1024x205.jpg 1024w, https:\/\/femexrobotica.org\/imav2025\/wp-content\/uploads\/2025\/01\/logosBanner-768x154.jpg 768w\" sizes=\"auto, (max-width: 1510px) 100vw, 1510px\" \/><\/figure>\n","protected":false},"excerpt":{"rendered":"<p>Welcome to the IMAV 2025! The IMAV is an annual international event bringing together scientists, technologists, and enthusiasts on the research and technological development of Micro-Air Vehicles (MAVs). The 16th IMAV 2025 will be held in Mexico, in the City<\/p>\n","protected":false},"author":1,"featured_media":0,"parent":0,"menu_order":0,"comment_status":"closed","ping_status":"closed","template":"","meta":{"_eb_attr":"","footnotes":""},"class_list":["post-582","page","type-page","status-publish","hentry"],"featured_image_src":null,"_links":{"self":[{"href":"https:\/\/femexrobotica.org\/imav2025\/index.php\/wp-json\/wp\/v2\/pages\/582","targetHints":{"allow":["GET"]}}],"collection":[{"href":"https:\/\/femexrobotica.org\/imav2025\/index.php\/wp-json\/wp\/v2\/pages"}],"about":[{"href":"https:\/\/femexrobotica.org\/imav2025\/index.php\/wp-json\/wp\/v2\/types\/page"}],"author":[{"embeddable":true,"href":"https:\/\/femexrobotica.org\/imav2025\/index.php\/wp-json\/wp\/v2\/users\/1"}],"replies":[{"embeddable":true,"href":"https:\/\/femexrobotica.org\/imav2025\/index.php\/wp-json\/wp\/v2\/comments?post=582"}],"version-history":[{"count":11,"href":"https:\/\/femexrobotica.org\/imav2025\/index.php\/wp-json\/wp\/v2\/pages\/582\/revisions"}],"predecessor-version":[{"id":1220,"href":"https:\/\/femexrobotica.org\/imav2025\/index.php\/wp-json\/wp\/v2\/pages\/582\/revisions\/1220"}],"wp:attachment":[{"href":"https:\/\/femexrobotica.org\/imav2025\/index.php\/wp-json\/wp\/v2\/media?parent=582"}],"curies":[{"name":"wp","href":"https:\/\/api.w.org\/{rel}","templated":true}]}}