{"id":35,"date":"2023-09-13T22:26:45","date_gmt":"2023-09-13T22:26:45","guid":{"rendered":"https:\/\/femexrobotica.org\/eir2023-2024\/?page_id=35"},"modified":"2025-10-27T23:21:54","modified_gmt":"2025-10-28T05:21:54","slug":"cfc","status":"publish","type":"page","link":"https:\/\/femexrobotica.org\/imav2025\/index.php\/cfc\/","title":{"rendered":"Call for Papers"},"content":{"rendered":"\n<h1 class=\"wp-block-heading has-text-align-center\"><strong>CALL FOR PAPERS<\/strong><\/h1>\n\n\n\n<h1 class=\"wp-block-heading\"><strong>IMAV 2025: 16th INTERNATIONAL MICRO AIR VEHICLE CONFERENCE<\/strong><\/h1>\n\n\n\n<p>The International Micro Air Vehicle Conference and Competitions (IMAV) is a yearly event that aims at fostering key technologies for the development of micro-air vehicles. Since early editions, the IMAV has offered a pioneer event format where competitions are carried out alongside a two-day conference. Highly recognized members of the community are invited to deliver keynotes, while academics are invited to submit research and technical papers. After a peer-reviewed process, accepted papers are presented during the conference.<\/p>\n\n\n\n<div style=\"height:32px\" aria-hidden=\"true\" class=\"wp-block-spacer\"><\/div>\n\n\n\n<div class=\"wp-block-buttons is-layout-flex wp-block-buttons-is-layout-flex\">\n<div class=\"wp-block-button\"><a class=\"wp-block-button__link wp-element-button\" href=\"https:\/\/femexrobotica.org\/imav2025\/wp-content\/uploads\/2025\/07\/CFP_IMAV2025_extension_final.pdf\" target=\"_blank\" rel=\"noreferrer noopener\"><mark style=\"background-color:rgba(0, 0, 0, 0)\" class=\"has-inline-color has-vivid-green-cyan-color\">Download Call for Papers here<\/mark><\/a><\/div>\n<\/div>\n\n\n\n<hr class=\"wp-block-separator has-alpha-channel-opacity is-style-wide\"\/>\n\n\n\n<h2 class=\"wp-block-heading alignwide has-text-align-center\"><strong><mark style=\"background-color:rgba(0, 0, 0, 0)\" class=\"has-inline-color has-vivid-green-cyan-color\">Important Dates<\/mark><\/strong><\/h2>\n\n\n\n<figure class=\"wp-block-table\"><table class=\"has-fixed-layout\"><tbody><tr><td><strong>Conference website<\/strong><\/td><td><a href=\"https:\/\/femexrobotica.org\/imav2025\/\">IMAV2025<\/a><\/td><\/tr><tr><td><strong>Paper Submission Deadline<\/strong><\/td><td><s>June 21, 2025 (23:59 Pacific Time)<br><\/s><strong><strong>August<\/strong> 11, 2025 (23:59 Pacific Time)<\/strong><\/td><\/tr><tr><td><strong>Notification of Acceptance<\/strong><\/td><td><s>August 03, 2025<br><\/s><strong><strong>September<\/strong> 12, 2025<\/strong><\/td><\/tr><tr><td><strong>Camera-ready<\/strong><\/td><td><s>August 31, 2025 (23:59 Pacific Time)<br><\/s><strong>September 30, 2025 (23:59 Pacific Time)<\/strong><\/td><\/tr><tr><td><strong>Registration<\/strong><\/td><td><s>Early: August 31, 2025<br><\/s><strong>Early: <strong>September<\/strong> 30, 2025<\/strong><\/td><\/tr><\/tbody><\/table><\/figure>\n\n\n\n<p>This edition of the IMAV will be held in the Universidad de las Am\u00e9ricas Puebla (UDLAP) located in the city of San Andres Cholula, in the State of Puebla, M\u00e9xico. The conference will take place from the 3rd to 7th of November, 2025.<\/p>\n\n\n\n<div class=\"wp-block-columns is-layout-flex wp-container-core-columns-is-layout-28f84493 wp-block-columns-is-layout-flex\">\n<div class=\"wp-block-column is-layout-flow wp-block-column-is-layout-flow\">\n<p><strong>Topics for scientific and technical papers include, but are not limited to:<\/strong><\/p>\n\n\n\n<ul class=\"wp-block-list\">\n<li>Low Reynolds number aerodynamics<\/li>\n\n\n\n<li>Unsteady aerodynamics<\/li>\n\n\n\n<li>Smart morphing materials<\/li>\n\n\n\n<li>Propulsion set and new energy sources<\/li>\n\n\n\n<li>Autonomous navigation<\/li>\n\n\n\n<li>Autonomous Drone Racing<\/li>\n\n\n\n<li>Cooperation and formation flight<\/li>\n\n\n\n<li>Control theory and state estimation<\/li>\n\n\n\n<li>Computer vision for MAVs<\/li>\n\n\n\n<li>Sense &amp; avoid Integration of UAVs in airspace<\/li>\n\n\n\n<li>Reconfiguration in unpredicted events<\/li>\n\n\n\n<li>New MAV architectures<\/li>\n\n\n\n<li>Characterization of noise emission for MAVs<\/li>\n\n\n\n<li>Low noise and noise mitigation<\/li>\n<\/ul>\n<\/div>\n\n\n\n<div class=\"wp-block-column is-layout-flow wp-block-column-is-layout-flow\">\n<p class=\"has-text-align-left\">        <strong>Dedicated applicative sessions will be set up for the following topics:<\/strong><\/p>\n\n\n\n<ul class=\"wp-block-list\">\n<li>Atmospheric research<\/li>\n\n\n\n<li>Archaeological research<\/li>\n\n\n\n<li>Search and rescue operations<\/li>\n\n\n\n<li>Industrial inspection<\/li>\n\n\n\n<li>Agriculture &amp; environment<\/li>\n\n\n\n<li>Artificial Intelligence for MAVs<\/li>\n\n\n\n<li>Ethics &amp; Regulations<\/li>\n\n\n\n<li>Societal impact of MAVs<\/li>\n<\/ul>\n<\/div>\n<\/div>\n\n\n\n<h2 class=\"wp-block-heading\"><strong>Submission Guidelines<\/strong><\/h2>\n\n\n\n<p>Authors are encouraged to present research related to MAVs, from fundamental knowledge in disciplinary topics to cross-disciplinary technological innovation and the use of MAVs to other research fields. Dedicated applicative sessions will be set up. <\/p>\n\n\n\n<p><strong>Scientific<\/strong>&nbsp;and&nbsp;<strong>technical<\/strong>&nbsp;sessions will be organized. The authors will have 20 minutes to present their work, respectively.&nbsp;<strong>Technical papers<\/strong>&nbsp;and&nbsp;<strong>Scientific papers<\/strong>&nbsp;will be submitted as draft papers. Papers should have a minimum of 6 pages. 2 extra pages will be allowed for a maximum number of 8 pages.<\/p>\n\n\n\n<p>Authors must use the conference template, which can be downloaded from the conference website at:&nbsp;<a href=\"https:\/\/femexrobotica.org\/imav2025\/index.php\/paper-submission\/\" data-type=\"page\" data-id=\"775\">Paper submission<\/a><\/p>\n\n\n\n<p>Authors are encouraged to include their&nbsp;<a href=\"https:\/\/orcid.org\/\" target=\"_blank\" rel=\"noreferrer noopener\">ORCIDs<\/a>&nbsp;in their papers. The papers should be submitted electronically through the&nbsp;<a href=\"https:\/\/cmt3.research.microsoft.com\/User\/Login?ReturnUrl=%2FIMAV2025\">Microsoft CMT<\/a><\/p>\n\n\n\n<hr class=\"wp-block-separator has-alpha-channel-opacity\"\/>\n\n\n\n<h2 class=\"wp-block-heading has-text-align-center\"><strong>Author Fees<\/strong><\/h2>\n\n\n\n<p class=\"has-text-align-center\">For registration instructions, please check&nbsp;Registration instructions.<\/p>\n\n\n\n<p><\/p>\n\n\n\n<figure class=\"wp-block-pullquote\"><blockquote><p>EARLY (Before September 30, 2025)<\/p><cite>students<br>$300 USD<br><br>non-students<br>$600 USD<br><br><strong>Max. Number of pages<\/strong><br>6<\/cite><\/blockquote><\/figure>\n\n\n\n<figure class=\"wp-block-pullquote\"><blockquote><p><strong><mark style=\"background-color:rgba(0, 0, 0, 0)\" class=\"has-inline-color has-vivid-red-color\">REGULAR (After September 30, 2025)<\/mark><\/strong><\/p><cite>students<br>$400 USD<br><br>non-students<br>$700 USD<br><br><strong>Max. Number of pages<\/strong><br>6<\/cite><\/blockquote><\/figure>\n\n\n\n<figure class=\"wp-block-pullquote\"><blockquote><p>EXTRA FEE<\/p><cite>EXTRA PAGE<br>$50 USD<br><br><strong>Max. 2 pages<\/strong><\/cite><\/blockquote><\/figure>\n\n\n\n<p><\/p>\n\n\n\n<h2 class=\"wp-block-heading\"><strong>Special Issues<\/strong><\/h2>\n\n\n\n<p>Based on the quality of the papers and after a thorough evaluation by the IMAV\u2019s international committee, selected papers and Finalist to the \u201cBest Conference Paper Award\u201d will be offered to be published in one of the following two Journals:<\/p>\n\n\n\n<ul class=\"wp-block-list\">\n<li><a href=\"https:\/\/journals.sagepub.com\/home\/mav\" target=\"_blank\" rel=\"noreferrer noopener\">International Journal of Micro Air Vehicles&nbsp;<\/a>(note that the Article Processing Charges will be waived).<\/li>\n\n\n\n<li><a href=\"https:\/\/www.worldscientific.com\/worldscinet\/us\" target=\"_blank\" rel=\"noreferrer noopener\">Unmanned Systems<\/a><\/li>\n<\/ul>\n\n\n\n<hr class=\"wp-block-separator has-alpha-channel-opacity\"\/>\n\n\n\n<h2 class=\"wp-block-heading\"><strong>Proceedings<\/strong><\/h2>\n\n\n\n<p>The proceedings of the conference will only be available on-line with free access for anybody.<\/p>\n\n\n\n<hr class=\"wp-block-separator has-alpha-channel-opacity\"\/>\n\n\n\n<h2 class=\"wp-block-heading\"><strong>Committees<\/strong><\/h2>\n\n\n\n<h2 class=\"wp-block-heading\">International Program Committee<\/h2>\n\n\n\n<div class=\"wp-block-columns is-layout-flex wp-container-core-columns-is-layout-28f84493 wp-block-columns-is-layout-flex\">\n<div class=\"wp-block-column is-layout-flow wp-block-column-is-layout-flow\">\n<ul class=\"wp-block-list\">\n<li>Bart Remes, TU Delft, The Netherlands<\/li>\n\n\n\n<li>Ben M. Chen, The Chinese University of Hong Kong, China<\/li>\n\n\n\n<li>Christophe De Wagter, TU Delft, The Netherlands<\/li>\n\n\n\n<li>Dieter Moormann, RWTH Aachen University, Germany<\/li>\n\n\n\n<li>Gautier Hattenberger, ENAC, Toulouse, France<\/li>\n\n\n\n<li>Guido de Croon, TU Delft, The Netherlands<\/li>\n\n\n\n<li>Hector Garcia De Marina, U.C.M., Granada, Spain<\/li>\n\n\n\n<li>Jean-Marc Moschetta, ISAE-SUPAERO, France<\/li>\n\n\n\n<li>Jose Martinez-Carranza, INAOE, Puebla, M\u00e9xico<\/li>\n\n\n\n<li>Leandro Lustosa, ISAE-SUPAERO, France<\/li>\n\n\n\n<li>Mohamed Abdulghani, RMIT University, Melbourne, Australia<\/li>\n<\/ul>\n<\/div>\n\n\n\n<div class=\"wp-block-column is-layout-flow wp-block-column-is-layout-flow\">\n<ul class=\"wp-block-list\">\n<li>Murat Bronz, ENAC, Toulouse, France<\/li>\n\n\n\n<li>Pascual Campoy, U.P.M., Madrid, Spain<\/li>\n\n\n\n<li>Renaud Kiefer, INSA, Strasbourg, France<\/li>\n\n\n\n<li>Simon Watkins, RMIT University, Australia<\/li>\n\n\n\n<li>Thipyopas Chinnapat, Kasetsart University, Thailand<\/li>\n\n\n\n<li>Tom Richardson, Univ. of Bristol, UK<\/li>\n<\/ul>\n<\/div>\n<\/div>\n\n\n\n<div class=\"wp-block-columns is-layout-flex wp-container-core-columns-is-layout-28f84493 wp-block-columns-is-layout-flex\">\n<div class=\"wp-block-column is-layout-flow wp-block-column-is-layout-flow\">\n<hr class=\"wp-block-separator has-alpha-channel-opacity is-style-wide\"\/>\n<\/div>\n<\/div>\n\n\n\n<div class=\"wp-block-columns is-layout-flex wp-container-core-columns-is-layout-28f84493 wp-block-columns-is-layout-flex\">\n<div class=\"wp-block-column is-layout-flow wp-block-column-is-layout-flow\">\n<div class=\"wp-block-columns is-layout-flex wp-container-core-columns-is-layout-28f84493 wp-block-columns-is-layout-flex\">\n<div class=\"wp-block-column is-layout-flow wp-block-column-is-layout-flow\">\n<h2 class=\"wp-block-heading has-text-align-center\"><mark style=\"background-color:rgba(0, 0, 0, 0)\" class=\"has-inline-color has-vivid-green-cyan-color\"><strong>Organizing Committee<\/strong><\/mark><\/h2>\n\n\n\n<p class=\"has-text-align-center\">For all inquiries, please Contact:&nbsp;<\/p>\n\n\n\n<p><a href=\"mailto:imav2021@inaoep.mx\">soporte.ejecutivo@femexrobotica.org<\/a><\/p>\n<\/div>\n\n\n\n<div class=\"wp-block-column is-layout-flow wp-block-column-is-layout-flow\">\n<h2 class=\"wp-block-heading has-text-align-center\"><mark style=\"background-color:rgba(0, 0, 0, 0)\" class=\"has-inline-color has-vivid-green-cyan-color\"><strong>General Chair<\/strong><\/mark><\/h2>\n\n\n\n<p class=\"has-text-align-center\">Jose Martinez-Carranza<br>Instituto Nacional de Astrof\u00edsica \u00d3ptica y Electr\u00f3nica (INAOE)<\/p>\n<\/div>\n<\/div>\n<\/div>\n\n\n\n<div class=\"wp-block-column is-layout-flow wp-block-column-is-layout-flow\">\n<div class=\"wp-block-columns is-layout-flex wp-container-core-columns-is-layout-28f84493 wp-block-columns-is-layout-flex\">\n<div class=\"wp-block-column is-layout-flow wp-block-column-is-layout-flow\">\n<h2 class=\"wp-block-heading has-text-align-center\"><mark style=\"background-color:rgba(0, 0, 0, 0)\" class=\"has-inline-color has-vivid-green-cyan-color\"><strong>Program Chair<\/strong><\/mark><\/h2>\n\n\n\n<p class=\"has-text-align-center\">Hugo Rodr\u00edguez-Cort\u00e9s<br>Centro de Investigaci\u00f3n y de Estudios Avanzados del IPN (CINVESTAV)<\/p>\n<\/div>\n\n\n\n<div class=\"wp-block-column is-layout-flow wp-block-column-is-layout-flow\">\n<h2 class=\"wp-block-heading has-text-align-center\"><mark style=\"background-color:rgba(0, 0, 0, 0)\" class=\"has-inline-color has-vivid-green-cyan-color\"><strong>Conference Chair<\/strong><\/mark><\/h2>\n\n\n\n<p class=\"has-text-align-center\">Z. Jezabel Guzm\u00e1n Zavaleta<br>Universidad de las Am\u00e9ricas Puebla (UDLAP)<\/p>\n<\/div>\n<\/div>\n<\/div>\n<\/div>\n\n\n\n<hr class=\"wp-block-separator has-alpha-channel-opacity\"\/>\n\n\n\n<h2 class=\"wp-block-heading\"><mark style=\"background-color:rgba(0, 0, 0, 0)\" class=\"has-inline-color has-vivid-green-cyan-color\"><strong>Venue<\/strong><\/mark><\/h2>\n\n\n\n<p>This year, the IMAV 2025 conference will be hosted at UDLAP\u2019s Auditorium Guillermo and Sofia Jenkinns.<br><\/p>\n\n\n\n<hr class=\"wp-block-separator has-alpha-channel-opacity\"\/>\n\n\n\n<h2 class=\"wp-block-heading\"><strong>Contact<\/strong><\/h2>\n\n\n\n<p>All questions about submissions should be emailed to&nbsp;<a href=\"mailto:hrodriguez@cinvestav.mx\">hrodriguez@cinvestav.mx<\/a><br><\/p>\n\n\n\n<hr class=\"wp-block-separator has-alpha-channel-opacity\"\/>\n\n\n\n<h2 class=\"wp-block-heading\"><strong>Additional Information<\/strong><\/h2>\n\n\n\n<p>You can find more information in the official IMAV2025 website and in the international IMAV website:<\/p>\n\n\n\n<ul class=\"wp-block-list\">\n<li><a href=\"https:\/\/femexrobotica.org\/imav2025\/\">https:\/\/femexrobotica.org\/imav2025\/<\/a><\/li>\n\n\n\n<li><a href=\"http:\/\/www.imavs.org\/\" target=\"_blank\" rel=\"noreferrer noopener\">http:\/\/www.imavs.org\/<\/a><\/li>\n<\/ul>\n\n\n\n<p><\/p>\n","protected":false},"excerpt":{"rendered":"<p>CALL FOR PAPERS IMAV 2025: 16th INTERNATIONAL MICRO AIR VEHICLE CONFERENCE The International Micro Air Vehicle Conference and Competitions (IMAV) is a yearly event that aims at fostering key technologies for the development of micro-air vehicles. Since early editions, the<\/p>\n","protected":false},"author":1,"featured_media":0,"parent":0,"menu_order":0,"comment_status":"closed","ping_status":"closed","template":"","meta":{"_eb_attr":"","footnotes":""},"class_list":["post-35","page","type-page","status-publish","hentry"],"featured_image_src":null,"_links":{"self":[{"href":"https:\/\/femexrobotica.org\/imav2025\/index.php\/wp-json\/wp\/v2\/pages\/35","targetHints":{"allow":["GET"]}}],"collection":[{"href":"https:\/\/femexrobotica.org\/imav2025\/index.php\/wp-json\/wp\/v2\/pages"}],"about":[{"href":"https:\/\/femexrobotica.org\/imav2025\/index.php\/wp-json\/wp\/v2\/types\/page"}],"author":[{"embeddable":true,"href":"https:\/\/femexrobotica.org\/imav2025\/index.php\/wp-json\/wp\/v2\/users\/1"}],"replies":[{"embeddable":true,"href":"https:\/\/femexrobotica.org\/imav2025\/index.php\/wp-json\/wp\/v2\/comments?post=35"}],"version-history":[{"count":53,"href":"https:\/\/femexrobotica.org\/imav2025\/index.php\/wp-json\/wp\/v2\/pages\/35\/revisions"}],"predecessor-version":[{"id":1362,"href":"https:\/\/femexrobotica.org\/imav2025\/index.php\/wp-json\/wp\/v2\/pages\/35\/revisions\/1362"}],"wp:attachment":[{"href":"https:\/\/femexrobotica.org\/imav2025\/index.php\/wp-json\/wp\/v2\/media?parent=35"}],"curies":[{"name":"wp","href":"https:\/\/api.w.org\/{rel}","templated":true}]}}