{"id":190,"date":"2023-12-14T18:49:20","date_gmt":"2023-12-14T18:49:20","guid":{"rendered":"https:\/\/femexrobotica.org\/eir2023-2024\/?page_id=190"},"modified":"2025-11-07T13:43:44","modified_gmt":"2025-11-07T19:43:44","slug":"program","status":"publish","type":"page","link":"https:\/\/femexrobotica.org\/imav2025\/index.php\/program\/","title":{"rendered":"Programme"},"content":{"rendered":"\n<p>This year\u2019s IMAV 2025 conference and competition will take place from 3 to 7 November in San Andr\u00e9s Cholula, Puebla, M\u00e9xico.<\/p>\n\n\n\n<h2 class=\"wp-block-heading\">General Programme<\/h2>\n\n\n\n<figure class=\"wp-block-image size-large is-resized\"><img loading=\"lazy\" decoding=\"async\" width=\"1024\" height=\"547\" src=\"https:\/\/femexrobotica.org\/imav2025\/wp-content\/uploads\/2025\/11\/general-1-1024x547.png\" alt=\"\" class=\"wp-image-1386\" style=\"width:951px;height:auto\" srcset=\"https:\/\/femexrobotica.org\/imav2025\/wp-content\/uploads\/2025\/11\/general-1-1024x547.png 1024w, https:\/\/femexrobotica.org\/imav2025\/wp-content\/uploads\/2025\/11\/general-1-300x160.png 300w, https:\/\/femexrobotica.org\/imav2025\/wp-content\/uploads\/2025\/11\/general-1-768x410.png 768w, https:\/\/femexrobotica.org\/imav2025\/wp-content\/uploads\/2025\/11\/general-1.png 1034w\" sizes=\"auto, (max-width: 1024px) 100vw, 1024px\" \/><\/figure>\n\n\n\n<p><a href=\"https:\/\/femexrobotica.org\/imav2025\/index.php\/gala-dinner\/\" data-type=\"page\" data-id=\"1136\"><strong>Gala Dinner:<\/strong> Hotel Posada Se\u00f1orial (Luzcina Ballroom)<\/a><\/p>\n\n\n\n<p><a href=\"https:\/\/femexrobotica.org\/imav2025\/index.php\/welcome-reception\/\" data-type=\"page\" data-id=\"1265\"><strong>Welcome Reception:<\/strong> Museo Regional de Cholula (Cholula Regional Museum)<\/a><\/p>\n\n\n\n<h2 class=\"wp-block-heading\">Conference Programme<\/h2>\n\n\n\n<div data-wp-interactive=\"core\/file\" class=\"wp-block-file\"><object data-wp-bind--hidden=\"!state.hasPdfPreview\" hidden class=\"wp-block-file__embed\" data=\"https:\/\/femexrobotica.org\/imav2025\/wp-content\/uploads\/2025\/11\/Conference_Programme-1.pdf\" type=\"application\/pdf\" style=\"width:100%;height:600px\" aria-label=\"Embed of Conference_Programme.\"><\/object><a id=\"wp-block-file--media-25b1fea6-8bf2-4ba0-95fa-bfeb5025252b\" href=\"https:\/\/femexrobotica.org\/imav2025\/wp-content\/uploads\/2025\/11\/Conference_Programme-1.pdf\">Conference_Programme<\/a><a href=\"https:\/\/femexrobotica.org\/imav2025\/wp-content\/uploads\/2025\/11\/Conference_Programme-1.pdf\" class=\"wp-block-file__button wp-element-button\" download aria-describedby=\"wp-block-file--media-25b1fea6-8bf2-4ba0-95fa-bfeb5025252b\">Download<\/a><\/div>\n\n\n\n<p><\/p>\n","protected":false},"excerpt":{"rendered":"<p>This year\u2019s IMAV 2025 conference and competition will take place from 3 to 7 November in San Andr\u00e9s Cholula, Puebla, M\u00e9xico. General Programme Gala Dinner: Hotel Posada Se\u00f1orial (Luzcina Ballroom) Welcome Reception: Museo Regional de Cholula (Cholula Regional Museum) Conference<\/p>\n","protected":false},"author":1,"featured_media":0,"parent":0,"menu_order":0,"comment_status":"closed","ping_status":"closed","template":"","meta":{"_eb_attr":"","footnotes":""},"class_list":["post-190","page","type-page","status-publish","hentry"],"featured_image_src":null,"_links":{"self":[{"href":"https:\/\/femexrobotica.org\/imav2025\/index.php\/wp-json\/wp\/v2\/pages\/190","targetHints":{"allow":["GET"]}}],"collection":[{"href":"https:\/\/femexrobotica.org\/imav2025\/index.php\/wp-json\/wp\/v2\/pages"}],"about":[{"href":"https:\/\/femexrobotica.org\/imav2025\/index.php\/wp-json\/wp\/v2\/types\/page"}],"author":[{"embeddable":true,"href":"https:\/\/femexrobotica.org\/imav2025\/index.php\/wp-json\/wp\/v2\/users\/1"}],"replies":[{"embeddable":true,"href":"https:\/\/femexrobotica.org\/imav2025\/index.php\/wp-json\/wp\/v2\/comments?post=190"}],"version-history":[{"count":31,"href":"https:\/\/femexrobotica.org\/imav2025\/index.php\/wp-json\/wp\/v2\/pages\/190\/revisions"}],"predecessor-version":[{"id":1387,"href":"https:\/\/femexrobotica.org\/imav2025\/index.php\/wp-json\/wp\/v2\/pages\/190\/revisions\/1387"}],"wp:attachment":[{"href":"https:\/\/femexrobotica.org\/imav2025\/index.php\/wp-json\/wp\/v2\/media?parent=190"}],"curies":[{"name":"wp","href":"https:\/\/api.w.org\/{rel}","templated":true}]}}