{"id":1001,"date":"2025-09-08T12:42:05","date_gmt":"2025-09-08T18:42:05","guid":{"rendered":"https:\/\/femexrobotica.org\/imav2025\/?page_id=1001"},"modified":"2025-09-08T16:13:16","modified_gmt":"2025-09-08T22:13:16","slug":"travelling","status":"publish","type":"page","link":"https:\/\/femexrobotica.org\/imav2025\/index.php\/travelling\/","title":{"rendered":"Travelling"},"content":{"rendered":"\n<h4 class=\"wp-block-heading\" id=\"0-international-airports-\">Mexico City International Airport<\/h4>\n\n\n\n<p>Av. Capit\u00e1n Carlos Le\u00f3n S\/N, Pe\u00f1\u00f3n de los Ba\u00f1os, Venustiano Carranza, 15620 Mexico City, CDMX, Mexico<\/p>\n\n\n\n<div class=\"wp-block-columns is-layout-flex wp-container-core-columns-is-layout-28f84493 wp-block-columns-is-layout-flex\">\n<div class=\"wp-block-column is-layout-flow wp-block-column-is-layout-flow\">\n<figure class=\"wp-block-image size-full\"><img loading=\"lazy\" decoding=\"async\" width=\"2560\" height=\"803\" src=\"https:\/\/femexrobotica.org\/imav2025\/wp-content\/uploads\/2025\/09\/aicd-2-scaled.png\" alt=\"\" class=\"wp-image-1029\" srcset=\"https:\/\/femexrobotica.org\/imav2025\/wp-content\/uploads\/2025\/09\/aicd-2-scaled.png 2560w, https:\/\/femexrobotica.org\/imav2025\/wp-content\/uploads\/2025\/09\/aicd-2-300x94.png 300w, https:\/\/femexrobotica.org\/imav2025\/wp-content\/uploads\/2025\/09\/aicd-2-1024x321.png 1024w, https:\/\/femexrobotica.org\/imav2025\/wp-content\/uploads\/2025\/09\/aicd-2-768x241.png 768w, https:\/\/femexrobotica.org\/imav2025\/wp-content\/uploads\/2025\/09\/aicd-2-1536x482.png 1536w, https:\/\/femexrobotica.org\/imav2025\/wp-content\/uploads\/2025\/09\/aicd-2-2048x643.png 2048w\" sizes=\"auto, (max-width: 2560px) 100vw, 2560px\" \/><\/figure>\n<\/div>\n\n\n\n<div class=\"wp-block-column is-layout-flow wp-block-column-is-layout-flow\">\n<iframe src=\"https:\/\/www.google.com\/maps\/embed?pb=!1m18!1m12!1m3!1d15050.466346840934!2d-99.09050683659652!3d19.428965309592243!2m3!1f0!2f0!3f0!3m2!1i1024!2i768!4f13.1!3m3!1m2!1s0x85d1fc77bd93229f%3A0x2d07ef561bad244!2sAeropuerto%20Internacional%20de%20la%20Ciudad%20de%20M%C3%A9xico!5e0!3m2!1ses-419!2smx!4v1757364468099!5m2!1ses-419!2smx\" width=\"600\" height=\"300\" style=\"border:0;\" allowfullscreen=\"\" loading=\"lazy\" referrerpolicy=\"no-referrer-when-downgrade\"><\/iframe>\n<\/div>\n<\/div>\n\n\n\n<p><\/p>\n\n\n\n<h4 class=\"wp-block-heading\">Felipe \u00c1ngeles International Airport<\/h4>\n\n\n\n<p>Circuito Exterior Mexiquense Km 33, Santa Luc\u00eda, 55600 Zumpango de Ocampo, State of Mexico, Mexico<\/p>\n\n\n\n<div class=\"wp-block-columns is-layout-flex wp-container-core-columns-is-layout-28f84493 wp-block-columns-is-layout-flex\">\n<div class=\"wp-block-column is-layout-flow wp-block-column-is-layout-flow\">\n<figure class=\"wp-block-image size-full\"><img loading=\"lazy\" decoding=\"async\" width=\"849\" height=\"487\" src=\"https:\/\/femexrobotica.org\/imav2025\/wp-content\/uploads\/2025\/09\/aifa-2.jpg\" alt=\"\" class=\"wp-image-1034\" srcset=\"https:\/\/femexrobotica.org\/imav2025\/wp-content\/uploads\/2025\/09\/aifa-2.jpg 849w, https:\/\/femexrobotica.org\/imav2025\/wp-content\/uploads\/2025\/09\/aifa-2-300x172.jpg 300w, https:\/\/femexrobotica.org\/imav2025\/wp-content\/uploads\/2025\/09\/aifa-2-768x441.jpg 768w\" sizes=\"auto, (max-width: 849px) 100vw, 849px\" \/><\/figure>\n<\/div>\n\n\n\n<div class=\"wp-block-column is-layout-flow wp-block-column-is-layout-flow\">\n<iframe src=\"https:\/\/www.google.com\/maps\/embed?pb=!1m18!1m12!1m3!1d10042.401807672077!2d-99.03213428487726!3d19.733642563883727!2m3!1f0!2f0!3f0!3m2!1i1024!2i768!4f13.1!3m3!1m2!1s0x85d18dd3a04506ed%3A0x6c0638444fed4586!2sAeropuerto%20Internacional%20Felipe%20%C3%81ngeles!5e0!3m2!1ses-419!2smx!4v1757364637450!5m2!1ses-419!2smx\" width=\"600\" height=\"340\" style=\"border:0;\" allowfullscreen=\"\" loading=\"lazy\" referrerpolicy=\"no-referrer-when-downgrade\"><\/iframe>\n<\/div>\n<\/div>\n\n\n\n<p><\/p>\n\n\n\n<h4 class=\"wp-block-heading\">Canc\u00fan International Airport<\/h4>\n\n\n\n<p>Carr. a Aeropuerto Canc\u00fan, 77500 Canc\u00fan, Q.R. Mexico<\/p>\n\n\n\n<div class=\"wp-block-columns is-layout-flex wp-container-core-columns-is-layout-28f84493 wp-block-columns-is-layout-flex\">\n<div class=\"wp-block-column is-layout-flow wp-block-column-is-layout-flow\">\n<figure class=\"wp-block-image size-full\"><img loading=\"lazy\" decoding=\"async\" width=\"1360\" height=\"766\" src=\"https:\/\/femexrobotica.org\/imav2025\/wp-content\/uploads\/2025\/09\/cancun-1.png\" alt=\"\" class=\"wp-image-1038\" srcset=\"https:\/\/femexrobotica.org\/imav2025\/wp-content\/uploads\/2025\/09\/cancun-1.png 1360w, https:\/\/femexrobotica.org\/imav2025\/wp-content\/uploads\/2025\/09\/cancun-1-300x169.png 300w, https:\/\/femexrobotica.org\/imav2025\/wp-content\/uploads\/2025\/09\/cancun-1-1024x577.png 1024w, https:\/\/femexrobotica.org\/imav2025\/wp-content\/uploads\/2025\/09\/cancun-1-768x433.png 768w\" sizes=\"auto, (max-width: 1360px) 100vw, 1360px\" \/><\/figure>\n<\/div>\n\n\n\n<div class=\"wp-block-column is-layout-flow wp-block-column-is-layout-flow\">\n<iframe src=\"https:\/\/www.google.com\/maps\/embed?pb=!1m18!1m12!1m3!1d7447.533840784915!2d-86.88019705465908!3d21.042010122442427!2m3!1f0!2f0!3f0!3m2!1i1024!2i768!4f13.1!3m3!1m2!1s0x8f4e81bb49b57809%3A0xe7f7d44da1f07a06!2sAeropuerto%20Internacional%20de%20Canc%C3%BAn!5e0!3m2!1ses-419!2smx!4v1757364754786!5m2!1ses-419!2smx\" width=\"600\" height=\"330\" style=\"border:0;\" allowfullscreen=\"\" loading=\"lazy\" referrerpolicy=\"no-referrer-when-downgrade\"><\/iframe>\n<\/div>\n<\/div>\n\n\n\n<p><\/p>\n\n\n\n<h4 class=\"wp-block-heading\">Puebla International Airport<\/h4>\n\n\n\n<p>Carr. Federal M\u00e9xico-Puebla Km 91.5, 74160 Huejotzingo, Puebla, M\u00e9xico<\/p>\n\n\n\n<div class=\"wp-block-columns is-layout-flex wp-container-core-columns-is-layout-28f84493 wp-block-columns-is-layout-flex\">\n<div class=\"wp-block-column is-layout-flow wp-block-column-is-layout-flow\">\n<figure class=\"wp-block-image size-full\"><img loading=\"lazy\" decoding=\"async\" width=\"1200\" height=\"800\" src=\"https:\/\/femexrobotica.org\/imav2025\/wp-content\/uploads\/2025\/09\/puebla-1.jpg\" alt=\"\" class=\"wp-image-1044\" srcset=\"https:\/\/femexrobotica.org\/imav2025\/wp-content\/uploads\/2025\/09\/puebla-1.jpg 1200w, https:\/\/femexrobotica.org\/imav2025\/wp-content\/uploads\/2025\/09\/puebla-1-300x200.jpg 300w, https:\/\/femexrobotica.org\/imav2025\/wp-content\/uploads\/2025\/09\/puebla-1-1024x683.jpg 1024w, https:\/\/femexrobotica.org\/imav2025\/wp-content\/uploads\/2025\/09\/puebla-1-768x512.jpg 768w\" sizes=\"auto, (max-width: 1200px) 100vw, 1200px\" \/><\/figure>\n<\/div>\n\n\n\n<div class=\"wp-block-column is-layout-flow wp-block-column-is-layout-flow\">\n<iframe src=\"https:\/\/www.google.com\/maps\/embed?pb=!1m18!1m12!1m3!1d3768.7175198264217!2d-98.37866782403168!3d19.16383848205891!2m3!1f0!2f0!3f0!3m2!1i1024!2i768!4f13.1!3m3!1m2!1s0x85cfce424515c9a1%3A0xbd806cd9f7e16dca!2sAeropuerto%20Internacional%20de%20Puebla!5e0!3m2!1ses-419!2smx!4v1757364909649!5m2!1ses-419!2smx\" width=\"600\" height=\"400\" style=\"border:0;\" allowfullscreen=\"\" loading=\"lazy\" referrerpolicy=\"no-referrer-when-downgrade\"><\/iframe>\n<\/div>\n<\/div>\n\n\n\n<p><\/p>\n","protected":false},"excerpt":{"rendered":"<p>Mexico City International Airport Av. Capit\u00e1n Carlos Le\u00f3n S\/N, Pe\u00f1\u00f3n de los Ba\u00f1os, Venustiano Carranza, 15620 Mexico City, CDMX, Mexico Felipe \u00c1ngeles International Airport Circuito Exterior Mexiquense Km 33, Santa Luc\u00eda, 55600 Zumpango de Ocampo, State of Mexico, Mexico Canc\u00fan<\/p>\n","protected":false},"author":1,"featured_media":0,"parent":0,"menu_order":0,"comment_status":"closed","ping_status":"closed","template":"","meta":{"_eb_attr":"","footnotes":""},"class_list":["post-1001","page","type-page","status-publish","hentry"],"featured_image_src":null,"_links":{"self":[{"href":"https:\/\/femexrobotica.org\/imav2025\/index.php\/wp-json\/wp\/v2\/pages\/1001","targetHints":{"allow":["GET"]}}],"collection":[{"href":"https:\/\/femexrobotica.org\/imav2025\/index.php\/wp-json\/wp\/v2\/pages"}],"about":[{"href":"https:\/\/femexrobotica.org\/imav2025\/index.php\/wp-json\/wp\/v2\/types\/page"}],"author":[{"embeddable":true,"href":"https:\/\/femexrobotica.org\/imav2025\/index.php\/wp-json\/wp\/v2\/users\/1"}],"replies":[{"embeddable":true,"href":"https:\/\/femexrobotica.org\/imav2025\/index.php\/wp-json\/wp\/v2\/comments?post=1001"}],"version-history":[{"count":19,"href":"https:\/\/femexrobotica.org\/imav2025\/index.php\/wp-json\/wp\/v2\/pages\/1001\/revisions"}],"predecessor-version":[{"id":1049,"href":"https:\/\/femexrobotica.org\/imav2025\/index.php\/wp-json\/wp\/v2\/pages\/1001\/revisions\/1049"}],"wp:attachment":[{"href":"https:\/\/femexrobotica.org\/imav2025\/index.php\/wp-json\/wp\/v2\/media?parent=1001"}],"curies":[{"name":"wp","href":"https:\/\/api.w.org\/{rel}","templated":true}]}}