{"id":80,"date":"2025-12-03T23:48:30","date_gmt":"2025-12-04T05:48:30","guid":{"rendered":"https:\/\/femexrobotica.org\/fmr\/?page_id=80"},"modified":"2025-12-12T18:39:33","modified_gmt":"2025-12-13T00:39:33","slug":"inicio","status":"publish","type":"page","link":"https:\/\/femexrobotica.org\/fmr\/","title":{"rendered":"Inicio"},"content":{"rendered":"\n<p>La Federaci\u00f3n Mexicana de Rob\u00f3tica A.C. es una asociaci\u00f3n civil constituida en abril del 2010 que agrupa a profesores con inter\u00e9s com\u00fan en la rob\u00f3tica m\u00f3vil provenientes de varias de las m\u00e1s prestigiadas universidades y centros de investigaci\u00f3n en M\u00e9xico: INAOE, ITAM, ITESM, ULSA, UNAM, UPAEP, UPV, UV y UTM. <br>Su Consejo Directivo est\u00e1 integrado por nueve miembros, que incluye un Presidente, un Vice-presidente, un Secretario, un Tesorero y cinco Vocales. El Consejo Directivo se re\u00fane mensualmente ya sea de manera presencial o por videoconferencia. Varios de sus miembros actuales han estado colaborando en la organizaci\u00f3n de eventos acad\u00e9micos nacionales e internacionales por m\u00e1s de diez a\u00f1os.<\/p>\n\n\n\n<p><strong>Entre los objetivos de la Federaci\u00f3n Mexicana de Rob\u00f3tica se encuentran:<\/strong><\/p>\n\n\n\n<ul class=\"wp-block-list\">\n<li>Impulsar el desarrollo de la rob\u00f3tica dentro del territorio mexicano<\/li>\n\n\n\n<li>Organizar competencias de rob\u00f3tica regionales, nacionales e internacionales<\/li>\n\n\n\n<li>Establecer v\u00ednculos de colaboraci\u00f3n con grupos con intereses similares dentro y fuera de M\u00e9xico<\/li>\n\n\n\n<li>Organizar redes de investigaci\u00f3n en rob\u00f3tica y campos relacionados<\/li>\n\n\n\n<li>Divulgar resultados de la investigaci\u00f3n y desarrollo en el campo de la rob\u00f3tica<\/li>\n<\/ul>\n","protected":false},"excerpt":{"rendered":"<p>La Federaci\u00f3n Mexicana de Rob\u00f3tica A.C. es una asociaci\u00f3n civil constituida en abril del 2010 que agrupa a profesores con inter\u00e9s com\u00fan en la rob\u00f3tica m\u00f3vil provenientes de varias de las m\u00e1s prestigiadas universidades y centros de investigaci\u00f3n en M\u00e9xico:<\/p>\n","protected":false},"author":1,"featured_media":0,"parent":0,"menu_order":0,"comment_status":"closed","ping_status":"closed","template":"","meta":{"footnotes":""},"class_list":["post-80","page","type-page","status-publish","hentry"],"_links":{"self":[{"href":"https:\/\/femexrobotica.org\/fmr\/wp-json\/wp\/v2\/pages\/80","targetHints":{"allow":["GET"]}}],"collection":[{"href":"https:\/\/femexrobotica.org\/fmr\/wp-json\/wp\/v2\/pages"}],"about":[{"href":"https:\/\/femexrobotica.org\/fmr\/wp-json\/wp\/v2\/types\/page"}],"author":[{"embeddable":true,"href":"https:\/\/femexrobotica.org\/fmr\/wp-json\/wp\/v2\/users\/1"}],"replies":[{"embeddable":true,"href":"https:\/\/femexrobotica.org\/fmr\/wp-json\/wp\/v2\/comments?post=80"}],"version-history":[{"count":5,"href":"https:\/\/femexrobotica.org\/fmr\/wp-json\/wp\/v2\/pages\/80\/revisions"}],"predecessor-version":[{"id":272,"href":"https:\/\/femexrobotica.org\/fmr\/wp-json\/wp\/v2\/pages\/80\/revisions\/272"}],"wp:attachment":[{"href":"https:\/\/femexrobotica.org\/fmr\/wp-json\/wp\/v2\/media?parent=80"}],"curies":[{"name":"wp","href":"https:\/\/api.w.org\/{rel}","templated":true}]}}