{"id":57,"date":"2025-12-03T23:05:51","date_gmt":"2025-12-04T05:05:51","guid":{"rendered":"https:\/\/femexrobotica.org\/fmr\/?page_id=57"},"modified":"2025-12-12T18:15:05","modified_gmt":"2025-12-13T00:15:05","slug":"consejo_directivo","status":"publish","type":"page","link":"https:\/\/femexrobotica.org\/fmr\/consejo_directivo\/","title":{"rendered":"Consejo Directivo"},"content":{"rendered":"\n<div class=\"wp-block-media-text is-stacked-on-mobile\" style=\"grid-template-columns:23% auto\"><figure class=\"wp-block-media-text__media\"><img loading=\"lazy\" decoding=\"async\" width=\"358\" height=\"484\" src=\"https:\/\/femexrobotica.org\/fmr\/wp-content\/uploads\/2025\/12\/JMC2023.jpg\" alt=\"\" class=\"wp-image-246 size-full\" srcset=\"https:\/\/femexrobotica.org\/fmr\/wp-content\/uploads\/2025\/12\/JMC2023.jpg 358w, https:\/\/femexrobotica.org\/fmr\/wp-content\/uploads\/2025\/12\/JMC2023-222x300.jpg 222w\" sizes=\"auto, (max-width: 358px) 100vw, 358px\" \/><\/figure><div class=\"wp-block-media-text__content\">\n<p><strong><a href=\"https:\/\/ccc.inaoep.mx\/~carranza\/\" data-type=\"link\" data-id=\"https:\/\/ccc.inaoep.mx\/~carranza\/\"><mark style=\"background-color:rgba(0, 0, 0, 0)\" class=\"has-inline-color has-vivid-red-color\">Dr. Jos\u00e9 Mart\u00ednez Carranza<\/mark><\/a><br><\/strong>Instituto Nacional de Astrof\u00edsica, \u00d3ptica y Electr\u00f3nica (INAOE)<br><strong><mark style=\"background-color:rgba(0, 0, 0, 0)\" class=\"has-inline-color has-black-color\">Presidente<\/mark><\/strong><\/p>\n<\/div><\/div>\n\n\n\n<div class=\"wp-block-media-text is-stacked-on-mobile\" style=\"grid-template-columns:23% auto\"><figure class=\"wp-block-media-text__media\"><img loading=\"lazy\" decoding=\"async\" width=\"624\" height=\"780\" src=\"https:\/\/femexrobotica.org\/fmr\/wp-content\/uploads\/2025\/12\/JavierDelgado.jpeg\" alt=\"\" class=\"wp-image-247 size-full\" srcset=\"https:\/\/femexrobotica.org\/fmr\/wp-content\/uploads\/2025\/12\/JavierDelgado.jpeg 624w, https:\/\/femexrobotica.org\/fmr\/wp-content\/uploads\/2025\/12\/JavierDelgado-240x300.jpeg 240w\" sizes=\"auto, (max-width: 624px) 100vw, 624px\" \/><\/figure><div class=\"wp-block-media-text__content\">\n<p><mark style=\"background-color:rgba(0, 0, 0, 0)\" class=\"has-inline-color has-black-color\">Mtro. Javier Enrique Delgado Moreno<br><\/mark>Federaci\u00f3n Mexicana de Rob\u00f3tica (FMR)<br><strong><mark style=\"background-color:rgba(0, 0, 0, 0)\" class=\"has-inline-color has-black-color\">Vice Presidente<\/mark><\/strong><\/p>\n<\/div><\/div>\n\n\n\n<div class=\"wp-block-media-text is-stacked-on-mobile\" style=\"grid-template-columns:23% auto\"><figure class=\"wp-block-media-text__media\"><img loading=\"lazy\" decoding=\"async\" width=\"1024\" height=\"1024\" src=\"https:\/\/femexrobotica.org\/fmr\/wp-content\/uploads\/2025\/12\/MarcoNegrete-1024x1024.jpeg\" alt=\"\" class=\"wp-image-248 size-full\" srcset=\"https:\/\/femexrobotica.org\/fmr\/wp-content\/uploads\/2025\/12\/MarcoNegrete-1024x1024.jpeg 1024w, https:\/\/femexrobotica.org\/fmr\/wp-content\/uploads\/2025\/12\/MarcoNegrete-300x300.jpeg 300w, https:\/\/femexrobotica.org\/fmr\/wp-content\/uploads\/2025\/12\/MarcoNegrete-150x150.jpeg 150w, https:\/\/femexrobotica.org\/fmr\/wp-content\/uploads\/2025\/12\/MarcoNegrete-768x768.jpeg 768w, https:\/\/femexrobotica.org\/fmr\/wp-content\/uploads\/2025\/12\/MarcoNegrete-270x270.jpeg 270w, https:\/\/femexrobotica.org\/fmr\/wp-content\/uploads\/2025\/12\/MarcoNegrete-230x230.jpeg 230w, https:\/\/femexrobotica.org\/fmr\/wp-content\/uploads\/2025\/12\/MarcoNegrete.jpeg 1500w\" sizes=\"auto, (max-width: 1024px) 100vw, 1024px\" \/><\/figure><div class=\"wp-block-media-text__content\">\n<p><a href=\"https:\/\/mnegretev.info\/\" data-type=\"link\" data-id=\"https:\/\/mnegretev.info\/\"><mark style=\"background-color:rgba(0, 0, 0, 0)\" class=\"has-inline-color has-black-color\">Dr. Marco Antonio Negrete Villanueva<br><\/mark><\/a>Universidad Nacional Aut\u00f3noma de M\u00e9xico (UNAM)<br><strong><mark style=\"background-color:rgba(0, 0, 0, 0)\" class=\"has-inline-color has-black-color\">Secretario<\/mark><\/strong><\/p>\n<\/div><\/div>\n\n\n\n<div class=\"wp-block-media-text is-stacked-on-mobile\" style=\"grid-template-columns:23% auto\"><figure class=\"wp-block-media-text__media\"><img loading=\"lazy\" decoding=\"async\" width=\"1024\" height=\"1024\" src=\"https:\/\/femexrobotica.org\/fmr\/wp-content\/uploads\/2025\/12\/MarcelaQuiroz-1024x1024.jpeg\" alt=\"\" class=\"wp-image-249 size-full\" srcset=\"https:\/\/femexrobotica.org\/fmr\/wp-content\/uploads\/2025\/12\/MarcelaQuiroz-1024x1024.jpeg 1024w, https:\/\/femexrobotica.org\/fmr\/wp-content\/uploads\/2025\/12\/MarcelaQuiroz-300x300.jpeg 300w, https:\/\/femexrobotica.org\/fmr\/wp-content\/uploads\/2025\/12\/MarcelaQuiroz-150x150.jpeg 150w, https:\/\/femexrobotica.org\/fmr\/wp-content\/uploads\/2025\/12\/MarcelaQuiroz-768x768.jpeg 768w, https:\/\/femexrobotica.org\/fmr\/wp-content\/uploads\/2025\/12\/MarcelaQuiroz-1536x1536.jpeg 1536w, https:\/\/femexrobotica.org\/fmr\/wp-content\/uploads\/2025\/12\/MarcelaQuiroz-270x270.jpeg 270w, https:\/\/femexrobotica.org\/fmr\/wp-content\/uploads\/2025\/12\/MarcelaQuiroz-230x230.jpeg 230w, https:\/\/femexrobotica.org\/fmr\/wp-content\/uploads\/2025\/12\/MarcelaQuiroz.jpeg 1599w\" sizes=\"auto, (max-width: 1024px) 100vw, 1024px\" \/><\/figure><div class=\"wp-block-media-text__content\">\n<p><mark style=\"background-color:rgba(0, 0, 0, 0)\" class=\"has-inline-color has-black-color\">Dra. Marcela Quiroz Castellanos<br><\/mark>Universidad Veracruzana (UV)<br><strong><mark style=\"background-color:rgba(0, 0, 0, 0)\" class=\"has-inline-color has-black-color\">Tesorera<\/mark><\/strong><\/p>\n<\/div><\/div>\n\n\n\n<hr class=\"wp-block-separator has-alpha-channel-opacity is-style-default\"\/>\n\n\n\n<h2 class=\"wp-block-heading alignwide has-text-align-center\"><strong>Vocales<\/strong><\/h2>\n\n\n\n<div class=\"wp-block-media-text is-stacked-on-mobile\" style=\"grid-template-columns:24% auto\"><figure class=\"wp-block-media-text__media\"><img loading=\"lazy\" decoding=\"async\" width=\"683\" height=\"1024\" src=\"https:\/\/femexrobotica.org\/fmr\/wp-content\/uploads\/2025\/12\/HumbertoSosa-683x1024.jpeg\" alt=\"\" class=\"wp-image-253 size-full\" srcset=\"https:\/\/femexrobotica.org\/fmr\/wp-content\/uploads\/2025\/12\/HumbertoSosa-683x1024.jpeg 683w, https:\/\/femexrobotica.org\/fmr\/wp-content\/uploads\/2025\/12\/HumbertoSosa-200x300.jpeg 200w, https:\/\/femexrobotica.org\/fmr\/wp-content\/uploads\/2025\/12\/HumbertoSosa-768x1152.jpeg 768w, https:\/\/femexrobotica.org\/fmr\/wp-content\/uploads\/2025\/12\/HumbertoSosa.jpeg 1000w\" sizes=\"auto, (max-width: 683px) 100vw, 683px\" \/><\/figure><div class=\"wp-block-media-text__content\">\n<p><mark style=\"background-color:rgba(0, 0, 0, 0)\" class=\"has-inline-color has-black-color\">Dr. Juan Humberto Sossa Azuela<br><\/mark>Instituto Polit\u00e9cnico Nacional (IPN)<\/p>\n<\/div><\/div>\n\n\n\n<div class=\"wp-block-media-text is-stacked-on-mobile\" style=\"grid-template-columns:24% auto\"><figure class=\"wp-block-media-text__media\"><img loading=\"lazy\" decoding=\"async\" width=\"768\" height=\"1024\" src=\"https:\/\/femexrobotica.org\/fmr\/wp-content\/uploads\/2025\/12\/RubenAnaya-768x1024.jpeg\" alt=\"\" class=\"wp-image-254 size-full\" srcset=\"https:\/\/femexrobotica.org\/fmr\/wp-content\/uploads\/2025\/12\/RubenAnaya-768x1024.jpeg 768w, https:\/\/femexrobotica.org\/fmr\/wp-content\/uploads\/2025\/12\/RubenAnaya-225x300.jpeg 225w, https:\/\/femexrobotica.org\/fmr\/wp-content\/uploads\/2025\/12\/RubenAnaya-1152x1536.jpeg 1152w, https:\/\/femexrobotica.org\/fmr\/wp-content\/uploads\/2025\/12\/RubenAnaya.jpeg 1200w\" sizes=\"auto, (max-width: 768px) 100vw, 768px\" \/><\/figure><div class=\"wp-block-media-text__content\">\n<p><mark style=\"background-color:rgba(0, 0, 0, 0)\" class=\"has-inline-color has-black-color\">Mtro. Rub\u00e9n Anaya Garc\u00eda<br><\/mark>Universidad Nacional Aut\u00f3noma de M\u00e9xico (UNAM)<\/p>\n<\/div><\/div>\n\n\n\n<div class=\"wp-block-media-text is-stacked-on-mobile\" style=\"grid-template-columns:24% auto\"><figure class=\"wp-block-media-text__media\"><img loading=\"lazy\" decoding=\"async\" width=\"768\" height=\"1024\" src=\"https:\/\/femexrobotica.org\/fmr\/wp-content\/uploads\/2025\/12\/JulioSandria.jpeg\" alt=\"\" class=\"wp-image-255 size-full\" srcset=\"https:\/\/femexrobotica.org\/fmr\/wp-content\/uploads\/2025\/12\/JulioSandria.jpeg 768w, https:\/\/femexrobotica.org\/fmr\/wp-content\/uploads\/2025\/12\/JulioSandria-225x300.jpeg 225w\" sizes=\"auto, (max-width: 768px) 100vw, 768px\" \/><\/figure><div class=\"wp-block-media-text__content\">\n<p><mark style=\"background-color:rgba(0, 0, 0, 0)\" class=\"has-inline-color has-black-color\">Mtro. Julio C\u00e9sar Sandria Reynoso<br><\/mark>Universidad de Xalapa (UX)<br>Instituto de Rob\u00f3tica de Xalapa (iRoX)<\/p>\n<\/div><\/div>\n\n\n\n<div class=\"wp-block-media-text is-stacked-on-mobile\" style=\"grid-template-columns:24% auto\"><figure class=\"wp-block-media-text__media\"><img loading=\"lazy\" decoding=\"async\" width=\"788\" height=\"1024\" src=\"https:\/\/femexrobotica.org\/fmr\/wp-content\/uploads\/2025\/12\/ErickSanchez-788x1024.jpeg\" alt=\"\" class=\"wp-image-256 size-full\" srcset=\"https:\/\/femexrobotica.org\/fmr\/wp-content\/uploads\/2025\/12\/ErickSanchez-788x1024.jpeg 788w, https:\/\/femexrobotica.org\/fmr\/wp-content\/uploads\/2025\/12\/ErickSanchez-231x300.jpeg 231w, https:\/\/femexrobotica.org\/fmr\/wp-content\/uploads\/2025\/12\/ErickSanchez-768x997.jpeg 768w, https:\/\/femexrobotica.org\/fmr\/wp-content\/uploads\/2025\/12\/ErickSanchez-1183x1536.jpeg 1183w, https:\/\/femexrobotica.org\/fmr\/wp-content\/uploads\/2025\/12\/ErickSanchez.jpeg 1232w\" sizes=\"auto, (max-width: 788px) 100vw, 788px\" \/><\/figure><div class=\"wp-block-media-text__content\">\n<p><mark style=\"background-color:rgba(0, 0, 0, 0)\" class=\"has-inline-color has-black-color\">Dr. Erick S\u00e1nchez Flores<br><\/mark>Universidad Aut\u00f3noma de Nuevo Le\u00f3n (UANL)<\/p>\n<\/div><\/div>\n\n\n\n<p><\/p>\n","protected":false},"excerpt":{"rendered":"<p>Dr. Jos\u00e9 Mart\u00ednez CarranzaInstituto Nacional de Astrof\u00edsica, \u00d3ptica y Electr\u00f3nica (INAOE)Presidente Mtro. Javier Enrique Delgado MorenoFederaci\u00f3n Mexicana de Rob\u00f3tica (FMR)Vice Presidente Dr. Marco Antonio Negrete VillanuevaUniversidad Nacional Aut\u00f3noma de M\u00e9xico (UNAM)Secretario Dra. Marcela Quiroz CastellanosUniversidad Veracruzana (UV)Tesorera Vocales Dr. Juan<\/p>\n","protected":false},"author":1,"featured_media":0,"parent":0,"menu_order":0,"comment_status":"closed","ping_status":"closed","template":"","meta":{"footnotes":""},"class_list":["post-57","page","type-page","status-publish","hentry"],"_links":{"self":[{"href":"https:\/\/femexrobotica.org\/fmr\/wp-json\/wp\/v2\/pages\/57","targetHints":{"allow":["GET"]}}],"collection":[{"href":"https:\/\/femexrobotica.org\/fmr\/wp-json\/wp\/v2\/pages"}],"about":[{"href":"https:\/\/femexrobotica.org\/fmr\/wp-json\/wp\/v2\/types\/page"}],"author":[{"embeddable":true,"href":"https:\/\/femexrobotica.org\/fmr\/wp-json\/wp\/v2\/users\/1"}],"replies":[{"embeddable":true,"href":"https:\/\/femexrobotica.org\/fmr\/wp-json\/wp\/v2\/comments?post=57"}],"version-history":[{"count":23,"href":"https:\/\/femexrobotica.org\/fmr\/wp-json\/wp\/v2\/pages\/57\/revisions"}],"predecessor-version":[{"id":271,"href":"https:\/\/femexrobotica.org\/fmr\/wp-json\/wp\/v2\/pages\/57\/revisions\/271"}],"wp:attachment":[{"href":"https:\/\/femexrobotica.org\/fmr\/wp-json\/wp\/v2\/media?parent=57"}],"curies":[{"name":"wp","href":"https:\/\/api.w.org\/{rel}","templated":true}]}}