{"id":37,"date":"2025-12-03T23:55:38","date_gmt":"2025-12-04T05:55:38","guid":{"rendered":"https:\/\/femexrobotica.org\/fmr\/?page_id=37"},"modified":"2025-12-03T23:55:39","modified_gmt":"2025-12-04T05:55:39","slug":"aviso-legal","status":"publish","type":"page","link":"https:\/\/femexrobotica.org\/fmr\/aviso-legal\/","title":{"rendered":"Aviso Legal"},"content":{"rendered":"\n<p>Los nombres &#8220;Torneo Mexicano de Rob\u00f3tica&#8221; y &#8220;Federaci\u00f3n Mexicana de Rob\u00f3tica&#8221; as\u00ed como su logotipo son marcas registradas de la Federaci\u00f3n Mexicana de Rob\u00f3tica A.C. Queda prohibido el uso de cualquiera de estas marcas sin la autorizaci\u00f3n expl\u00edcita por escrito de parte de su presidente y\/o representante legal.<\/p>\n\n\n\n<p><\/p>\n","protected":false},"excerpt":{"rendered":"<p>Los nombres &#8220;Torneo Mexicano de Rob\u00f3tica&#8221; y &#8220;Federaci\u00f3n Mexicana de Rob\u00f3tica&#8221; as\u00ed como su logotipo son marcas registradas de la Federaci\u00f3n Mexicana de Rob\u00f3tica A.C. Queda prohibido el uso de cualquiera de estas marcas sin la autorizaci\u00f3n expl\u00edcita por escrito<\/p>\n","protected":false},"author":1,"featured_media":0,"parent":0,"menu_order":0,"comment_status":"closed","ping_status":"closed","template":"","meta":{"footnotes":""},"class_list":["post-37","page","type-page","status-publish","hentry"],"_links":{"self":[{"href":"https:\/\/femexrobotica.org\/fmr\/wp-json\/wp\/v2\/pages\/37","targetHints":{"allow":["GET"]}}],"collection":[{"href":"https:\/\/femexrobotica.org\/fmr\/wp-json\/wp\/v2\/pages"}],"about":[{"href":"https:\/\/femexrobotica.org\/fmr\/wp-json\/wp\/v2\/types\/page"}],"author":[{"embeddable":true,"href":"https:\/\/femexrobotica.org\/fmr\/wp-json\/wp\/v2\/users\/1"}],"replies":[{"embeddable":true,"href":"https:\/\/femexrobotica.org\/fmr\/wp-json\/wp\/v2\/comments?post=37"}],"version-history":[{"count":1,"href":"https:\/\/femexrobotica.org\/fmr\/wp-json\/wp\/v2\/pages\/37\/revisions"}],"predecessor-version":[{"id":66,"href":"https:\/\/femexrobotica.org\/fmr\/wp-json\/wp\/v2\/pages\/37\/revisions\/66"}],"wp:attachment":[{"href":"https:\/\/femexrobotica.org\/fmr\/wp-json\/wp\/v2\/media?parent=37"}],"curies":[{"name":"wp","href":"https:\/\/api.w.org\/{rel}","templated":true}]}}