{"id":35,"date":"2025-12-04T00:13:58","date_gmt":"2025-12-04T06:13:58","guid":{"rendered":"https:\/\/femexrobotica.org\/fmr\/?page_id=35"},"modified":"2025-12-12T18:49:43","modified_gmt":"2025-12-13T00:49:43","slug":"historia","status":"publish","type":"page","link":"https:\/\/femexrobotica.org\/fmr\/historia\/","title":{"rendered":"Historia"},"content":{"rendered":"\n<p>La Federaci\u00f3n Mexicana de Rob\u00f3tica tiene un doble origen. Poco despu\u00e9s de haberse celebrado el Concurso Latino Americano de Rob\u00f3tica del IEEE en M\u00e9xico en el 2004, un grupo de profesores de diversas instituciones de la Ciudad de M\u00e9xico y Cuernavaca se reunieron para crear lo que en ese entonces se llam\u00f3 el Consejo Mexicano de Rob\u00f3tica. El objetivo central de este grupo era la organizaci\u00f3n de un evento anual: el Concurso Mexicano de Rob\u00f3tica, el cual ven\u00eda organiz\u00e1ndose de manera informal desde el 2002. Casi de manera simult\u00e1nea a la creaci\u00f3n del Consejo Mexicano de Rob\u00f3tica, un grupo de profesores de los estados de Puebla y Veracruz empezaron a organizar el Torneo Mexicano de Robots Limpiadores.<\/p>\n\n\n\n<p>En el 2007, despu\u00e9s de realizar el primer evento conjunto del Concurso Mexicano de Rob\u00f3tica y del Torneo Mexicano de Robots Limpiadores, se decidi\u00f3 fusionar ambos grupos y esto dio origen a lo que hoy conocemos como la Federaci\u00f3n Mexicana de Rob\u00f3tica y al Torneo Mexicano de Rob\u00f3tica.<\/p>\n\n\n\n<p>El primer evento realizado en M\u00e9xico con reconocimiento oficial de la RoboCup Federation fue el Abierto Mexicano de RoboCup 2008 realizado en el Palacio de Miner\u00eda en el marco del Torneo Mexicano de Rob\u00f3tica. Cuatro a\u00f1os despu\u00e9s, la Federaci\u00f3n Mexicana de Rob\u00f3tica trajo a M\u00e9xico la edici\u00f3n mundial de este prestigioso evento. El mundial RoboCup 2012 se realiz\u00f3 en el World Trade Center de la Ciudad de M\u00e9xico. Este fue un gran logro para la comunidad de rob\u00f3tica m\u00f3vil de M\u00e9xico, y fue posible gracias a la colaboraci\u00f3n de varias instituciones de educaci\u00f3n superior p\u00fablicas y privadas, de varias organizaciones gubernamentales y empresas que ofrecieron su apoyo para el evento, y muy especialmente de un grupo de cientos de entusiastas voluntarios que contribuyeron su tiempo antes, durante y despu\u00e9s del evento.<\/p>\n","protected":false},"excerpt":{"rendered":"<p>La Federaci\u00f3n Mexicana de Rob\u00f3tica tiene un doble origen. Poco despu\u00e9s de haberse celebrado el Concurso Latino Americano de Rob\u00f3tica del IEEE en M\u00e9xico en el 2004, un grupo de profesores de diversas instituciones de la Ciudad de M\u00e9xico y<\/p>\n","protected":false},"author":1,"featured_media":0,"parent":0,"menu_order":0,"comment_status":"closed","ping_status":"closed","template":"","meta":{"footnotes":""},"class_list":["post-35","page","type-page","status-publish","hentry"],"_links":{"self":[{"href":"https:\/\/femexrobotica.org\/fmr\/wp-json\/wp\/v2\/pages\/35","targetHints":{"allow":["GET"]}}],"collection":[{"href":"https:\/\/femexrobotica.org\/fmr\/wp-json\/wp\/v2\/pages"}],"about":[{"href":"https:\/\/femexrobotica.org\/fmr\/wp-json\/wp\/v2\/types\/page"}],"author":[{"embeddable":true,"href":"https:\/\/femexrobotica.org\/fmr\/wp-json\/wp\/v2\/users\/1"}],"replies":[{"embeddable":true,"href":"https:\/\/femexrobotica.org\/fmr\/wp-json\/wp\/v2\/comments?post=35"}],"version-history":[{"count":3,"href":"https:\/\/femexrobotica.org\/fmr\/wp-json\/wp\/v2\/pages\/35\/revisions"}],"predecessor-version":[{"id":274,"href":"https:\/\/femexrobotica.org\/fmr\/wp-json\/wp\/v2\/pages\/35\/revisions\/274"}],"wp:attachment":[{"href":"https:\/\/femexrobotica.org\/fmr\/wp-json\/wp\/v2\/media?parent=35"}],"curies":[{"name":"wp","href":"https:\/\/api.w.org\/{rel}","templated":true}]}}