{"id":30,"date":"2025-12-04T00:13:58","date_gmt":"2025-12-04T06:13:58","guid":{"rendered":"https:\/\/femexrobotica.org\/fmr\/?page_id=30"},"modified":"2026-02-09T21:05:54","modified_gmt":"2026-02-10T03:05:54","slug":"eventos","status":"publish","type":"page","link":"https:\/\/femexrobotica.org\/fmr\/eventos\/","title":{"rendered":"Eventos"},"content":{"rendered":"\n<p class=\"has-text-align-left\"><strong>Pr\u00f3ximos eventos<\/strong><\/p>\n\n\n\n<ul class=\"wp-block-list\">\n<li><a href=\"https:\/\/femexrobotica.org\/eir2025-2026\/\" data-type=\"link\" data-id=\"https:\/\/femexrobotica.org\/eir2025-2026\/\"><strong>Escuela de Invierno de Rob\u00f3tica 2025-2026<\/strong><\/a>, Centro Nacional de Investigaci\u00f3n y Desarrollo Tecnol\u00f3gico, Cuernavaca, Morelos, <strong><mark style=\"background-color:rgba(0, 0, 0, 0)\" class=\"has-inline-color has-vivid-red-color\">Febrero de 2026<\/mark><\/strong>.<\/li>\n\n\n\n<li><a href=\"https:\/\/femexrobotica.org\/tmr2026\/\" data-type=\"link\" data-id=\"https:\/\/femexrobotica.org\/tmr2026\/\"><strong>Torneo Mexicano de Rob\u00f3tica 2026<\/strong><\/a>, Capital de la Tecnolog\u00eda y Sostenibilidad, Puebla, <strong><mark style=\"background-color:rgba(0, 0, 0, 0)\" class=\"has-inline-color has-vivid-red-color\">Abril de 2026<\/mark><\/strong>.<\/li>\n\n\n\n<li><a href=\"https:\/\/femexrobotica.org\/mexcir2026\/\" data-type=\"link\" data-id=\"https:\/\/femexrobotica.org\/mexcir2026\/\"><strong>2nd Mexican Conference on Intelligent Robots<\/strong><\/a>, Consejo Zacatecano de Ciencia Tecnolog\u00eda e Innovaci\u00f3n (COZCyT), Zacatecas, <strong><mark style=\"background-color:rgba(0, 0, 0, 0)\" class=\"has-inline-color has-vivid-red-color\">Junio de 2026<\/mark><\/strong>.<\/li>\n<\/ul>\n\n\n\n<p><strong>Eventos avalados por la FMR<\/strong><\/p>\n\n\n\n<ul class=\"wp-block-list\">\n<li><em><strong><a href=\"https:\/\/secihti.mx\/futbotmx\/\" data-type=\"link\" data-id=\"https:\/\/secihti.mx\/futbotmx\/\">Copa FutBotMX 2026<\/a><\/strong><\/em>, Secretar\u00eda de Ciencia, Humanidades, Tecnolog\u00eda e Innovaci\u00f3n (Secihti), Ciudad de M\u00e9xico, <strong><mark style=\"background-color:rgba(0, 0, 0, 0)\" class=\"has-inline-color has-vivid-red-color\">24-26 de Junio 2026.<\/mark><\/strong><\/li>\n\n\n\n<li><a href=\"https:\/\/sice-si.org\/SII2026\/\" data-type=\"link\" data-id=\"https:\/\/sice-si.org\/SII2026\/\"><strong>IEEE\/SICE International Symposium on System Integration (SII 2026)<\/strong><\/a>, Cancun, Quintana Roo, M\u00e9xico, <mark style=\"background-color:rgba(0, 0, 0, 0)\" class=\"has-inline-color has-vivid-red-color\"><strong>11-14 Enero, 2026<\/strong><\/mark><\/li>\n\n\n\n<li><strong><a href=\"https:\/\/ccc.inaoep.mx\/~tndi\/\" data-type=\"link\" data-id=\"https:\/\/ccc.inaoep.mx\/~tndi\/\">Taller Nacional de Drones Inteligentes 2024<\/a>,<\/strong> Instituto Nacional de Astrof\u00edsica, \u00d3ptica y Electr\u00f3nica, San Andr\u00e9s Cholula, Puebla, 22 de octubre, 2024.<\/li>\n\n\n\n<li>Torneo Regional de Rob\u00f3tica Sur-Sureste 2024, Universidad Tecnol\u00f3gica del Sureste de Veracruz, Nanchital, Veracruz, 12-13 de enero, 2024.<\/li>\n\n\n\n<li>X Torneo Regional de Rob\u00f3tica Zona Norte, Fundaci\u00f3n ProRobotica de Nuevo Le\u00f3n AC, CBTIS 258, Monterrey, 2-3 de marzo, 2019.<\/li>\n\n\n\n<li>Primer Encuentro de Rob\u00f3tica Tamaulipas 2018, Universidad Polit\u00e9cnica de Victoria, Ciudad Victoria, Tamaulipas, 16-17 de febrero, 2018.<\/li>\n\n\n\n<li><a href=\"https:\/\/ccc.inaoep.mx\/~vcadw\/\" data-type=\"link\" data-id=\"https:\/\/ccc.inaoep.mx\/~vcadw\/\"><strong>International Workshop on Vision and Control for Autonomous Drones<\/strong><\/a>, INAOE, Puebla, 23-24 de febrero, 2017.<\/li>\n<\/ul>\n\n\n\n<p><strong>Eventos Organizados<\/strong> <\/p>\n\n\n\n<ul class=\"wp-block-list\">\n<li><a href=\"https:\/\/femexrobotica.org\/imav2025\/\" data-type=\"link\" data-id=\"https:\/\/femexrobotica.org\/imav2025\/\">16th International Micro Air Vehicle Conference and Competition<\/a>, San Andr\u00e9s Cholula, Puebla, November 3rd-7th, 2025.<\/li>\n\n\n\n<li><a href=\"https:\/\/www.larc-lars2025.org\/\" data-type=\"link\" data-id=\"https:\/\/www.larc-lars2025.org\/\">Latin American Robotics Competition and Symposium (LARC-LARS)<\/a>, Tecnol\u00f3gico de Monterrey, Monterrey, Nuevo Le\u00f3n, M\u00e9xico, 29 Octubre al 1 de Noviembre, 2025.<\/li>\n\n\n\n<li><a href=\"https:\/\/femexrobotica.org\/mexcir2025\/\" data-type=\"link\" data-id=\"https:\/\/femexrobotica.org\/mexcir2025\/\">1st Mexican Conference on Intelligent Robots<\/a>, Universidad de las Am\u00e9ricas Puebla, Mexico City extension facilities, June 25th-27th, 2025.<\/li>\n\n\n\n<li><a href=\"https:\/\/femexrobotica.org\/tmr2025\/en\/torneo-mexicano-de-robotica\/\" data-type=\"link\" data-id=\"https:\/\/femexrobotica.org\/tmr2025\/en\/torneo-mexicano-de-robotica\/\">Torneo Mexicano de Rob\u00f3tica 2025<\/a>, Universidad Aut\u00f3noma Metropolitana &#8211; Unidad Iztapalapa, Ciudad de M\u00e9xico, 7-9 de mayo, 2025.<\/li>\n\n\n\n<li><a href=\"https:\/\/femexrobotica.org\/eir2024-2025\/\" data-type=\"link\" data-id=\"https:\/\/femexrobotica.org\/eir2024-2025\/\">Escuela de Invierno de Rob\u00f3tica 2024\/2025<\/a>, Centro de Investigaci\u00f3n en Computaci\u00f3n, IPN, Ciudad de M\u00e9xico, 9 al 13 de diciembre de 2024.<\/li>\n\n\n\n<li><a href=\"https:\/\/femexrobotica.org\/eir2023-2024\/\" data-type=\"link\" data-id=\"https:\/\/femexrobotica.org\/eir2023-2024\/\">Escuela de Invierno de Rob\u00f3tica 2023\/2024<\/a>, Universidad Tecnol\u00f3gica del Sureste de Veracruz, Nanchital, Veracruz, 8-12 de enero, 2024.<\/li>\n\n\n\n<li><a href=\"https:\/\/femexrobotica.org\/tmr2024\/\" data-type=\"link\" data-id=\"https:\/\/femexrobotica.org\/tmr2024\/\">Torneo Mexicano de Rob\u00f3tica 2024<\/a>, Universidad Aut\u00f3noma de Nuevo Le\u00f3n, Monterrey, Nuevo Le\u00f3n, 18-20 de abril, 2024.<\/li>\n\n\n\n<li><a href=\"https:\/\/femexrobotica.org\/tmr2023\/\" data-type=\"link\" data-id=\"https:\/\/femexrobotica.org\/tmr2023\/\">Torneo Mexicano de Rob\u00f3tica 2023<\/a>, Universidad Tecnol\u00f3gica del Sureste de Veracruz, Xalapa, Veracruz, 27-29 de abril, 2023.<\/li>\n\n\n\n<li><a href=\"https:\/\/femexrobotica.org\/eir2022-2023\/\" data-type=\"link\" data-id=\"https:\/\/femexrobotica.org\/eir2022-2023\/\">Escuela de Invierno de Rob\u00f3tica 2022\/2023<\/a>, Consejo Zacatecano de Ciencia, Tecnolog\u00eda e Innovaci\u00f3n, Zacatecas, Zacatecas, 9-13 de enero, 2023.<\/li>\n\n\n\n<li>Diplomado en Rob\u00f3tica de Servicio Oto\u00f1o 2022, Federaci\u00f3n Mexicana de Rob\u00f3tica, diplomado a distancia, Puebla, 29 de agosto a 21 de diciembre, 2022.<\/li>\n\n\n\n<li><a href=\"https:\/\/www.femexrobotica.org\/tmr2022\/\" data-type=\"link\" data-id=\"https:\/\/www.femexrobotica.org\/tmr2022\/\">Torneo Mexicano de Rob\u00f3tica 2022<\/a>, Universidad Polit\u00e9cnica de Victoria, Ciudad Victoria, Tamaulipas, 19-21 de mayo, 2022.<\/li>\n\n\n\n<li>Diplomado en Rob\u00f3tica de Servicio Primavera 2022, Federaci\u00f3n Mexicana de Rob\u00f3tica, diplomado a distancia, Puebla, 31 de enero a 18 de mayo, 2022.<\/li>\n\n\n\n<li><a href=\"https:\/\/femexrobotica.org\/eir2021-2022\/\" data-type=\"link\" data-id=\"https:\/\/femexrobotica.org\/eir2021-2022\/\">Escuela de Invierno de Rob\u00f3tica 2021\/2022<\/a>, Universidad Aut\u00f3noma de Guadalajara, evento a distancia, Jalisco, 10-14 de enero, 2022.<\/li>\n\n\n\n<li><a href=\"https:\/\/www.femexrobotica.org\/tmr2021\/\" data-type=\"link\" data-id=\"https:\/\/www.femexrobotica.org\/tmr2021\/\">Torneo Mexicano de Rob\u00f3tica 2021<\/a>, ITESM-GDL, evento a distancia, Jalisco, 17-21 de mayo, 2021.<\/li>\n\n\n\n<li>Escuela de Invierno de Rob\u00f3tica 2020\/2021, Universidad Tecnol\u00f3gica del Sureste de Veracruz, evento a distancia, Veracruz, 4-8 de enero, 2021.<\/li>\n\n\n\n<li><a href=\"https:\/\/www.femexrobotica.org\/tmr2020\/\" data-type=\"link\" data-id=\"https:\/\/www.femexrobotica.org\/tmr2020\/\">Torneo Mexicano de Rob\u00f3tica 2020<\/a>, ITESM-SON, Hermosillo, Sonora, 26-28 de marzo, 2020.<\/li>\n\n\n\n<li>Escuela de Invierno de Rob\u00f3tica 2019\/2020, CINVESTAV Saltillo e Instituto Tecnol\u00f3gico de Saltillo, Saltillo, Coahuila, 13-17 de enero, 2020.<\/li>\n\n\n\n<li><a href=\"https:\/\/www.femexrobotica.org\/tmr2019\/\" data-type=\"link\" data-id=\"https:\/\/www.femexrobotica.org\/tmr2019\/\">Torneo Mexicano de Rob\u00f3tica 2019<\/a>, ITESM-GDL, Guadalajara, Jalisco, 21-23 de marzo, 2019.<\/li>\n\n\n\n<li>Escuela de Invierno de Rob\u00f3tica 2018\/2019, CIC del IPN, Ciudad de M\u00e9xico, 7-11 de enero, 2019.<\/li>\n\n\n\n<li><a href=\"https:\/\/www.femexrobotica.org\/tmr2018\/\" data-type=\"link\" data-id=\"https:\/\/www.femexrobotica.org\/tmr2018\/\">Torneo Mexicano de Rob\u00f3tica 2018<\/a>, ITESM-MTY, Monterrey, Nuevo Le\u00f3n, 22-24 de marzo, 2018.<\/li>\n\n\n\n<li>Escuela de Invierno de Rob\u00f3tica 2017\/2018, Universidad Veracruzana, Xalapa, Veracruz, 8-12 de enero, 2018.<\/li>\n\n\n\n<li><a href=\"https:\/\/www.femexrobotica.org\/tmr2017\/\" data-type=\"link\" data-id=\"https:\/\/www.femexrobotica.org\/tmr2017\/\">Torneo Mexicano de Rob\u00f3tica 2017<\/a>, Colegio Crist\u00f3bal Col\u00f3n, Lomas Verdes, Estado de M\u00e9xico, 30 de marzo al 1o de abril, 2017.<\/li>\n\n\n\n<li><a href=\"https:\/\/www.femexrobotica.org\/eir2016-2017\/\" data-type=\"link\" data-id=\"https:\/\/www.femexrobotica.org\/eir2016-2017\/\">Escuela de Invierno de Rob\u00f3tica 2016\/2017<\/a>, UPAEP, Puebla, 9-13 de enero, 2017.<\/li>\n\n\n\n<li>Torneo Mexicano de Rob\u00f3tica 2016, Universidad Polit\u00e9cnica de Victoria, Polyforum \u201cDr. Rodolfo Torre Cant\u00fa\u201d, Cd. Victoria, Tamaulipas, 15-17 de marzo, 2016.<\/li>\n\n\n\n<li><a href=\"https:\/\/www.femexrobotica.org\/tmr2015\/\" data-type=\"link\" data-id=\"https:\/\/www.femexrobotica.org\/tmr2015\/\">Torneo Mexicano de Rob\u00f3tica 2015<\/a>, Facultad de Estudios Superiores de la UNAM, Acatl\u00e1n, Estado de M\u00e9xico, 23-25 de abril, 2015.<\/li>\n\n\n\n<li><a href=\"https:\/\/www.femexrobotica.org\/eir2015\/\" data-type=\"link\" data-id=\"https:\/\/www.femexrobotica.org\/eir2015\/\">Escuela de Invierno de Rob\u00f3tica 2015<\/a>, Universidad Polit\u00e9cnica de Victoria, Cd. Victoria, Tamaulipas, 5-9 de enero, 2015.<\/li>\n\n\n\n<li><a href=\"https:\/\/www.risc.cnrs.fr\/echos\/60659\" data-type=\"link\" data-id=\"https:\/\/www.risc.cnrs.fr\/echos\/60659\">Beach and Sea Robot Competition<\/a>, Universidad del Egeo, Samos, Grecia, 9-12 de octubre, 2014.<\/li>\n\n\n\n<li><a href=\"https:\/\/www.femexrobotica.org\/tmr2014\/\" data-type=\"link\" data-id=\"https:\/\/www.femexrobotica.org\/tmr2014\/\">Torneo Mexicano de Rob\u00f3tica 2014<\/a>, UNACAR-Ciudad del Carmen, Campeche, 10-12 de abril, 2014.<\/li>\n\n\n\n<li><a href=\"https:\/\/ccc.inaoep.mx\/~escinvrobotica2013\/index.html\" data-type=\"link\" data-id=\"https:\/\/ccc.inaoep.mx\/~escinvrobotica2013\/index.html\">Escuela de Invierno de Rob\u00f3tica 2013<\/a>, INAOE, Tonantzintla, Puebla, 9-13 de diciembre, 2013.<\/li>\n\n\n\n<li><a href=\"https:\/\/www.femexrobotica.org\/tmr2013\/\" data-type=\"link\" data-id=\"https:\/\/www.femexrobotica.org\/tmr2013\/\">Torneo Mexicano de Rob\u00f3tica 2013<\/a>, ITESM-Puebla, Puebla, 25-27 de abril, 2013.<\/li>\n\n\n\n<li><a href=\"http:\/\/www.robocup2012.org\/\" data-type=\"link\" data-id=\"http:\/\/www.robocup2012.org\/\">Mundial RoboCup 2012<\/a>, World Trade Center, Ciudad de M\u00e9xico, 18-24 de junio, 2012.<\/li>\n\n\n\n<li><a href=\"https:\/\/www.femexrobotica.org\/tmr2012\/\" data-type=\"link\" data-id=\"https:\/\/www.femexrobotica.org\/tmr2012\/\">Torneo Mexicano de Rob\u00f3tica 2012<\/a>, ITESM-CEM, Estado de M\u00e9xico, 26-28 de abril, 2012.<\/li>\n\n\n\n<li><a href=\"https:\/\/femexrobotica.org\/tmr2011\/index-2.html\" data-type=\"link\" data-id=\"https:\/\/femexrobotica.org\/tmr2011\/index-2.html\">Torneo Mexicano de Rob\u00f3tica 2011<\/a>, ITAM, Ciudad de M\u00e9xico, 4-6 de mayo, 2011.<\/li>\n\n\n\n<li>Torneo Mexicano de Rob\u00f3tica 2009, Universidad Panamericana, Guadalajara, Jalisco, 10-12 de septiembre, 2009.<\/li>\n\n\n\n<li>Torneo Mexicano de Rob\u00f3tica 2008, UNAM, Palacio de Miner\u00eda, Ciudad de M\u00e9xico, 4-6 de septiembre, 2008.<\/li>\n\n\n\n<li>Concurso Latino Americano de Rob\u00f3tica IEEE 2007, ITNL, Monterrey, Nuevo Le\u00f3n, 5-9 de noviembre, 2007.<\/li>\n\n\n\n<li>Concurso Mexicano de Rob\u00f3tica 2007, UPAEP, Puebla, 27-31 de agosto, 2007.<\/li>\n\n\n\n<li>Concurso Mexicano de Rob\u00f3tica 2006, Universidad La Salle, Ciudad de M\u00e9xico, 23-25 de agosto, 2006.<\/li>\n\n\n\n<li>Concurso Mexicano de Rob\u00f3tica 2005, ITESM-Cuernavaca, Morelos, 24-26 de agosto, 2005.<\/li>\n\n\n\n<li>Concurso Latino Americano de Rob\u00f3tica IEEE 2004, ITESM-CEM, Estado de M\u00e9xico, 25-27 de octubre, 2004.<\/li>\n\n\n\n<li>Concurso Metropolitano de Rob\u00f3tica, Instituto Polit\u00e9cnico Nacional, Ciudad de M\u00e9xico, Abril, 2004.<\/li>\n\n\n\n<li>Concurso Estudiantil de Rob\u00f3tica, ITESM-CEM, Estado de M\u00e9xico, 21-22 de abril, 2003.<\/li>\n\n\n\n<li>Concurso Metropolitano de Rob\u00f3tica, Universidad Iberoamericana, Ciudad de M\u00e9xico, 2002.<\/li>\n\n\n\n<li>Concurso Metropolitano de Rob\u00f3tica, ITAM, Ciudad de M\u00e9xico, 2001.<\/li>\n\n\n\n<li>Concurso Metropolitano de Rob\u00f3tica, Universium UNAM, Ciudad de M\u00e9xico, 2000.<\/li>\n<\/ul>\n","protected":false},"excerpt":{"rendered":"<p>Pr\u00f3ximos eventos Eventos avalados por la FMR Eventos Organizados<\/p>\n","protected":false},"author":1,"featured_media":0,"parent":0,"menu_order":0,"comment_status":"closed","ping_status":"closed","template":"","meta":{"footnotes":""},"class_list":["post-30","page","type-page","status-publish","hentry"],"_links":{"self":[{"href":"https:\/\/femexrobotica.org\/fmr\/wp-json\/wp\/v2\/pages\/30","targetHints":{"allow":["GET"]}}],"collection":[{"href":"https:\/\/femexrobotica.org\/fmr\/wp-json\/wp\/v2\/pages"}],"about":[{"href":"https:\/\/femexrobotica.org\/fmr\/wp-json\/wp\/v2\/types\/page"}],"author":[{"embeddable":true,"href":"https:\/\/femexrobotica.org\/fmr\/wp-json\/wp\/v2\/users\/1"}],"replies":[{"embeddable":true,"href":"https:\/\/femexrobotica.org\/fmr\/wp-json\/wp\/v2\/comments?post=30"}],"version-history":[{"count":35,"href":"https:\/\/femexrobotica.org\/fmr\/wp-json\/wp\/v2\/pages\/30\/revisions"}],"predecessor-version":[{"id":281,"href":"https:\/\/femexrobotica.org\/fmr\/wp-json\/wp\/v2\/pages\/30\/revisions\/281"}],"wp:attachment":[{"href":"https:\/\/femexrobotica.org\/fmr\/wp-json\/wp\/v2\/media?parent=30"}],"curies":[{"name":"wp","href":"https:\/\/api.w.org\/{rel}","templated":true}]}}