{"id":145,"date":"2025-12-03T16:55:58","date_gmt":"2025-12-03T16:55:58","guid":{"rendered":"https:\/\/femexrobotica.org\/eir2025-2026\/?page_id=145"},"modified":"2026-02-03T18:47:21","modified_gmt":"2026-02-03T18:47:21","slug":"sede","status":"publish","type":"page","link":"https:\/\/femexrobotica.org\/eir2025-2026\/index.php\/sede\/","title":{"rendered":"Sede"},"content":{"rendered":"\n<!-- Bootstrap -->\n<link href=\"https:\/\/cdn.jsdelivr.net\/npm\/bootstrap@5.3.3\/dist\/css\/bootstrap.min.css\" rel=\"stylesheet\">\n\n<style>\n\/* ================= BLINDAJE WORDPRESS ================= *\/\n.wp-eir,\n.wp-eir * {\n  box-shadow: none !important;\n}\n\n\/* ================= CARRUSEL ================= *\/\n#carouselCuernavaca .carousel-item img {\n  height: 450px;\n  object-fit: cover;\n  width: 100%;\n}\n\n\/* ===== BOTONES LATERALES (ELIMINA MORADO) ===== *\/\n#carouselCuernavaca .carousel-control-prev,\n#carouselCuernavaca .carousel-control-next {\n  background: transparent !important;\n  background-color: transparent !important;\n  border: none !important;\n  outline: none !important;\n  box-shadow: none !important;\n  opacity: 1 !important;\n}\n\n#carouselCuernavaca .carousel-control-prev:focus,\n#carouselCuernavaca .carousel-control-next:focus,\n#carouselCuernavaca .carousel-control-prev:hover,\n#carouselCuernavaca .carousel-control-next:hover,\n#carouselCuernavaca .carousel-control-prev:active,\n#carouselCuernavaca .carousel-control-next:active {\n  background: transparent !important;\n  border: none !important;\n  outline: none !important;\n  box-shadow: none !important;\n}\n\n\/* ===== FLECHAS BLANCAS ===== *\/\n#carouselCuernavaca .carousel-control-prev-icon,\n#carouselCuernavaca .carousel-control-next-icon {\n  background-image: none !important;\n  width: 40px;\n  height: 40px;\n}\n\n\/* Flecha izquierda *\/\n#carouselCuernavaca .carousel-control-prev-icon::after {\n  content: '';\n  display: block;\n  width: 14px;\n  height: 14px;\n  border-left: 3px solid #ffffff;\n  border-bottom: 3px solid #ffffff;\n  transform: rotate(45deg);\n  margin-left: 12px;\n  margin-top: 12px;\n}\n\n\/* Flecha derecha *\/\n#carouselCuernavaca .carousel-control-next-icon::after {\n  content: '';\n  display: block;\n  width: 14px;\n  height: 14px;\n  border-right: 3px solid #ffffff;\n  border-top: 3px solid #ffffff;\n  transform: rotate(45deg);\n  margin-left: 12px;\n  margin-top: 12px;\n}\n\n\/* ================= SECCIONES ================= *\/\n.wp-eir section {\n  padding: 60px 20px;\n}\n\n\/* ================= CARDS ================= *\/\n.wp-eir .card-img-top {\n  height: 220px !important;\n  width: 100%;\n  object-fit: cover !important;\n}\n\n\/* ================= ATRACTIVOS ================= *\/\n#atractivos .atractivos-wrapper {\n  display: flex;\n  flex-wrap: wrap;\n  gap: 20px;\n  justify-content: center;\n  margin-top: 20px;\n}\n\n#atractivos .card {\n  width: 250px;\n  text-align: center;\n  border: none;\n}\n\n#atractivos .card h2 {\n  font-size: 16px;\n  margin-bottom: 10px;\n}\n\n#atractivos .card img {\n  width: 250px;\n  height: 160px;\n  object-fit: cover;\n  border-radius: 8px;\n  margin-bottom: 10px;\n}\n\n\/* ================= BOTONES ================= *\/\n.wp-eir .btn {\n  background-color: #056CB7 !important;\n  color: #ffffff !important;\n  border: none !important;\n}\n\n.wp-eir .btn:hover {\n  background-color: #0592F2 !important;\n}\n<\/style>\n\n<div class=\"wp-eir\">\n\n<!-- ================= CARRUSEL ================= -->\n<div id=\"carouselCuernavaca\" class=\"carousel slide\" data-bs-ride=\"carousel\">\n  <div class=\"carousel-inner\">\n    <div class=\"carousel-item active\">\n      <img decoding=\"async\" src=\"https:\/\/femexrobotica.org\/eir2025-2026\/wp-content\/uploads\/2025\/11\/cuernavaca1.jpg\">\n    <\/div>\n    <div class=\"carousel-item\">\n      <img decoding=\"async\" src=\"https:\/\/femexrobotica.org\/eir2025-2026\/wp-content\/uploads\/2025\/11\/cuernavaca2.jpg\">\n    <\/div>\n    <div class=\"carousel-item\">\n      <img decoding=\"async\" src=\"https:\/\/femexrobotica.org\/eir2025-2026\/wp-content\/uploads\/2025\/11\/cuernavaca3.jpg\">\n    <\/div>\n  <\/div>\n\n  <button class=\"carousel-control-prev\" type=\"button\" data-bs-target=\"#carouselCuernavaca\" data-bs-slide=\"prev\">\n    <span class=\"carousel-control-prev-icon\"><\/span>\n  <\/button>\n  <button class=\"carousel-control-next\" type=\"button\" data-bs-target=\"#carouselCuernavaca\" data-bs-slide=\"next\">\n    <span class=\"carousel-control-next-icon\"><\/span>\n  <\/button>\n<\/div>\n\n<!-- ================= CARDS ================= -->\n<div class=\"container my-5\">\n  <div class=\"row g-4 text-center\">\n\n    <div class=\"col-md-4\">\n      <div class=\"card h-100 shadow-sm\">\n        <img decoding=\"async\" src=\"https:\/\/femexrobotica.org\/eir2025-2026\/wp-content\/uploads\/2025\/11\/cenidet.jpeg\" class=\"card-img-top\">\n        <div class=\"card-body\">\n          <h5>Sede del Evento<\/h5>\n          <p>Ubicaci\u00f3n e instalaciones del CENIDET.<\/p>\n          <a href=\"#sede\" class=\"btn\">Ir a la secci\u00f3n<\/a>\n        <\/div>\n      <\/div>\n    <\/div>\n\n    <div class=\"col-md-4\">\n      <div class=\"card h-100 shadow-sm\">\n        <img decoding=\"async\" src=\"https:\/\/femexrobotica.org\/eir2025-2026\/wp-content\/uploads\/2025\/12\/Captura-de-pantalla-2025-12-03-135333.png\" class=\"card-img-top\">\n        <div class=\"card-body\">\n          <h5>Atractivos Tur\u00edsticos<\/h5>\n          <p>Descubre lo mejor de Cuernavaca.<\/p>\n          <a href=\"#atractivos\" class=\"btn\">Ir a la secci\u00f3n<\/a>\n        <\/div>\n      <\/div>\n    <\/div>\n\n    <div class=\"col-md-4\">\n      <div class=\"card h-100 shadow-sm\">\n        <img decoding=\"async\" src=\"https:\/\/femexrobotica.org\/eir2025-2026\/wp-content\/uploads\/2025\/12\/Captura-de-pantalla-2025-12-03-135902.png\" class=\"card-img-top\">\n        <div class=\"card-body\">\n          <h5>C\u00f3mo llegar<\/h5>\n          <p>Consulta el mapa para ubicar la sede.<\/p>\n          <a href=\"#ubicacion\" class=\"btn\">Ir a la secci\u00f3n<\/a>\n        <\/div>\n      <\/div>\n    <\/div>\n\n  <\/div>\n<\/div>\n\n<!-- ================= SEDE ================= -->\n<section id=\"sede\" class=\"bg-light\">\n  <div class=\"container text-center\">\n    <h2>Sede: CENIDET Cuernavaca<\/h2>\n    <p class=\"lead\">\n      Centro Nacional de Investigaci\u00f3n y Desarrollo Tecnol\u00f3gico (CENIDET)<br>\n      Interior Internado Palmira S\/N, Col. Palmira, C.P. 62490 Cuernavaca, Morelos, M\u00e9xico\n    <\/p>\n  <\/div>\n<\/section>\n\n<!-- ================= ATRACTIVOS ================= -->\n<section id=\"atractivos\">\n  <div class=\"container text-center\">\n    <h2>Atractivos Tur\u00edsticos de Cuernavaca<\/h2>\n\n    <div class=\"atractivos-wrapper\">\n\n      <div class=\"card\">\n        <h2>Jard\u00edn Borda<\/h2>\n        <img decoding=\"async\" src=\"https:\/\/femexrobotica.org\/eir2025-2026\/wp-content\/uploads\/2026\/01\/100_2459.jpg\">\n        <a class=\"btn\" href=\"https:\/\/maps.app.goo.gl\/GViid4KJP4XmGrVu9\" target=\"_blank\">Ubicaci\u00f3n<\/a>\n      <\/div>\n\n      <div class=\"card\">\n        <h2>Palacio de Cort\u00e9s<\/h2>\n        <img decoding=\"async\" src=\"https:\/\/tse4.mm.bing.net\/th\/id\/OIP.F7A9H8H9vx_CF7CU8dXPDQHaE9\">\n        <a class=\"btn\" href=\"https:\/\/maps.app.goo.gl\/F9BSWUTaayTG6itc8\" target=\"_blank\">Ubicaci\u00f3n<\/a>\n      <\/div>\n\n      <div class=\"card\">\n        <h2>Catedral de Cuernavaca<\/h2>\n        <img decoding=\"async\" src=\"https:\/\/tse1.mm.bing.net\/th\/id\/OIP.PRzJ-UQuIOG2FJ1h96V67wHaE7\">\n        <a class=\"btn\" href=\"https:\/\/maps.app.goo.gl\/NU2xyHHMnSpWKhhXA\" target=\"_blank\">Ubicaci\u00f3n<\/a>\n      <\/div>\n\n      <div class=\"card\">\n        <h2>Parque Chapultepec<\/h2>\n        <img decoding=\"async\" src=\"https:\/\/tse2.mm.bing.net\/th\/id\/OIP.EDOHqvunxhessArvD4FSxQHaEK\">\n        <a class=\"btn\" href=\"https:\/\/maps.app.goo.gl\/hCJvpJ7f2odhxPNz9\" target=\"_blank\">Ubicaci\u00f3n<\/a>\n      <\/div>\n\n      <div class=\"card\">\n        <h2>Zona Arqueol\u00f3gica de Teopanzolco<\/h2>\n        <img decoding=\"async\" src=\"https:\/\/3.bp.blogspot.com\/-7KGVcip1Ok0\/WL2PLjAsHoI\/AAAAAAAAAk0\/bhj1oP_YmSUOOL7rFYl9oAbSl-T53NoTACLcB\/s1600\/teopanzolco3.jpg\">\n        <a class=\"btn\" href=\"https:\/\/maps.app.goo.gl\/x26qLWWQC6bjzNqH7\" target=\"_blank\">Ubicaci\u00f3n<\/a>\n      <\/div>\n\n    <\/div>\n  <\/div>\n<\/section>\n\n<!-- ================= MAPA ================= -->\n<section id=\"ubicacion\" class=\"bg-light\">\n  <div class=\"container text-center\">\n    <h2>Ubicaci\u00f3n del CENIDET<\/h2>\n    <div class=\"ratio ratio-16x9\">\n      <iframe \n        src=\"https:\/\/www.google.com\/maps?q=Cenidet%20campus%20Ing.%20Mecanica%20Apatzingan%20212%20Palmira%20Cuernavaca%20Mor&#038;z=17&#038;output=embed\"\n        loading=\"lazy\"\n        referrerpolicy=\"no-referrer-when-downgrade\">\n      <\/iframe>\n    <\/div>\n  <\/div>\n<\/section>\n\n<\/div>\n","protected":false},"excerpt":{"rendered":"<p>Sede del Evento Ubicaci\u00f3n e instalaciones del CENIDET. Ir a la secci\u00f3n Atractivos Tur\u00edsticos Descubre lo mejor de Cuernavaca. Ir a la secci\u00f3n C\u00f3mo llegar Consulta el mapa para ubicar la sede. Ir a la secci\u00f3n Sede: CENIDET Cuernavaca Centro Nacional de Investigaci\u00f3n y Desarrollo Tecnol\u00f3gico (CENIDET) Interior Internado Palmira S\/N, Col. Palmira, C.P. 62490 [&hellip;]<\/p>\n","protected":false},"author":1,"featured_media":0,"parent":0,"menu_order":0,"comment_status":"closed","ping_status":"closed","template":"","meta":{"saved_in_kubio":false,"footnotes":""},"class_list":["post-145","page","type-page","status-publish","hentry"],"kubio_ai_page_context":{"short_desc":"","purpose":"general"},"_links":{"self":[{"href":"https:\/\/femexrobotica.org\/eir2025-2026\/index.php\/wp-json\/wp\/v2\/pages\/145","targetHints":{"allow":["GET"]}}],"collection":[{"href":"https:\/\/femexrobotica.org\/eir2025-2026\/index.php\/wp-json\/wp\/v2\/pages"}],"about":[{"href":"https:\/\/femexrobotica.org\/eir2025-2026\/index.php\/wp-json\/wp\/v2\/types\/page"}],"author":[{"embeddable":true,"href":"https:\/\/femexrobotica.org\/eir2025-2026\/index.php\/wp-json\/wp\/v2\/users\/1"}],"replies":[{"embeddable":true,"href":"https:\/\/femexrobotica.org\/eir2025-2026\/index.php\/wp-json\/wp\/v2\/comments?post=145"}],"version-history":[{"count":22,"href":"https:\/\/femexrobotica.org\/eir2025-2026\/index.php\/wp-json\/wp\/v2\/pages\/145\/revisions"}],"predecessor-version":[{"id":373,"href":"https:\/\/femexrobotica.org\/eir2025-2026\/index.php\/wp-json\/wp\/v2\/pages\/145\/revisions\/373"}],"wp:attachment":[{"href":"https:\/\/femexrobotica.org\/eir2025-2026\/index.php\/wp-json\/wp\/v2\/media?parent=145"}],"curies":[{"name":"wp","href":"https:\/\/api.w.org\/{rel}","templated":true}]}}