{"id":37,"date":"2023-09-13T22:28:33","date_gmt":"2023-09-13T22:28:33","guid":{"rendered":"https:\/\/femexrobotica.org\/eir2023-2024\/?page_id=37"},"modified":"2024-10-28T17:45:36","modified_gmt":"2024-10-28T23:45:36","slug":"sede","status":"publish","type":"page","link":"https:\/\/femexrobotica.org\/eir2024-2025\/index.php\/sede\/","title":{"rendered":"Sede"},"content":{"rendered":"\n<p>Centro de Investigaci\u00f3n en Computaci\u00f3n, Instituto Politecnico Nacional, con sede en&nbsp;<strong>Ciudad de M\u00e9xico<\/strong>.<\/p>\n\n\n\n<figure class=\"wp-block-image size-full\"><img loading=\"lazy\" decoding=\"async\" width=\"1920\" height=\"783\" src=\"https:\/\/femexrobotica.org\/eir2024-2025\/wp-content\/uploads\/2024\/10\/CIC_conocenos.jpg\" alt=\"\" class=\"wp-image-277\" srcset=\"https:\/\/femexrobotica.org\/eir2024-2025\/wp-content\/uploads\/2024\/10\/CIC_conocenos.jpg 1920w, https:\/\/femexrobotica.org\/eir2024-2025\/wp-content\/uploads\/2024\/10\/CIC_conocenos-300x122.jpg 300w, https:\/\/femexrobotica.org\/eir2024-2025\/wp-content\/uploads\/2024\/10\/CIC_conocenos-1024x418.jpg 1024w, https:\/\/femexrobotica.org\/eir2024-2025\/wp-content\/uploads\/2024\/10\/CIC_conocenos-768x313.jpg 768w, https:\/\/femexrobotica.org\/eir2024-2025\/wp-content\/uploads\/2024\/10\/CIC_conocenos-1536x626.jpg 1536w\" sizes=\"auto, (max-width: 1920px) 100vw, 1920px\" \/><\/figure>\n\n\n\n<p>Av. Juan de Dios B\u00e1tiz, esq. Miguel Oth\u00f3n de Mendiz\u00e1bal, Col.Nueva Industrial Vallejo, Alcald\u00eda Gustavo A. Madero, C.P. 07700, CDMX<\/p>\n\n\n\n<iframe src=\"https:\/\/www.google.com\/maps\/embed?pb=!1m18!1m12!1m3!1d3760.893211404829!2d-99.15014742515469!3d19.50322968179134!2m3!1f0!2f0!3f0!3m2!1i1024!2i768!4f13.1!3m3!1m2!1s0x85d1f84a9cf3183d%3A0x78efe76dd0d5bbe1!2sCentro%20de%20Investigaci%C3%B3n%20en%20Computaci%C3%B3n%20del%20IPN!5e0!3m2!1ses-419!2smx!4v1728593330501!5m2!1ses-419!2smx\" width=\"100%\" height=\"450\" style=\"border:0;\" allowfullscreen=\"\" loading=\"lazy\" referrerpolicy=\"no-referrer-when-downgrade\"><\/iframe>\n\n\n\n<p>El Centro de Investigaci\u00f3n en Computaci\u00f3n (CIC), siguiendo las normas de calidad acad\u00e9mica del IPN, tiene como uno de sus objetivos primordiales formar a los especialistas en computaci\u00f3n que demandan los mercados empresarial y acad\u00e9mico sujetos a constantes cambios y saltos tecnol\u00f3gicos, sujetos a un entorno de innovaci\u00f3n.<\/p>\n\n\n\n<figure class=\"wp-block-image size-full\"><img decoding=\"async\" src=\"https:\/\/femexrobotica.org\/eir2024-2025\/wp-content\/uploads\/2024\/10\/posgrado.jpg\" alt=\"\" class=\"wp-image-278\" width=\"100%\" srcset=\"https:\/\/femexrobotica.org\/eir2024-2025\/wp-content\/uploads\/2024\/10\/posgrado.jpg 801w, https:\/\/femexrobotica.org\/eir2024-2025\/wp-content\/uploads\/2024\/10\/posgrado-300x75.jpg 300w, https:\/\/femexrobotica.org\/eir2024-2025\/wp-content\/uploads\/2024\/10\/posgrado-768x192.jpg 768w\" sizes=\"(max-width: 801px) 100vw, 801px\" \/><\/figure>\n\n\n\n<p>Actualmente el CIC ofrece cinco programas de posgrado:<strong>&nbsp;la Maestr\u00eda en Ciencias de la Computaci\u00f3n (MCC*), la Maestr\u00eda en Ciencias en Ingenier\u00eda de C\u00f3mputo (MCIC*), la Maestr\u00eda en Ciencia y Tecnolog\u00eda de Inteligencia Artificial y Ciencia de Datos (MCTIAyCD), el Doctorado en Ciencias de la Computaci\u00f3n (DCC*), y el Doctorado en Ciencia y Tecnolog\u00eda de Inteligencia Artificial y Ciencia de Datos (DCTIAyCD).<\/strong><\/p>\n\n\n\n<p>* Estos programas pertenecen al Sistema Nacional de Posgrados (SNP) del Consejo Nacional de Humanidades Ciencia y Tecnolog\u00eda <strong>(CONAHCYT)<\/strong><\/p>\n\n\n\n<p><strong><em>Misi\u00f3n<\/em><\/strong><\/p>\n\n\n\n<p>El Centro de Investigaci\u00f3n en Computaci\u00f3n del Instituto Polit\u00e9cnico Nacional, realiza investigaci\u00f3n cient\u00edfica y tecnol\u00f3gica, as\u00ed como la formaci\u00f3n de recursos humanos en el nivel posgrado en las \u00e1reas de Ciencias de la Computaci\u00f3n e Ingenier\u00eda de C\u00f3mputo, para atender las necesidades planteadas por los sectores educativo, productivo y de servicios del pa\u00eds. Para lograrlo, emplea una estructura acad\u00e9mica y administrativa que ofrece programas de posgrado y desarrolla proyectos de investigaci\u00f3n cient\u00edfica y tecnol\u00f3gica con calidad, responsabilidad, \u00e9tica, tolerancia y compromiso social.<\/p>\n\n\n\n<p><strong><em>Visi\u00f3n<\/em><\/strong><\/p>\n\n\n\n<p>Ser el Centro l\u00edder de Investigaci\u00f3n en Ciencias de la Computaci\u00f3n e Ingenier\u00eda de C\u00f3mputo, que desarrolle investigaci\u00f3n cient\u00edfica y tecnol\u00f3gica comprometida con la sociedad, reconocido por el liderazgo de sus egresados en sus \u00e1reas de competencia, por imponer est\u00e1ndares de calidad y por contribuir el desarrollo nacional mediante las ideas generadas por su comunidad.<\/p>\n\n\n\n<p>El grupo del <strong>Laboratorio de Rob\u00f3tica y Mecatr\u00f3nica<\/strong> del CIC se realiza investigaci\u00f3n te\u00f3rica y desarrolla aplicaciones en los campos de la rob\u00f3tica y la mecatr\u00f3nica. Para esto combinan t\u00e9cnicas de c\u00f3mputo suave como el control difuso, tratamiento y an\u00e1lisis digital de im\u00e1genes, reconocimiento de patrones, redes neuronales, memorias asociativas, modelado mediante redes de Petri y optimizaci\u00f3n no convencional, para ser aplicados en: Control autom\u00e1tico, Modelado de sistemas lineales, no lineales y discretos, Simulaci\u00f3n y an\u00e1lisis de las din\u00e1micas de los sistemas, Visi\u00f3n por computadora, Reconocimiento de patrones, Control de robots humanoides, m\u00f3viles y a\u00e9reos, as\u00ed como; Control por medio de t\u00e9cnicas de l\u00f3gica difusa utilizando dispositivos de l\u00f3gica programable (FPGA).<\/p>\n\n\n\n<p>Visite la p\u00e1gina Web del Laboratorio en:\u00a0\u00a0 <a href=\"https:\/\/proyectosrym.cic.ipn.mx\">https:\/\/proyectosrym.cic.ipn.mx<\/a><\/p>\n\n\n\n<p><\/p>\n","protected":false},"excerpt":{"rendered":"<p>Centro de Investigaci\u00f3n en Computaci\u00f3n, Instituto Politecnico Nacional, con sede en&nbsp;Ciudad de M\u00e9xico. Av. Juan de Dios B\u00e1tiz, esq. Miguel Oth\u00f3n de Mendiz\u00e1bal, Col.Nueva Industrial Vallejo, Alcald\u00eda Gustavo A. Madero, C.P. 07700, CDMX El Centro de Investigaci\u00f3n en Computaci\u00f3n (CIC),<\/p>\n","protected":false},"author":1,"featured_media":0,"parent":0,"menu_order":0,"comment_status":"closed","ping_status":"closed","template":"","meta":{"_eb_attr":"","footnotes":""},"class_list":["post-37","page","type-page","status-publish","hentry"],"_links":{"self":[{"href":"https:\/\/femexrobotica.org\/eir2024-2025\/index.php\/wp-json\/wp\/v2\/pages\/37","targetHints":{"allow":["GET"]}}],"collection":[{"href":"https:\/\/femexrobotica.org\/eir2024-2025\/index.php\/wp-json\/wp\/v2\/pages"}],"about":[{"href":"https:\/\/femexrobotica.org\/eir2024-2025\/index.php\/wp-json\/wp\/v2\/types\/page"}],"author":[{"embeddable":true,"href":"https:\/\/femexrobotica.org\/eir2024-2025\/index.php\/wp-json\/wp\/v2\/users\/1"}],"replies":[{"embeddable":true,"href":"https:\/\/femexrobotica.org\/eir2024-2025\/index.php\/wp-json\/wp\/v2\/comments?post=37"}],"version-history":[{"count":8,"href":"https:\/\/femexrobotica.org\/eir2024-2025\/index.php\/wp-json\/wp\/v2\/pages\/37\/revisions"}],"predecessor-version":[{"id":442,"href":"https:\/\/femexrobotica.org\/eir2024-2025\/index.php\/wp-json\/wp\/v2\/pages\/37\/revisions\/442"}],"wp:attachment":[{"href":"https:\/\/femexrobotica.org\/eir2024-2025\/index.php\/wp-json\/wp\/v2\/media?parent=37"}],"curies":[{"name":"wp","href":"https:\/\/api.w.org\/{rel}","templated":true}]}}