{"id":33,"date":"2023-09-13T22:26:20","date_gmt":"2023-09-13T22:26:20","guid":{"rendered":"https:\/\/femexrobotica.org\/eir2023-2024\/?page_id=33"},"modified":"2024-10-18T16:32:45","modified_gmt":"2024-10-18T22:32:45","slug":"costos-y-becas","status":"publish","type":"page","link":"https:\/\/femexrobotica.org\/eir2024-2025\/index.php\/costos-y-becas\/","title":{"rendered":"Costos y Becas"},"content":{"rendered":"\n<p><strong>Costos de inscripci\u00f3n<\/strong><\/p>\n\n\n\n<p>El costo de inscripci\u00f3n como estudiante a los cursos de la&nbsp;Escuela de Invierno de Rob\u00f3tica 2024-2025 es de:<\/p>\n\n\n\n<ul class=\"wp-block-list\">\n<li>Estudiante presencial con beca de hospedaje (5 noches habitaci\u00f3n compartida):\n<ul class=\"wp-block-list\">\n<li><strong>$1,000.00 <\/strong><\/li>\n<\/ul>\n<\/li>\n\n\n\n<li>Estudiante presencial con constancia de participaci\u00f3n:\n<ul class=\"wp-block-list\">\n<li><strong>$150.00<\/strong><\/li>\n<\/ul>\n<\/li>\n\n\n\n<li>Estudiante virtual con constancia de participaci\u00f3n:\n<ul class=\"wp-block-list\">\n<li><strong>$150.00<\/strong><\/li>\n<\/ul>\n<\/li>\n<\/ul>\n\n\n\n<p><strong>Becas<\/strong><\/p>\n\n\n\n<p>Las becas de hospedaje tiene como finalidad apoyar a alumnos interesados en participar en la EIR 2024-2025 y viajen de una entidad diferente a la sede. En esta ocasi\u00f3n se ofrecen 24 becas de hospedaje. La beca de hospedaje incluye las noches del domingo 8 de diciembre al jueves 12 de diciembre del 2024.<\/p>\n\n\n\n<p>La solicitud de becas de hospedaje se realizar\u00e1 al momento del registro. Los resultados de la asignaci\u00f3n de las becas otorgadas se realizar\u00e1 el 18 de noviembre y la fecha l\u00edmite de pago para estudiantes con beca asignada es el 25 de noviembre.<\/p>\n\n\n\n<p><strong>Cupo m\u00e1ximo<\/strong><\/p>\n\n\n\n<p>Existe cupo limitado de estudiantes tanto en la modalidad presencial como virtual. Como cada a\u00f1o, los estudiantes ser\u00e1n elegidos por el Comit\u00e9 Organizador de la Escuela de Invierno de Rob\u00f3tica 2024-2025 a partir de la informaci\u00f3n proporcionada en su registro y tomando en cuenta criterios como el nivel educativo del candidato(a), su experiencia en rob\u00f3tica, sus motivos para asistir a la EIR 2024-2025, sus participaciones anteriores o futuras en competencias de rob\u00f3tica o en eventos de la Federaci\u00f3n Mexicana de Rob\u00f3tica, A.C., y en la fecha de finalizaci\u00f3n de su registro. En cualquier caso, una vez sea aceptado(a) a la EIR 2024-2025, el estudiante debe confirmar su participaci\u00f3n en la modalidad aceptada y en caso de requerir constancia de participaci\u00f3n cumplir con el pago correspondiente antes de la fecha l\u00edmite.<\/p>\n\n\n\n<p><strong>Pol\u00edtica de devoluci\u00f3n<\/strong><\/p>\n\n\n\n<p>Debido a que la planeaci\u00f3n del evento depende del n\u00famero de participantes, la fecha l\u00edmite para solicitar la devoluci\u00f3n del importe correspondiente a la inscripci\u00f3n es el <strong>25 de noviembre<\/strong>. Posterior a esta fecha no se aceptar\u00e1n solicitudes de devoluci\u00f3n. Esta pol\u00edtica aplica a\u00fan en el caso de que el participante no pueda acudir al evento, sin importar cu\u00e1l sea el motivo.<\/p>\n","protected":false},"excerpt":{"rendered":"<p>Costos de inscripci\u00f3n El costo de inscripci\u00f3n como estudiante a los cursos de la&nbsp;Escuela de Invierno de Rob\u00f3tica 2024-2025 es de: Becas Las becas de hospedaje tiene como finalidad apoyar a alumnos interesados en participar en la EIR 2024-2025 y<\/p>\n","protected":false},"author":1,"featured_media":0,"parent":0,"menu_order":0,"comment_status":"closed","ping_status":"closed","template":"","meta":{"_eb_attr":"","footnotes":""},"class_list":["post-33","page","type-page","status-publish","hentry"],"_links":{"self":[{"href":"https:\/\/femexrobotica.org\/eir2024-2025\/index.php\/wp-json\/wp\/v2\/pages\/33","targetHints":{"allow":["GET"]}}],"collection":[{"href":"https:\/\/femexrobotica.org\/eir2024-2025\/index.php\/wp-json\/wp\/v2\/pages"}],"about":[{"href":"https:\/\/femexrobotica.org\/eir2024-2025\/index.php\/wp-json\/wp\/v2\/types\/page"}],"author":[{"embeddable":true,"href":"https:\/\/femexrobotica.org\/eir2024-2025\/index.php\/wp-json\/wp\/v2\/users\/1"}],"replies":[{"embeddable":true,"href":"https:\/\/femexrobotica.org\/eir2024-2025\/index.php\/wp-json\/wp\/v2\/comments?post=33"}],"version-history":[{"count":12,"href":"https:\/\/femexrobotica.org\/eir2024-2025\/index.php\/wp-json\/wp\/v2\/pages\/33\/revisions"}],"predecessor-version":[{"id":424,"href":"https:\/\/femexrobotica.org\/eir2024-2025\/index.php\/wp-json\/wp\/v2\/pages\/33\/revisions\/424"}],"wp:attachment":[{"href":"https:\/\/femexrobotica.org\/eir2024-2025\/index.php\/wp-json\/wp\/v2\/media?parent=33"}],"curies":[{"name":"wp","href":"https:\/\/api.w.org\/{rel}","templated":true}]}}