{"id":11,"date":"2023-09-13T20:54:29","date_gmt":"2023-09-13T20:54:29","guid":{"rendered":"https:\/\/femexrobotica.org\/eir2023-2024\/?page_id=11"},"modified":"2024-12-09T21:06:56","modified_gmt":"2024-12-10T03:06:56","slug":"escuela-de-invierno-de-robotica-2023-2024-eir-23-24","status":"publish","type":"page","link":"https:\/\/femexrobotica.org\/eir2024-2025\/","title":{"rendered":"Escuela de Invierno de Rob\u00f3tica 2024-2025 (EIR 2024-2025)"},"content":{"rendered":"\n<figure class=\"wp-block-image aligncenter size-full\"><img loading=\"lazy\" decoding=\"async\" width=\"512\" height=\"75\" src=\"https:\/\/femexrobotica.org\/eir2024-2025\/wp-content\/uploads\/2024\/01\/image-11.png\" alt=\"\" class=\"wp-image-254\" srcset=\"https:\/\/femexrobotica.org\/eir2024-2025\/wp-content\/uploads\/2024\/01\/image-11.png 512w, https:\/\/femexrobotica.org\/eir2024-2025\/wp-content\/uploads\/2024\/01\/image-11-300x44.png 300w\" sizes=\"auto, (max-width: 512px) 100vw, 512px\" \/><\/figure>\n\n\n\n<p>La&nbsp;<a href=\"http:\/\/femexrobotica.org\/\" target=\"_blank\" rel=\"noreferrer noopener\">Federaci\u00f3n Mexicana de Rob\u00f3tica A.C.<\/a>&nbsp;(FMR) y el Centro de Investigaci\u00f3n en Computaci\u00f3n (CIC-IPN), tienen el gusto de darles la bienvenida a estudiantes y acad\u00e9micos de nivel medio, superior y posgrado, a la d\u00e9cimo primera edici\u00f3n de la&nbsp;<strong>Escuela de Invierno de Rob\u00f3tica 2024-2025 (EIR 2024-2025)<\/strong>, que se realizar\u00e1 del&nbsp;<em><strong>9 al 13 de Diciembre de 2024<\/strong><\/em> en las<strong> instalaciones del Centro de Investigaci\u00f3n en computaci\u00f3n del Instituto Polit\u00e9cnico Nacional<\/strong> en la Ciudad de M\u00e9xico.<\/p>\n\n\n\n<p>Como es tradici\u00f3n desde el a\u00f1o 2013, cada a\u00f1o la EIR 2024-2025 ofrece cursos te\u00f3ricos o demostrativos y talleres te\u00f3rico-pr\u00e1cticos, as\u00ed como Conferencias Magistrales impartidas por reconocidos especialistas mexicanos en rob\u00f3tica. Nuestro objetivo es proporcionar a los participantes un panorama amplio y actual de la rob\u00f3tica, compartir los avances recientes alcanzados en M\u00e9xico y ofrecer un ambiente de interacci\u00f3n entre los asistentes que fomente la creaci\u00f3n de futuras redes de colaboraci\u00f3n en rob\u00f3tica en nuestro pa\u00eds. Igualmente, es nuestro inter\u00e9s apoyar a los estudiantes asistentes en su preparaci\u00f3n para participar en competencias rob\u00f3ticas de alto nivel, como es el Torneo Mexicano de Rob\u00f3tica.<\/p>\n\n\n\n<p>Atentamente,<\/p>\n\n\n\n<p><strong>Centro de Investigaci\u00f3n en Computaci\u00f3n &#8211; CIC IPN<br>Federaci\u00f3n Mexicana de Rob\u00f3tica, A.C.<\/strong><\/p>\n\n\n\n<p class=\"has-text-align-center has-vivid-purple-color has-text-color has-link-color has-large-font-size wp-elements-1fa7391187aaf73c36d7954240a1c047\">===<mark style=\"background-color:rgba(0, 0, 0, 0)\" class=\"has-inline-color has-vivid-purple-color\">Fechas Importantes<\/mark> 2024===<\/p>\n\n\n\n<p>-Tipo de estudiantes: <strong>Presencial y virtual<\/strong><br>-Apertura de registro: <strong>21 de Octubre<\/strong> ==&gt;<a href=\"https:\/\/eir.registrofmr.org\/\">LINK<\/a>&lt;==<br>-Fecha l\u00edmite para solicitud de beca de hospedaje: <strong>11 de Noviembre<\/strong><br>-Resultados beca hospedaje: <strong>18 de Noviembre<\/strong><br>-Fecha l\u00edmite de registro y pago de becarios con hospedaje: <strong>25 de Noviembre<\/strong><br>-Fecha l\u00edmite de registro sin beca de hospedaje: <strong>6 de Diciembre<\/strong><br>-Fecha l\u00edmite de pago constancia de estudiantes sin beca: <strong>12 de Diciembre<\/strong><br><\/p>\n","protected":false},"excerpt":{"rendered":"<p>La&nbsp;Federaci\u00f3n Mexicana de Rob\u00f3tica A.C.&nbsp;(FMR) y el Centro de Investigaci\u00f3n en Computaci\u00f3n (CIC-IPN), tienen el gusto de darles la bienvenida a estudiantes y acad\u00e9micos de nivel medio, superior y posgrado, a la d\u00e9cimo primera edici\u00f3n de la&nbsp;Escuela de Invierno de<\/p>\n","protected":false},"author":1,"featured_media":312,"parent":0,"menu_order":0,"comment_status":"closed","ping_status":"closed","template":"","meta":{"_eb_attr":"","footnotes":""},"class_list":["post-11","page","type-page","status-publish","has-post-thumbnail","hentry"],"_links":{"self":[{"href":"https:\/\/femexrobotica.org\/eir2024-2025\/index.php\/wp-json\/wp\/v2\/pages\/11","targetHints":{"allow":["GET"]}}],"collection":[{"href":"https:\/\/femexrobotica.org\/eir2024-2025\/index.php\/wp-json\/wp\/v2\/pages"}],"about":[{"href":"https:\/\/femexrobotica.org\/eir2024-2025\/index.php\/wp-json\/wp\/v2\/types\/page"}],"author":[{"embeddable":true,"href":"https:\/\/femexrobotica.org\/eir2024-2025\/index.php\/wp-json\/wp\/v2\/users\/1"}],"replies":[{"embeddable":true,"href":"https:\/\/femexrobotica.org\/eir2024-2025\/index.php\/wp-json\/wp\/v2\/comments?post=11"}],"version-history":[{"count":25,"href":"https:\/\/femexrobotica.org\/eir2024-2025\/index.php\/wp-json\/wp\/v2\/pages\/11\/revisions"}],"predecessor-version":[{"id":493,"href":"https:\/\/femexrobotica.org\/eir2024-2025\/index.php\/wp-json\/wp\/v2\/pages\/11\/revisions\/493"}],"wp:featuredmedia":[{"embeddable":true,"href":"https:\/\/femexrobotica.org\/eir2024-2025\/index.php\/wp-json\/wp\/v2\/media\/312"}],"wp:attachment":[{"href":"https:\/\/femexrobotica.org\/eir2024-2025\/index.php\/wp-json\/wp\/v2\/media?parent=11"}],"curies":[{"name":"wp","href":"https:\/\/api.w.org\/{rel}","templated":true}]}}