{"id":108,"date":"2023-12-03T01:02:40","date_gmt":"2023-12-03T01:02:40","guid":{"rendered":"https:\/\/femexrobotica.org\/eir2023-2024\/?page_id=108"},"modified":"2024-12-05T20:17:56","modified_gmt":"2024-12-06T02:17:56","slug":"hoteles-sede","status":"publish","type":"page","link":"https:\/\/femexrobotica.org\/eir2024-2025\/index.php\/hoteles-sede\/","title":{"rendered":"Hoteles sede"},"content":{"rendered":"\n<figure class=\"wp-block-image size-large\"><img loading=\"lazy\" decoding=\"async\" width=\"1024\" height=\"575\" src=\"https:\/\/femexrobotica.org\/eir2024-2025\/wp-content\/uploads\/2024\/12\/Screen-Shot-2024-12-05-at-19.57.33-1024x575.png\" alt=\"\" class=\"wp-image-476\" srcset=\"https:\/\/femexrobotica.org\/eir2024-2025\/wp-content\/uploads\/2024\/12\/Screen-Shot-2024-12-05-at-19.57.33-1024x575.png 1024w, https:\/\/femexrobotica.org\/eir2024-2025\/wp-content\/uploads\/2024\/12\/Screen-Shot-2024-12-05-at-19.57.33-300x168.png 300w, https:\/\/femexrobotica.org\/eir2024-2025\/wp-content\/uploads\/2024\/12\/Screen-Shot-2024-12-05-at-19.57.33-768x431.png 768w, https:\/\/femexrobotica.org\/eir2024-2025\/wp-content\/uploads\/2024\/12\/Screen-Shot-2024-12-05-at-19.57.33.png 1472w\" sizes=\"auto, (max-width: 1024px) 100vw, 1024px\" \/><\/figure>\n\n\n\n<p><a href=\"https:\/\/maps.app.goo.gl\/UW6bcTx3BZNuf9oS8\"><strong>Courtyard by Marriott Mexico City Vallejo<\/strong><\/a><br><strong>Direcci\u00f3n: <\/strong>Calzada Vallejo (Eje Pte, 1) 1090, Sta Cruz de las Salinas, 02300 Ciudad de M\u00e9xico, CDMX.<br><strong>Pagina<\/strong>: <a href=\"https:\/\/www.marriott.com\/en-us\/hotels\/mexvj-courtyard-mexico-city-vallejo\/overview\/?scid=f2ae0541-1279-4f24-b197-a979c79310b0\">marriott.com<\/a> <br><strong>Telefono<\/strong>: +52 5550001750<\/p>\n\n\n\n<figure class=\"wp-block-image size-large\"><img loading=\"lazy\" decoding=\"async\" width=\"1024\" height=\"660\" src=\"https:\/\/femexrobotica.org\/eir2024-2025\/wp-content\/uploads\/2024\/12\/Screen-Shot-2024-12-05-at-20.03.58-1024x660.png\" alt=\"\" class=\"wp-image-477\" srcset=\"https:\/\/femexrobotica.org\/eir2024-2025\/wp-content\/uploads\/2024\/12\/Screen-Shot-2024-12-05-at-20.03.58-1024x660.png 1024w, https:\/\/femexrobotica.org\/eir2024-2025\/wp-content\/uploads\/2024\/12\/Screen-Shot-2024-12-05-at-20.03.58-300x193.png 300w, https:\/\/femexrobotica.org\/eir2024-2025\/wp-content\/uploads\/2024\/12\/Screen-Shot-2024-12-05-at-20.03.58-768x495.png 768w, https:\/\/femexrobotica.org\/eir2024-2025\/wp-content\/uploads\/2024\/12\/Screen-Shot-2024-12-05-at-20.03.58.png 1142w\" sizes=\"auto, (max-width: 1024px) 100vw, 1024px\" \/><\/figure>\n\n\n\n<p><a href=\"https:\/\/maps.app.goo.gl\/LWDChG4TcLVVUx9o8\"><strong>Hotel Torremolinos<\/strong><\/a><br>Direcci\u00f3n: Av. Cuitl\u00e1huac 339, Pro Hogar, Azcapotzalco, 02600 Ciudad de M\u00e9xico, CDMX<br>Pagina: <a href=\"https:\/\/www.hoteltorremolinos.site\/es\/\">https:\/\/www.hoteltorremolinos.site\/es\/<\/a><br>Telefono: +52 5553559590<\/p>\n\n\n\n<figure class=\"wp-block-image size-full\"><img loading=\"lazy\" decoding=\"async\" width=\"756\" height=\"496\" src=\"https:\/\/femexrobotica.org\/eir2024-2025\/wp-content\/uploads\/2024\/12\/Screen-Shot-2024-12-05-at-20.07.39.png\" alt=\"\" class=\"wp-image-479\" srcset=\"https:\/\/femexrobotica.org\/eir2024-2025\/wp-content\/uploads\/2024\/12\/Screen-Shot-2024-12-05-at-20.07.39.png 756w, https:\/\/femexrobotica.org\/eir2024-2025\/wp-content\/uploads\/2024\/12\/Screen-Shot-2024-12-05-at-20.07.39-300x197.png 300w\" sizes=\"auto, (max-width: 756px) 100vw, 756px\" \/><\/figure>\n\n\n\n<p><a href=\"https:\/\/maps.app.goo.gl\/2ataYFEUFif83V8B8\"><strong>Fairfield Inn &amp; Suites by Marriott Mexico City Vallejo<\/strong><\/a><br>Direcci\u00f3n: Calzada Vallejo (Eje Pte, 1) 1090, Sta Cruz de las Salinas, 02300 Ciudad de M\u00e9xico, CDMX<br>Pagina: <a href=\"https:\/\/www.marriott.com\/en-us\/hotels\/mexfi-fairfield-inn-and-suites-mexico-city-vallejo\/overview\/?scid=f2ae0541-1279-4f24-b197-a979c79310b0\">marriott.com<\/a><br>Telefono: +52 5550003950<\/p>\n\n\n\n<figure class=\"wp-block-image size-large\"><img loading=\"lazy\" decoding=\"async\" width=\"1024\" height=\"791\" src=\"https:\/\/femexrobotica.org\/eir2024-2025\/wp-content\/uploads\/2024\/12\/Screen-Shot-2024-12-05-at-20.15.33-1024x791.png\" alt=\"\" class=\"wp-image-481\" srcset=\"https:\/\/femexrobotica.org\/eir2024-2025\/wp-content\/uploads\/2024\/12\/Screen-Shot-2024-12-05-at-20.15.33-1024x791.png 1024w, https:\/\/femexrobotica.org\/eir2024-2025\/wp-content\/uploads\/2024\/12\/Screen-Shot-2024-12-05-at-20.15.33-300x232.png 300w, https:\/\/femexrobotica.org\/eir2024-2025\/wp-content\/uploads\/2024\/12\/Screen-Shot-2024-12-05-at-20.15.33-768x593.png 768w, https:\/\/femexrobotica.org\/eir2024-2025\/wp-content\/uploads\/2024\/12\/Screen-Shot-2024-12-05-at-20.15.33.png 1468w\" sizes=\"auto, (max-width: 1024px) 100vw, 1024px\" \/><\/figure>\n\n\n\n<p><a href=\"https:\/\/maps.app.goo.gl\/fYQ4kz9dyGEgSY9M9\"><strong>Hotel Brasilia<\/strong><\/a><br>Direcci\u00f3n: Av. de los 100 metros 4823 Ampliaci\u00f3n, Panamericana, Gustavo A. Madero, 07770 CDMX<br>Pagina: <a href=\"http:\/\/www.hotelbrasilia.com.mx\/\">http:\/\/www.hotelbrasilia.com.mx\/<\/a><br>Telefono: +52 5555878577<\/p>\n\n\n\n<p><\/p>\n","protected":false},"excerpt":{"rendered":"<p>Courtyard by Marriott Mexico City VallejoDirecci\u00f3n: Calzada Vallejo (Eje Pte, 1) 1090, Sta Cruz de las Salinas, 02300 Ciudad de M\u00e9xico, CDMX.Pagina: marriott.com Telefono: +52 5550001750 Hotel TorremolinosDirecci\u00f3n: Av. Cuitl\u00e1huac 339, Pro Hogar, Azcapotzalco, 02600 Ciudad de M\u00e9xico, CDMXPagina: https:\/\/www.hoteltorremolinos.site\/es\/Telefono:<\/p>\n","protected":false},"author":1,"featured_media":0,"parent":0,"menu_order":0,"comment_status":"closed","ping_status":"closed","template":"","meta":{"_eb_attr":"","footnotes":""},"class_list":["post-108","page","type-page","status-publish","hentry"],"_links":{"self":[{"href":"https:\/\/femexrobotica.org\/eir2024-2025\/index.php\/wp-json\/wp\/v2\/pages\/108","targetHints":{"allow":["GET"]}}],"collection":[{"href":"https:\/\/femexrobotica.org\/eir2024-2025\/index.php\/wp-json\/wp\/v2\/pages"}],"about":[{"href":"https:\/\/femexrobotica.org\/eir2024-2025\/index.php\/wp-json\/wp\/v2\/types\/page"}],"author":[{"embeddable":true,"href":"https:\/\/femexrobotica.org\/eir2024-2025\/index.php\/wp-json\/wp\/v2\/users\/1"}],"replies":[{"embeddable":true,"href":"https:\/\/femexrobotica.org\/eir2024-2025\/index.php\/wp-json\/wp\/v2\/comments?post=108"}],"version-history":[{"count":53,"href":"https:\/\/femexrobotica.org\/eir2024-2025\/index.php\/wp-json\/wp\/v2\/pages\/108\/revisions"}],"predecessor-version":[{"id":482,"href":"https:\/\/femexrobotica.org\/eir2024-2025\/index.php\/wp-json\/wp\/v2\/pages\/108\/revisions\/482"}],"wp:attachment":[{"href":"https:\/\/femexrobotica.org\/eir2024-2025\/index.php\/wp-json\/wp\/v2\/media?parent=108"}],"curies":[{"name":"wp","href":"https:\/\/api.w.org\/{rel}","templated":true}]}}