{"id":33,"date":"2023-09-13T22:26:20","date_gmt":"2023-09-13T22:26:20","guid":{"rendered":"https:\/\/femexrobotica.org\/eir2023-2024\/?page_id=33"},"modified":"2023-12-03T23:24:08","modified_gmt":"2023-12-03T23:24:08","slug":"costos-y-becas","status":"publish","type":"page","link":"https:\/\/femexrobotica.org\/eir2023-2024\/index.php\/costos-y-becas\/","title":{"rendered":"Costos y Becas"},"content":{"rendered":"\n<p><strong>Costos de inscripci\u00f3n<\/strong><\/p>\n\n\n\n<p>El costo de inscripci\u00f3n a los cursos de la\u00a0Escuela de Invierno de Rob\u00f3tica 2023-2024\u00a0es de:<\/p>\n\n\n\n<p><strong>$2,600.00 (IVA incluido)<\/strong><\/p>\n\n\n\n<p>La solicitud de becas se podr\u00e1n solicitar por medio del <strong><a href=\"https:\/\/eir.registrofmr.org\/\">sistema de registro<\/a><\/strong>.<\/p>\n\n\n\n<p><strong>Pol\u00edtica de devoluci\u00f3n<\/strong><\/p>\n\n\n\n<p>Debido a que la planeaci\u00f3n del evento depende del n\u00famero de participantes, la fecha l\u00edmite para solicitar la devoluci\u00f3n del importe correspondiente a la inscripci\u00f3n es el jueves 22 de diciembre de 2023. Posterior a esta fecha no se aceptar\u00e1n solicitudes de devoluci\u00f3n. Esta pol\u00edtica aplica a\u00fan en el caso de que el participante no pueda acudir al evento, sin importar cu\u00e1l sea el motivo.<\/p>\n\n\n\n<p><strong>Cupo m\u00e1ximo<\/strong><\/p>\n\n\n\n<p>Debido a las limitaciones de tiempo de cada taller y con la mejor intenci\u00f3n de optimizar el aprovechamiento de los cursos y talleres, se limitar\u00e1 el m\u00e1ximo de estudiantes a 50. Como cada a\u00f1o, los estudiantes ser\u00e1n elegidos por el Comit\u00e9 Organizador de la Escuela de Invierno de Rob\u00f3tica 2023-2024 a partir de la informaci\u00f3n proporcionada en su registro y tomando en cuenta criterios como el nivel educativo del candidato(a), su experiencia en rob\u00f3tica, sus motivos para asistir a la EIR 2023-2024 , sus participaciones anteriores o futuras en competencias de rob\u00f3tica o en eventos de la Federaci\u00f3n Mexicana de Rob\u00f3tica, A.C., y en la fecha de finalizaci\u00f3n de su registro. El resto de los(las) candidatos(as) aceptados(as) o quienes as\u00ed lo soliciten podr\u00e1n inscribirse como oyentes. En cualquier caso, una vez sea aceptado(a) a la EIR 2023-2024, se le indicar\u00e1n por correo electr\u00f3nico los siguientes pasos para terminar su inscripci\u00f3n, que incluyen la confirmaci\u00f3n de participaci\u00f3n y el pago de la<strong>\u00a0<\/strong>cuota de inscripci\u00f3n.<\/p>\n","protected":false},"excerpt":{"rendered":"<p>Costos de inscripci\u00f3n El costo de inscripci\u00f3n a los cursos de la\u00a0Escuela de Invierno de Rob\u00f3tica 2023-2024\u00a0es de: $2,600.00 (IVA incluido) La solicitud de becas se podr\u00e1n solicitar por medio del sistema de registro. Pol\u00edtica de devoluci\u00f3n Debido a que la planeaci\u00f3n del evento depende del n\u00famero de participantes, la fecha l\u00edmite para solicitar la&hellip;<\/p>\n","protected":false},"author":1,"featured_media":0,"parent":0,"menu_order":0,"comment_status":"closed","ping_status":"closed","template":"","meta":{"_eb_attr":"","footnotes":""},"_links":{"self":[{"href":"https:\/\/femexrobotica.org\/eir2023-2024\/index.php\/wp-json\/wp\/v2\/pages\/33"}],"collection":[{"href":"https:\/\/femexrobotica.org\/eir2023-2024\/index.php\/wp-json\/wp\/v2\/pages"}],"about":[{"href":"https:\/\/femexrobotica.org\/eir2023-2024\/index.php\/wp-json\/wp\/v2\/types\/page"}],"author":[{"embeddable":true,"href":"https:\/\/femexrobotica.org\/eir2023-2024\/index.php\/wp-json\/wp\/v2\/users\/1"}],"replies":[{"embeddable":true,"href":"https:\/\/femexrobotica.org\/eir2023-2024\/index.php\/wp-json\/wp\/v2\/comments?post=33"}],"version-history":[{"count":4,"href":"https:\/\/femexrobotica.org\/eir2023-2024\/index.php\/wp-json\/wp\/v2\/pages\/33\/revisions"}],"predecessor-version":[{"id":161,"href":"https:\/\/femexrobotica.org\/eir2023-2024\/index.php\/wp-json\/wp\/v2\/pages\/33\/revisions\/161"}],"wp:attachment":[{"href":"https:\/\/femexrobotica.org\/eir2023-2024\/index.php\/wp-json\/wp\/v2\/media?parent=33"}],"curies":[{"name":"wp","href":"https:\/\/api.w.org\/{rel}","templated":true}]}}