{"id":31,"date":"2023-09-13T22:25:50","date_gmt":"2023-09-13T22:25:50","guid":{"rendered":"https:\/\/femexrobotica.org\/eir2023-2024\/?page_id=31"},"modified":"2024-01-06T22:27:22","modified_gmt":"2024-01-06T22:27:22","slug":"cursos-eir","status":"publish","type":"page","link":"https:\/\/femexrobotica.org\/eir2023-2024\/index.php\/cursos-eir\/","title":{"rendered":"Cursos EIR\u00a0"},"content":{"rendered":"\n<p class=\"has-medium-font-size\"><strong><a href=\"https:\/\/femexrobotica.org\/eir2023-2024\/wp-content\/uploads\/2023\/11\/Propuesta-FiltradoEspacial.pdf\">Filtrado Espacial de Audio para Robots<\/a><\/strong><br>Dr. Caleb Antonio Rasc\u00f3n Esteban\u00e9<\/p>\n\n\n\n<p class=\"has-medium-font-size\"><strong><a href=\"https:\/\/femexrobotica.org\/eir2023-2024\/wp-content\/uploads\/2023\/11\/TallerDronesA_EIR2023_JMC.pdf\">Pilotos Neuronales para Vuelo Aut\u00f3nomo y demostraci\u00f3n<\/a><\/strong><br>Dr. Jos\u00e9 Mart\u00ednez Carranza<br>M.C. Leticia Oyuki Rojas P\u00e9rez<\/p>\n\n\n\n<p class=\"has-medium-font-size\"><strong><a href=\"https:\/\/femexrobotica.org\/eir2023-2024\/wp-content\/uploads\/2023\/11\/Propuesta-EIR-2023-2024_Ruben-Machucho-Cadena.pdf\">Etapas de la construcci\u00f3n de un robot de b\u00fasqueda, y rescate<\/a><\/strong><br>Dr. Rub\u00e9n Machucho-Cadena<\/p>\n\n\n\n<p class=\"has-medium-font-size\"><a href=\"https:\/\/femexrobotica.org\/eir2023-2024\/wp-content\/uploads\/2023\/11\/PropuestaEIR2023.pdf\"><strong>Autos Autonomos<\/strong><\/a><br>Dr. Marco Antonio Negrete Villanueva<br>Depto de Procesamiento de Se\u00f1ales, Facultad de Ingenier\u00eda,&nbsp;UNAM<\/p>\n\n\n\n<p class=\"has-medium-font-size\"><strong><a href=\"https:\/\/femexrobotica.org\/eir2023-2024\/wp-content\/uploads\/2023\/11\/Propuesta-para-curso.pdf\">Control de motores DC de potencia con MOSFET<\/a><\/strong><br>Roberto Salazar Sotelo <br>Daniel Silva Medina<\/p>\n\n\n\n<p class=\"has-medium-font-size\"><strong><a href=\"https:\/\/femexrobotica.org\/eir2023-2024\/wp-content\/uploads\/2023\/11\/Propuesta-de-Taller.pdf\">Rover Lunar<\/a><\/strong><br>Dr. H\u00e9ctor Sim\u00f3n Vargas Mart\u00ednez<br>UPAEP<\/p>\n\n\n\n<p class=\"has-medium-font-size\"><strong><a href=\"https:\/\/femexrobotica.org\/eir2023-2024\/wp-content\/uploads\/2023\/12\/Temario_Robots_EIR.pdf\">Comportamientos reactivos para robots m\u00f3viles<\/a><\/strong><br>Dr. Jes\u00fas Savage Carmona<\/p>\n\n\n\n<p class=\"has-medium-font-size\"><strong>\u201cRedes Neuronales Artificiales\u201d<\/strong><br>Dr. Jonathan Villanueva Tavira<br>Centro Nacional de Investigaci\u00f3n y Desarrollo&nbsp;Tecnol\u00f3gico<\/p>\n\n\n\n<p class=\"has-medium-font-size\"><strong><a href=\"https:\/\/femexrobotica.org\/eir2023-2024\/index.php\/introduccion-al-analisis-de-imagenes\/\">&#8220;Introducci\u00f3n al an\u00e1lisis de im\u00e1genes&#8221;<\/a><br><\/strong>Dr. Juan Humberto Sossa Azuela<br><\/p>\n","protected":false},"excerpt":{"rendered":"<p>Filtrado Espacial de Audio para RobotsDr. Caleb Antonio Rasc\u00f3n Esteban\u00e9 Pilotos Neuronales para Vuelo Aut\u00f3nomo y demostraci\u00f3nDr. Jos\u00e9 Mart\u00ednez CarranzaM.C. Leticia Oyuki Rojas P\u00e9rez Etapas de la construcci\u00f3n de un robot de b\u00fasqueda, y rescateDr. Rub\u00e9n Machucho-Cadena Autos AutonomosDr. Marco Antonio Negrete VillanuevaDepto de Procesamiento de Se\u00f1ales, Facultad de Ingenier\u00eda,&nbsp;UNAM Control de motores DC de&hellip;<\/p>\n","protected":false},"author":1,"featured_media":0,"parent":0,"menu_order":0,"comment_status":"closed","ping_status":"closed","template":"","meta":{"_eb_attr":"","footnotes":""},"_links":{"self":[{"href":"https:\/\/femexrobotica.org\/eir2023-2024\/index.php\/wp-json\/wp\/v2\/pages\/31"}],"collection":[{"href":"https:\/\/femexrobotica.org\/eir2023-2024\/index.php\/wp-json\/wp\/v2\/pages"}],"about":[{"href":"https:\/\/femexrobotica.org\/eir2023-2024\/index.php\/wp-json\/wp\/v2\/types\/page"}],"author":[{"embeddable":true,"href":"https:\/\/femexrobotica.org\/eir2023-2024\/index.php\/wp-json\/wp\/v2\/users\/1"}],"replies":[{"embeddable":true,"href":"https:\/\/femexrobotica.org\/eir2023-2024\/index.php\/wp-json\/wp\/v2\/comments?post=31"}],"version-history":[{"count":12,"href":"https:\/\/femexrobotica.org\/eir2023-2024\/index.php\/wp-json\/wp\/v2\/pages\/31\/revisions"}],"predecessor-version":[{"id":252,"href":"https:\/\/femexrobotica.org\/eir2023-2024\/index.php\/wp-json\/wp\/v2\/pages\/31\/revisions\/252"}],"wp:attachment":[{"href":"https:\/\/femexrobotica.org\/eir2023-2024\/index.php\/wp-json\/wp\/v2\/media?parent=31"}],"curies":[{"name":"wp","href":"https:\/\/api.w.org\/{rel}","templated":true}]}}