{"id":29,"date":"2023-09-13T22:25:27","date_gmt":"2023-09-13T22:25:27","guid":{"rendered":"https:\/\/femexrobotica.org\/eir2023-2024\/?page_id=29"},"modified":"2024-01-04T16:51:56","modified_gmt":"2024-01-04T16:51:56","slug":"comite-organizador","status":"publish","type":"page","link":"https:\/\/femexrobotica.org\/eir2023-2024\/index.php\/comite-organizador\/","title":{"rendered":"Comit\u00e9 organizador\u00a0"},"content":{"rendered":"\n<h2 class=\"wp-block-heading\"><strong>Comit\u00e9 Organizador FMR <\/strong><\/h2>\n\n\n\n<p><strong>Presidente<\/strong><br>Dra. Norma Ang\u00e9lica Gonz\u00e1lez Sandoval<\/p>\n\n\n\n<p><strong>Vocal<\/strong><br>Dr. Juan Humberto Sossa Azuela<\/p>\n\n\n\n<p><strong>Tesorero<\/strong><br>Dr. Marco Antonio Negrete Villanueva<\/p>\n\n\n\n<p><strong>Secretario<\/strong><br>Mtro. Javier Enrique Delgado Moreno<\/p>\n\n\n\n<h2 class=\"wp-block-heading\"><strong>Comit\u00e9 Organizador Local<\/strong><\/h2>\n\n\n\n<p><strong>Presidente<\/strong><br>MIA Julio C\u00e9sar Sandria Reynoso<\/p>\n\n\n\n<p><strong>Secretario del comit\u00e9 organizador<\/strong><br>Mtro. Hector David Kennedy Cabrera<\/p>\n\n\n\n<p><strong>Coordinaci\u00f3n General<\/strong><br>Ing. Adolfo de Jes\u00fas Pedraza Monge<\/p>\n\n\n\n<p><strong>Coordinaci\u00f3n de Log\u00edstica<\/strong><br>Mtro. Rub\u00e9n Abad Osorio Gonzalez<\/p>\n\n\n\n<p><strong>Coordinaci\u00f3n de Staff y Voluntarios<\/strong><br>Mtra. Karen Viridiana Jaen Ramos<\/p>\n\n\n\n<p><strong>Coordinaci\u00f3n de Categor\u00edas<\/strong><br>Mtra. Diana L\u00f3pez L\u00f3pez<\/p>\n\n\n\n<p><strong>Coordinaci\u00f3n de Programa Inauguraci\u00f3n<\/strong><br>Dr. Pedro Barradas\u00a0Dominguez<\/p>\n\n\n\n<p><strong>Coordinacion de Programa de Clausura<\/strong><br>Mtro. Juan Carlos Martinez<\/p>\n\n\n\n<p><strong>Coordinaci\u00f3n de Prensa e Informaci\u00f3n<\/strong><br>Lic. Carlos Le\u00f3n<\/p>\n\n\n\n<p><strong>Coordinaci\u00f3n de vinculaci\u00f3n y Gesti\u00f3n Gubernamental<\/strong><br>Ing. Hilario Fern\u00e1ndez Mart\u00ednez<\/p>\n\n\n\n<p><strong>Servicios Inform\u00e1ticos<\/strong><br>Ing. Eblin Pluma Lara<\/p>\n\n\n\n<p><strong>Servicios de movilidad y hospedaje<\/strong><br>Ing. Guadalupe Martinez Caiseros<\/p>\n\n\n\n<p><strong>Patrocinadores y gestion de apoyos<\/strong><br>Ing. Marisol Gonzalez Cales<\/p>\n\n\n\n<p><strong>Registros y papeleria<\/strong><br>Mtra. Aida Betsabe Osorio&nbsp;Gonzalez.<\/p>\n","protected":false},"excerpt":{"rendered":"<p>Comit\u00e9 Organizador FMR PresidenteDra. Norma Ang\u00e9lica Gonz\u00e1lez Sandoval VocalDr. Juan Humberto Sossa Azuela TesoreroDr. Marco Antonio Negrete Villanueva SecretarioMtro. Javier Enrique Delgado Moreno Comit\u00e9 Organizador Local PresidenteMIA Julio C\u00e9sar Sandria Reynoso Secretario del comit\u00e9 organizadorMtro. Hector David Kennedy Cabrera Coordinaci\u00f3n GeneralIng. Adolfo de Jes\u00fas Pedraza Monge Coordinaci\u00f3n de Log\u00edsticaMtro. Rub\u00e9n Abad Osorio Gonzalez Coordinaci\u00f3n de&hellip;<\/p>\n","protected":false},"author":1,"featured_media":0,"parent":0,"menu_order":0,"comment_status":"closed","ping_status":"closed","template":"","meta":{"_eb_attr":"","footnotes":""},"_links":{"self":[{"href":"https:\/\/femexrobotica.org\/eir2023-2024\/index.php\/wp-json\/wp\/v2\/pages\/29"}],"collection":[{"href":"https:\/\/femexrobotica.org\/eir2023-2024\/index.php\/wp-json\/wp\/v2\/pages"}],"about":[{"href":"https:\/\/femexrobotica.org\/eir2023-2024\/index.php\/wp-json\/wp\/v2\/types\/page"}],"author":[{"embeddable":true,"href":"https:\/\/femexrobotica.org\/eir2023-2024\/index.php\/wp-json\/wp\/v2\/users\/1"}],"replies":[{"embeddable":true,"href":"https:\/\/femexrobotica.org\/eir2023-2024\/index.php\/wp-json\/wp\/v2\/comments?post=29"}],"version-history":[{"count":8,"href":"https:\/\/femexrobotica.org\/eir2023-2024\/index.php\/wp-json\/wp\/v2\/pages\/29\/revisions"}],"predecessor-version":[{"id":237,"href":"https:\/\/femexrobotica.org\/eir2023-2024\/index.php\/wp-json\/wp\/v2\/pages\/29\/revisions\/237"}],"wp:attachment":[{"href":"https:\/\/femexrobotica.org\/eir2023-2024\/index.php\/wp-json\/wp\/v2\/media?parent=29"}],"curies":[{"name":"wp","href":"https:\/\/api.w.org\/{rel}","templated":true}]}}