{"id":249,"date":"2024-01-06T22:26:43","date_gmt":"2024-01-06T22:26:43","guid":{"rendered":"https:\/\/femexrobotica.org\/eir2023-2024\/?page_id=249"},"modified":"2024-01-06T22:26:43","modified_gmt":"2024-01-06T22:26:43","slug":"introduccion-al-analisis-de-imagenes","status":"publish","type":"page","link":"https:\/\/femexrobotica.org\/eir2023-2024\/index.php\/introduccion-al-analisis-de-imagenes\/","title":{"rendered":"Introducci\u00f3n al an\u00e1lisis de im\u00e1genes"},"content":{"rendered":"\n<p>Resumen del curso:<\/p>\n\n\n\n<p>El an\u00e1lisis de im\u00e1genes es uno de los campos actuales de la llamada inteligencia artificial. En este curso veremos una introducci\u00f3n a este fascinante campo de investigaci\u00f3n y aplicaci\u00f3n. Primero, se tocar\u00e1n los conceptos b\u00e1sicos relacionadas con esta disciplina. Enseguida, se estudiar\u00e1n ejemplos de m\u00e9todos representativos de cada uno de los pasos que componen el an\u00e1lisis de una imagen. En cada caso, se mostrar\u00e1n ejemplos ilustrativos, as\u00ed como c\u00f3digo en Matlab. Finalmente, se mostrar\u00e1 y explicar\u00e1 un ejemplo completo de reconocimiento de objetos.<\/p>\n\n\n\n<p>Contenido del curso:<\/p>\n\n\n\n<p>1 Introducci\u00f3n.<br>2 Conceptos b\u00e1sicos.<br>3 Pre-procesamiento de una imagen.<br>4 Segmentaci\u00f3n de im\u00e1genes.<br>5 Extracci\u00f3n de rasgos descriptores.<br>6 Reconocimiento de objetos.<br>7 Ejemplo&nbsp;ilustrativo.<\/p>\n","protected":false},"excerpt":{"rendered":"<p>Resumen del curso: El an\u00e1lisis de im\u00e1genes es uno de los campos actuales de la llamada inteligencia artificial. En este curso veremos una introducci\u00f3n a este fascinante campo de investigaci\u00f3n y aplicaci\u00f3n. Primero, se tocar\u00e1n los conceptos b\u00e1sicos relacionadas con esta disciplina. Enseguida, se estudiar\u00e1n ejemplos de m\u00e9todos representativos de cada uno de los pasos&hellip;<\/p>\n","protected":false},"author":1,"featured_media":0,"parent":0,"menu_order":0,"comment_status":"closed","ping_status":"closed","template":"","meta":{"_eb_attr":"","footnotes":""},"_links":{"self":[{"href":"https:\/\/femexrobotica.org\/eir2023-2024\/index.php\/wp-json\/wp\/v2\/pages\/249"}],"collection":[{"href":"https:\/\/femexrobotica.org\/eir2023-2024\/index.php\/wp-json\/wp\/v2\/pages"}],"about":[{"href":"https:\/\/femexrobotica.org\/eir2023-2024\/index.php\/wp-json\/wp\/v2\/types\/page"}],"author":[{"embeddable":true,"href":"https:\/\/femexrobotica.org\/eir2023-2024\/index.php\/wp-json\/wp\/v2\/users\/1"}],"replies":[{"embeddable":true,"href":"https:\/\/femexrobotica.org\/eir2023-2024\/index.php\/wp-json\/wp\/v2\/comments?post=249"}],"version-history":[{"count":1,"href":"https:\/\/femexrobotica.org\/eir2023-2024\/index.php\/wp-json\/wp\/v2\/pages\/249\/revisions"}],"predecessor-version":[{"id":250,"href":"https:\/\/femexrobotica.org\/eir2023-2024\/index.php\/wp-json\/wp\/v2\/pages\/249\/revisions\/250"}],"wp:attachment":[{"href":"https:\/\/femexrobotica.org\/eir2023-2024\/index.php\/wp-json\/wp\/v2\/media?parent=249"}],"curies":[{"name":"wp","href":"https:\/\/api.w.org\/{rel}","templated":true}]}}