{"id":224,"date":"2024-01-04T01:23:39","date_gmt":"2024-01-04T01:23:39","guid":{"rendered":"https:\/\/femexrobotica.org\/eir2023-2024\/?page_id=224"},"modified":"2024-01-09T22:21:23","modified_gmt":"2024-01-09T22:21:23","slug":"el-conversatorio","status":"publish","type":"page","link":"https:\/\/femexrobotica.org\/eir2023-2024\/index.php\/el-conversatorio\/","title":{"rendered":"El conversatorio"},"content":{"rendered":"\n<div class=\"wp-block-group is-layout-constrained wp-block-group-is-layout-constrained\"><div class=\"wp-block-group__inner-container\">\n<div class=\"wp-block-group is-vertical is-content-justification-center is-layout-flex wp-container-1 wp-block-group-is-layout-flex\"><div class=\"wp-block-image\">\n<figure class=\"aligncenter size-full is-resized\"><img decoding=\"async\" loading=\"lazy\" src=\"https:\/\/femexrobotica.org\/eir2023-2024\/wp-content\/uploads\/2024\/01\/image-5.png\" alt=\"\" class=\"wp-image-225\" style=\"width:336px;height:504px\" width=\"336\" height=\"504\" srcset=\"https:\/\/femexrobotica.org\/eir2023-2024\/wp-content\/uploads\/2024\/01\/image-5.png 336w, https:\/\/femexrobotica.org\/eir2023-2024\/wp-content\/uploads\/2024\/01\/image-5-200x300.png 200w\" sizes=\"(max-width: 336px) 100vw, 336px\" \/><\/figure><\/div>\n\n\n<p class=\"has-text-align-center\"><strong>Moderador<\/strong><\/p>\n<\/div>\n\n\n\n<p>Juan Humberto Sossa Azuela es doctor en Inform\u00e1tica por el Instituto Nacional Polit\u00e9cnico de Grenoble, Francia. Es profesor de tiempo completo del Instituto Polit\u00e9cnico Nacional y Jefe del Laboratorio de Rob\u00f3tica y Mecatr\u00f3nica del Centro de Investigaci\u00f3n en Computaci\u00f3n. Es miembro Em\u00e9rito del Sistema Nacional de Investigadores. Es miembro de la Academia Mexicana de Ciencias y miembro de la Academia de Ingenier\u00eda. Es tambi\u00e9n miembro Senior del Instituto de Ingenieros El\u00e9ctricos y Electr\u00f3nicos (IEEE) y de la Sociedad Internacional de Redes Neuronales (INNS). Es miembro de la Academia de Maquinaria Computacional (ACM) y Fellow de la Sociedad Mexicana de Inteligencia Artificial. En 2021 fue galardonado con el Premio Nacional de Computaci\u00f3n por parte de la Academia Mexicana de la Computaci\u00f3n (AMEXCOMP), as\u00ed mismo con el Premio Nacional de la Academia de Ciencias de Cuba 2021 en el \u00e1rea de las Ciencias Naturales y Exactas. En 2023 fue galardonado con el Premio a la Investigaci\u00f3n en Instituto Polit\u00e9cnico Nacional en el area de investigaci\u00f3n b\u00e1sica. Es autor de 5 libros de texto, 13 patentes, 31 derechos de autor y m\u00e1s de 460 trabajos de congreso y revista. Ha impartido m\u00e1s de 485 pl\u00e1ticas por invitaci\u00f3n. Sus \u00e1reas de investigaci\u00f3n son en Inteligencia Artificial, Aprendizaje para M\u00e1quinas, Rob\u00f3tica\u00a0y\u00a0Metaversos.<\/p>\n<\/div><\/div>\n\n\n\n<div class=\"wp-block-group is-vertical is-content-justification-center is-layout-flex wp-container-3 wp-block-group-is-layout-flex\"><div class=\"wp-block-image\">\n<figure class=\"aligncenter size-full is-resized\"><img decoding=\"async\" loading=\"lazy\" src=\"https:\/\/femexrobotica.org\/eir2023-2024\/wp-content\/uploads\/2024\/01\/image-6.png\" alt=\"\" class=\"wp-image-226\" style=\"width:223px;height:276px\" width=\"223\" height=\"276\" srcset=\"https:\/\/femexrobotica.org\/eir2023-2024\/wp-content\/uploads\/2024\/01\/image-6.png 344w, https:\/\/femexrobotica.org\/eir2023-2024\/wp-content\/uploads\/2024\/01\/image-6-242x300.png 242w\" sizes=\"(max-width: 223px) 100vw, 223px\" \/><\/figure><\/div>\n\n\n<p><strong>Panelista<\/strong><\/p>\n<\/div>\n\n\n\n<p>Am\u00e9rica Berenice Morales D\u00edaz es doctora en Ingenier\u00eda Qu\u00edmica por la Universidad Aut\u00f3noma Metropolitana. Es profesora de tiempo completo del Cinvestav-IPN y es la encargada del Laboratorio de Rob\u00f3tica M\u00f3vil y Rob\u00f3tica para la Agricultura en el Programa de Rob\u00f3tica y Manufactura Avanzada. Es miembro del Sistema Nacional de Investigadores, nivel 1. Es miembro de la Federaci\u00f3n Mexicana de Rob\u00f3tica. Obtuvo el primer lugar con el equipo del Cinvestav-IPN, unidad Saltillo en la Competencia de Veh\u00edculos Aut\u00f3nomos en 2017. &nbsp;Ha publicado m\u00e1s de 50 trabajos de congreso y revista. Ha impartido m\u00e1s de 5 pl\u00e1ticas por invitaci\u00f3n. Sus \u00e1reas de investigaci\u00f3n son en coordinaci\u00f3n de veh\u00edculos aut\u00f3nomos a escala, as\u00ed como de robots y de manipuladores m\u00f3viles en los procesos de manufactura, desarrollo de sistemas aut\u00f3nomos de producci\u00f3n de cultivos en invernaderos y dise\u00f1o de estrategias para el control de procesos y para la interacci\u00f3n humano-robot.<\/p>\n\n\n\n<div class=\"wp-block-group is-vertical is-content-justification-center is-layout-flex wp-container-4 wp-block-group-is-layout-flex\"><div class=\"wp-block-image\">\n<figure class=\"aligncenter size-full\"><img decoding=\"async\" loading=\"lazy\" width=\"426\" height=\"426\" src=\"https:\/\/femexrobotica.org\/eir2023-2024\/wp-content\/uploads\/2024\/01\/image-7.png\" alt=\"\" class=\"wp-image-227\" srcset=\"https:\/\/femexrobotica.org\/eir2023-2024\/wp-content\/uploads\/2024\/01\/image-7.png 426w, https:\/\/femexrobotica.org\/eir2023-2024\/wp-content\/uploads\/2024\/01\/image-7-300x300.png 300w, https:\/\/femexrobotica.org\/eir2023-2024\/wp-content\/uploads\/2024\/01\/image-7-150x150.png 150w\" sizes=\"(max-width: 426px) 100vw, 426px\" \/><\/figure><\/div>\n\n\n<p><strong>Panelista<\/strong><\/p>\n<\/div>\n\n\n\n<p>Claudia Esteves Jaramillo es doctora en Sistemas Inform\u00e1ticos por el Instituto Nacional Polit\u00e9cnico de Toulouse, Francia. Actualmente es profesora de tiempo completo en la Universidad de Guanajuato, en el Departamento de Matem\u00e1ticas y colabora con los programas de posgrado del Centro de Investigaci\u00f3n en Matem\u00e1ticas. Es miembro del Sistema Nacional de Investigadores, nivel 1. Durante su doctorado trabaj\u00f3 en el Laboratorio de An\u00e1lisis y Arquitectura de Sistemas (LAAS-CNRS). Su trabajo se enfoc\u00f3 en la algor\u00edtmica del movimiento antropomorfo, trabajando espec\u00edficamente con el robot HRP-2 y con personajes virtuales, obteniendo el premio L\u00e9opold Escande 2007, a una de las mejores tesis del a\u00f1o del INP-Toulouse.&nbsp; Ha colaborado en trabajos de investigaci\u00f3n dentro del \u00e1rea de Rob\u00f3tica y de Gr\u00e1ficas por Computadora. Actualmente, sus intereses de investigaci\u00f3n se centran en el an\u00e1lisis de patrones de movimiento humano.<\/p>\n\n\n\n<div class=\"wp-block-group is-vertical is-content-justification-center is-layout-flex wp-container-5 wp-block-group-is-layout-flex\"><div class=\"wp-block-image\">\n<figure class=\"aligncenter size-full\"><img decoding=\"async\" loading=\"lazy\" width=\"445\" height=\"505\" src=\"https:\/\/femexrobotica.org\/eir2023-2024\/wp-content\/uploads\/2024\/01\/image-8.png\" alt=\"\" class=\"wp-image-228\" srcset=\"https:\/\/femexrobotica.org\/eir2023-2024\/wp-content\/uploads\/2024\/01\/image-8.png 445w, https:\/\/femexrobotica.org\/eir2023-2024\/wp-content\/uploads\/2024\/01\/image-8-264x300.png 264w\" sizes=\"(max-width: 445px) 100vw, 445px\" \/><\/figure><\/div>\n\n\n<p><strong>Panelista<\/strong><\/p>\n<\/div>\n\n\n\n<p>Jes\u00fas Savage Carmona es Ingeniero en Computaci\u00f3n por la Facultad de Ingenier\u00eda de la UNAM. Es maestro en Ingenier\u00eda El\u00e9ctrica por la Facultad de Ingenier\u00eda de la UNAM. Parte de su tesis de Maestr\u00eda fue desarrollada en el Departamento de Ingenier\u00eda El\u00e9ctrica en la Universidad de California en Santa B\u00e1rbara. Es Doctor en Ingenier\u00eda El\u00e9ctrica por la Universidad de Washington. Es Profesor Titular en la Facultad de Ingenier\u00eda de la UNAM desde 1996. Es autor del libro Dise\u00f1o de Microprocesadores. Adem\u00e1s, ha escrito varios art\u00edculos en revistas y congresos nacionales e internacionales. En 1996 form\u00f3 el laboratorio de Bio-Rob\u00f3tica, donde se hace investigaci\u00f3n sobre Robots M\u00f3viles. Es pionero del \u00e1rea de rob\u00f3tica m\u00f3vil y ha obtenido importantes triunfos en concursos nacionales e internacionales en el \u00e1rea de rob\u00f3tica a los que asisten continuamente sus estudiantes de la UNAM.<\/p>\n\n\n\n<div class=\"wp-block-group is-vertical is-content-justification-center is-layout-flex wp-container-6 wp-block-group-is-layout-flex\"><div class=\"wp-block-image\">\n<figure class=\"aligncenter size-full\"><img decoding=\"async\" loading=\"lazy\" width=\"425\" height=\"567\" src=\"https:\/\/femexrobotica.org\/eir2023-2024\/wp-content\/uploads\/2024\/01\/image-9.png\" alt=\"\" class=\"wp-image-229\" srcset=\"https:\/\/femexrobotica.org\/eir2023-2024\/wp-content\/uploads\/2024\/01\/image-9.png 425w, https:\/\/femexrobotica.org\/eir2023-2024\/wp-content\/uploads\/2024\/01\/image-9-225x300.png 225w\" sizes=\"(max-width: 425px) 100vw, 425px\" \/><\/figure><\/div>\n\n\n<p><strong>Panelista<\/strong><\/p>\n<\/div>\n\n\n\n<p>Alberto Elias Petrilli Barcel\u00f3 es Licenciado en F\u00edsica y Matem\u00e1ticas por la Escuela Superior de F\u00edsica y Matem\u00e1ticas del Instituto Polit\u00e9cnico Nacional. Es Maestro en Ciencias en Computaci\u00f3n por el Centro de Investigaci\u00f3n en Computaci\u00f3n del mismo Instituto. Es Doctor en Ingenier\u00eda El\u00e9ctrica por el Cinvestav-IPN, Unidad Guadalajara. En 2008 realiz\u00f3 una estancia de investigaci\u00f3n en el Karlsruhe Institute of Technology en Alemania, dentro del \u201cRobotics and Humanoid Laboratory\u201d.&nbsp; De 2020 a 2023 se desempe\u00f1\u00f3 como investigador postdoctoral en la Universidad de Ciencias de Tokyo. Es un entusiasta de las competencias de Rob\u00f3tica que involucran el desarrollo e implementaci\u00f3n de algoritmos de Visi\u00f3n e Inteligencia Artificial en Tiempo Real. Los equipos que ha dirigido han ganado a nivel nacional tres primeros lugares y un segundo lugar en el Torneo Mexicano de Rob\u00f3tica, en 2015, 2016, 2019, respectivamente, y tres primeros lugares en Talent Robotics dentro de Talent Land, en 2018 y 2019, respectivamente. A nivel internacional, obtuvo un segundo lugar en la categor\u00eda de f\u00fatbol de Humanoides SPL MVP-Drop en en la competencia RoboCup 2016 celebrada en Leipzig, Alemania. Actualmente, es profesor asistente en el Departamento de Rob\u00f3tica de la Universidad de Tohoku en Jap\u00f3n y tambi\u00e9n miembro del Consejo Asesor de la Federaci\u00f3n Mexicana de Rob\u00f3tica.<\/p>\n","protected":false},"excerpt":{"rendered":"<p>Moderador Juan Humberto Sossa Azuela es doctor en Inform\u00e1tica por el Instituto Nacional Polit\u00e9cnico de Grenoble, Francia. Es profesor de tiempo completo del Instituto Polit\u00e9cnico Nacional y Jefe del Laboratorio de Rob\u00f3tica y Mecatr\u00f3nica del Centro de Investigaci\u00f3n en Computaci\u00f3n. Es miembro Em\u00e9rito del Sistema Nacional de Investigadores. Es miembro de la Academia Mexicana de&hellip;<\/p>\n","protected":false},"author":1,"featured_media":0,"parent":0,"menu_order":0,"comment_status":"closed","ping_status":"closed","template":"","meta":{"_eb_attr":"","footnotes":""},"_links":{"self":[{"href":"https:\/\/femexrobotica.org\/eir2023-2024\/index.php\/wp-json\/wp\/v2\/pages\/224"}],"collection":[{"href":"https:\/\/femexrobotica.org\/eir2023-2024\/index.php\/wp-json\/wp\/v2\/pages"}],"about":[{"href":"https:\/\/femexrobotica.org\/eir2023-2024\/index.php\/wp-json\/wp\/v2\/types\/page"}],"author":[{"embeddable":true,"href":"https:\/\/femexrobotica.org\/eir2023-2024\/index.php\/wp-json\/wp\/v2\/users\/1"}],"replies":[{"embeddable":true,"href":"https:\/\/femexrobotica.org\/eir2023-2024\/index.php\/wp-json\/wp\/v2\/comments?post=224"}],"version-history":[{"count":6,"href":"https:\/\/femexrobotica.org\/eir2023-2024\/index.php\/wp-json\/wp\/v2\/pages\/224\/revisions"}],"predecessor-version":[{"id":258,"href":"https:\/\/femexrobotica.org\/eir2023-2024\/index.php\/wp-json\/wp\/v2\/pages\/224\/revisions\/258"}],"wp:attachment":[{"href":"https:\/\/femexrobotica.org\/eir2023-2024\/index.php\/wp-json\/wp\/v2\/media?parent=224"}],"curies":[{"name":"wp","href":"https:\/\/api.w.org\/{rel}","templated":true}]}}