{"id":11,"date":"2023-09-13T20:54:29","date_gmt":"2023-09-13T20:54:29","guid":{"rendered":"https:\/\/femexrobotica.org\/eir2023-2024\/?page_id=11"},"modified":"2024-01-08T21:19:25","modified_gmt":"2024-01-08T21:19:25","slug":"escuela-de-invierno-de-robotica-2023-2024-eir-23-24","status":"publish","type":"page","link":"https:\/\/femexrobotica.org\/eir2023-2024\/","title":{"rendered":"Escuela de Invierno de Rob\u00f3tica 2023-2024 (EIR 23-24)"},"content":{"rendered":"\n<h1 class=\"wp-block-heading has-text-align-center\"><strong>Calendario de actividades<\/strong><\/h1>\n\n\n\n<div class=\"wp-block-buttons is-content-justification-center is-layout-flex wp-container-1 wp-block-buttons-is-layout-flex\">\n<div class=\"wp-block-button\"><a class=\"wp-block-button__link wp-element-button\" href=\"https:\/\/femexrobotica.org\/eir2023-2024\/index.php\/programa\/\">Clic aqu\u00ed<\/a><\/div>\n<\/div>\n\n\n<div class=\"wp-block-image\">\n<figure class=\"aligncenter size-full\"><img decoding=\"async\" loading=\"lazy\" width=\"512\" height=\"75\" src=\"https:\/\/femexrobotica.org\/eir2023-2024\/wp-content\/uploads\/2024\/01\/image-11.png\" alt=\"\" class=\"wp-image-254\" srcset=\"https:\/\/femexrobotica.org\/eir2023-2024\/wp-content\/uploads\/2024\/01\/image-11.png 512w, https:\/\/femexrobotica.org\/eir2023-2024\/wp-content\/uploads\/2024\/01\/image-11-300x44.png 300w\" sizes=\"(max-width: 512px) 100vw, 512px\" \/><\/figure><\/div>\n\n\n<p>La&nbsp;<a rel=\"noreferrer noopener\" href=\"http:\/\/femexrobotica.org\/\" target=\"_blank\">Federaci\u00f3n Mexicana de Rob\u00f3tica A.C.<\/a>&nbsp;(FMR) y la&nbsp;<a rel=\"noreferrer noopener\" href=\"http:\/\/www.utsv.com.mx\/\" target=\"_blank\">Universidad Tecnol\u00f3gica del Sureste de Veracruz<\/a>&nbsp;(UTSV), tienen el gusto de darles la bienvenida a estudiantes y acad\u00e9micos de nivel medio, superior y posgrado, a la d\u00e9cima edici\u00f3n de la&nbsp;<strong>Escuela de Invierno de Rob\u00f3tica 2023-2024 (EIR23-24)<\/strong>, que se organizar\u00e1 del&nbsp;<em><strong>8 al 12 de enero de 2024<\/strong><\/em>.<\/p>\n\n\n\n<p>Como es tradici\u00f3n desde el a\u00f1o 2013, cada a\u00f1o la EIR23-24 ofrece cursos te\u00f3ricos o demostrativos y talleres te\u00f3rico-pr\u00e1cticos, as\u00ed como Conferencias Magistrales impartidas por reconocidos especialistas mexicanos en rob\u00f3tica. Nuestro objetivo es proporcionar a los participantes un panorama amplio y actual de la rob\u00f3tica, compartir los avances recientes alcanzados en M\u00e9xico y ofrecer un ambiente de interacci\u00f3n entre los asistentes que fomente la creaci\u00f3n de futuras redes de colaboraci\u00f3n en rob\u00f3tica en nuestro pa\u00eds. Igualmente, es nuestro inter\u00e9s apoyar a los estudiantes asistentes en su preparaci\u00f3n para participar en competencias rob\u00f3ticas de alto nivel, como es el Torneo Mexicano de Rob\u00f3tica.<\/p>\n\n\n\n<p>Atentamente,<\/p>\n\n\n\n<p><strong>Universidad Tecnol\u00f3gica del Sureste de Veracruz<br>Federaci\u00f3n Mexicana de Rob\u00f3tica, A.C.<\/strong><\/p>\n\n\n\n<figure class=\"wp-block-image size-full\"><img decoding=\"async\" loading=\"lazy\" width=\"846\" height=\"846\" src=\"https:\/\/femexrobotica.org\/eir2023-2024\/wp-content\/uploads\/2023\/09\/LOGOS-203PX-17.png\" alt=\"\" class=\"wp-image-69\" srcset=\"https:\/\/femexrobotica.org\/eir2023-2024\/wp-content\/uploads\/2023\/09\/LOGOS-203PX-17.png 846w, https:\/\/femexrobotica.org\/eir2023-2024\/wp-content\/uploads\/2023\/09\/LOGOS-203PX-17-300x300.png 300w, https:\/\/femexrobotica.org\/eir2023-2024\/wp-content\/uploads\/2023\/09\/LOGOS-203PX-17-150x150.png 150w, https:\/\/femexrobotica.org\/eir2023-2024\/wp-content\/uploads\/2023\/09\/LOGOS-203PX-17-768x768.png 768w\" sizes=\"(max-width: 846px) 100vw, 846px\" \/><\/figure>\n","protected":false},"excerpt":{"rendered":"<p>Calendario de actividades La&nbsp;Federaci\u00f3n Mexicana de Rob\u00f3tica A.C.&nbsp;(FMR) y la&nbsp;Universidad Tecnol\u00f3gica del Sureste de Veracruz&nbsp;(UTSV), tienen el gusto de darles la bienvenida a estudiantes y acad\u00e9micos de nivel medio, superior y posgrado, a la d\u00e9cima edici\u00f3n de la&nbsp;Escuela de Invierno de Rob\u00f3tica 2023-2024 (EIR23-24), que se organizar\u00e1 del&nbsp;8 al 12 de enero de 2024. Como&hellip;<\/p>\n","protected":false},"author":1,"featured_media":0,"parent":0,"menu_order":0,"comment_status":"closed","ping_status":"closed","template":"","meta":{"_eb_attr":"","footnotes":""},"_links":{"self":[{"href":"https:\/\/femexrobotica.org\/eir2023-2024\/index.php\/wp-json\/wp\/v2\/pages\/11"}],"collection":[{"href":"https:\/\/femexrobotica.org\/eir2023-2024\/index.php\/wp-json\/wp\/v2\/pages"}],"about":[{"href":"https:\/\/femexrobotica.org\/eir2023-2024\/index.php\/wp-json\/wp\/v2\/types\/page"}],"author":[{"embeddable":true,"href":"https:\/\/femexrobotica.org\/eir2023-2024\/index.php\/wp-json\/wp\/v2\/users\/1"}],"replies":[{"embeddable":true,"href":"https:\/\/femexrobotica.org\/eir2023-2024\/index.php\/wp-json\/wp\/v2\/comments?post=11"}],"version-history":[{"count":8,"href":"https:\/\/femexrobotica.org\/eir2023-2024\/index.php\/wp-json\/wp\/v2\/pages\/11\/revisions"}],"predecessor-version":[{"id":256,"href":"https:\/\/femexrobotica.org\/eir2023-2024\/index.php\/wp-json\/wp\/v2\/pages\/11\/revisions\/256"}],"wp:attachment":[{"href":"https:\/\/femexrobotica.org\/eir2023-2024\/index.php\/wp-json\/wp\/v2\/media?parent=11"}],"curies":[{"name":"wp","href":"https:\/\/api.w.org\/{rel}","templated":true}]}}