{"id":108,"date":"2023-12-03T01:02:40","date_gmt":"2023-12-03T01:02:40","guid":{"rendered":"https:\/\/femexrobotica.org\/eir2023-2024\/?page_id=108"},"modified":"2023-12-11T12:04:01","modified_gmt":"2023-12-11T12:04:01","slug":"hoteles-sede","status":"publish","type":"page","link":"https:\/\/femexrobotica.org\/eir2023-2024\/index.php\/hoteles-sede\/","title":{"rendered":"Hoteles sede"},"content":{"rendered":"\n<h1 class=\"wp-block-heading\"><strong><a href=\"https:\/\/www.hotel-terranova.com.mx\/?partner=1380&amp;gad_source=1&amp;gclid=Cj0KCQiAyKurBhD5ARIsALamXaFF2Kz2opLJTYFaKvDEWB0gGT0xMMznPP7a3gVuROZYjFQ29oFnJXwaArsqEALw_wcB\">Hotel terranova<\/a><\/strong><\/h1>\n\n\n\n<p>Disfrute del mejor espacio y atenciones 5 estrellas en el&nbsp;<strong>Hotel Terranova<\/strong>, un hotel especializado en viajeros de negocios, altos directivos y familias de vacaciones. El alojamiento ideal para celebrar reuniones y eventos, as\u00ed como para relajarse los fines de semana con los ni\u00f1os en esta vibrante ciudad del estado de Veracruz, llena de propuestas y comodidades.<\/p>\n\n\n\n<figure class=\"wp-block-image size-full\"><a href=\"https:\/\/www.hotel-terranova.com.mx\/?partner=1380&amp;gad_source=1&amp;gclid=Cj0KCQiAyKurBhD5ARIsALamXaFF2Kz2opLJTYFaKvDEWB0gGT0xMMznPP7a3gVuROZYjFQ29oFnJXwaArsqEALw_wcB \"><img decoding=\"async\" loading=\"lazy\" width=\"1024\" height=\"649\" src=\"https:\/\/femexrobotica.org\/eir2023-2024\/wp-content\/uploads\/2023\/12\/image.png\" alt=\"\" class=\"wp-image-109\" srcset=\"https:\/\/femexrobotica.org\/eir2023-2024\/wp-content\/uploads\/2023\/12\/image.png 1024w, https:\/\/femexrobotica.org\/eir2023-2024\/wp-content\/uploads\/2023\/12\/image-300x190.png 300w, https:\/\/femexrobotica.org\/eir2023-2024\/wp-content\/uploads\/2023\/12\/image-768x487.png 768w\" sizes=\"(max-width: 1024px) 100vw, 1024px\" \/><\/a><\/figure>\n\n\n\n<div class=\"wp-block-group is-vertical is-content-justification-center is-layout-flex wp-container-1 wp-block-group-is-layout-flex\">\n<p class=\"has-text-align-center\">HABITACIONES<\/p>\n\n\n\n<p>08 al 12 de Enero 2024.<\/p>\n<\/div>\n\n\n\n<div class=\"wp-block-group is-layout-constrained wp-block-group-is-layout-constrained\"><div class=\"wp-block-group__inner-container\">\n<div class=\"wp-block-group is-vertical is-content-justification-center is-layout-flex wp-container-2 wp-block-group-is-layout-flex\">\n<figure class=\"wp-block-table\"><table><tbody><tr><td class=\"has-text-align-center\" data-align=\"center\">TARIFA POR NOCHE<\/td><\/tr><tr><td class=\"has-text-align-center\" data-align=\"center\">Habitaciones sencillas (1 persona) <strong>$1,168.20<\/strong><br>Incluye 1 desayuno buffet<\/td><\/tr><tr><td class=\"has-text-align-center\" data-align=\"center\">Habitaciones dobles (2 personas) <strong>$1,239.00<\/strong><br>Incluye 2 desayunos buffet<\/td><\/tr><\/tbody><\/table><\/figure>\n\n\n\n<p class=\"has-text-align-center\">Tarifas incluyen impuestos (16% IVA + 2% ISH)<br><br><\/p>\n\n\n\n<figure class=\"wp-block-image size-full\"><img decoding=\"async\" loading=\"lazy\" width=\"512\" height=\"75\" src=\"https:\/\/femexrobotica.org\/eir2023-2024\/wp-content\/uploads\/2023\/12\/image-1.png\" alt=\"\" class=\"wp-image-130\" srcset=\"https:\/\/femexrobotica.org\/eir2023-2024\/wp-content\/uploads\/2023\/12\/image-1.png 512w, https:\/\/femexrobotica.org\/eir2023-2024\/wp-content\/uploads\/2023\/12\/image-1-300x44.png 300w\" sizes=\"(max-width: 512px) 100vw, 512px\" \/><\/figure>\n<\/div>\n<\/div><\/div>\n\n\n\n<div class=\"wp-block-group is-content-justification-center is-nowrap is-layout-flex wp-container-4 wp-block-group-is-layout-flex\">\n<p>Cortesia:<\/p>\n\n\n\n<ul>\n<li>Transportaci\u00f3n del Aeropuerto- hotel- aeropuerto en Cortes\u00eda<\/li>\n\n\n\n<li>\u00c1rea de jardines para su entrenamiento.<\/li>\n\n\n\n<li>Estacionamiento amplio para su autob\u00fas.<\/li>\n\n\n\n<li>Alberca y chapoteadero<\/li>\n<\/ul>\n<\/div>\n\n\n<div class=\"wp-block-image\">\n<figure class=\"aligncenter size-full\"><img decoding=\"async\" loading=\"lazy\" width=\"512\" height=\"75\" src=\"https:\/\/femexrobotica.org\/eir2023-2024\/wp-content\/uploads\/2023\/12\/image-1.png\" alt=\"\" class=\"wp-image-130\" srcset=\"https:\/\/femexrobotica.org\/eir2023-2024\/wp-content\/uploads\/2023\/12\/image-1.png 512w, https:\/\/femexrobotica.org\/eir2023-2024\/wp-content\/uploads\/2023\/12\/image-1-300x44.png 300w\" sizes=\"(max-width: 512px) 100vw, 512px\" \/><\/figure><\/div>\n\n\n<div class=\"wp-block-group is-vertical is-content-justification-center is-layout-flex wp-container-5 wp-block-group-is-layout-flex\">\n<h4 class=\"wp-block-heading\"><strong>CONFIRMACION DE LA RESERVA<\/strong><\/h4>\n\n\n\n<figure class=\"wp-block-table\"><table><tbody><tr><td>Esta tarifa solo est\u00e1 sujeta disponibilidad en base a la ocupaci\u00f3n del hotel;<br>todas las reservaciones deben ser garantizadas mediante dep\u00f3sito bancario o<br>transferencia o bien tarjeta de cr\u00e9dito al momento de solicitar la reservaci\u00f3n.<\/td><\/tr><\/tbody><\/table><\/figure>\n<\/div>\n\n\n\n<div class=\"wp-block-group is-vertical is-content-justification-center is-layout-flex wp-container-6 wp-block-group-is-layout-flex\">\n<h4 class=\"wp-block-heading\"><strong>FORMAS DE PAGO<\/strong><\/h4>\n\n\n\n<figure class=\"wp-block-table\"><table><tbody><tr><td>Vigencia al&nbsp;<strong>15 de Diciembre 2023<\/strong>, posterior a esa fecha la<br>tarifa queda sujeta a&nbsp;<strong>disponibilidad<\/strong>.<\/td><\/tr><\/tbody><\/table><\/figure>\n<\/div>\n\n\n\n<div class=\"wp-block-group is-vertical is-content-justification-center is-layout-flex wp-container-7 wp-block-group-is-layout-flex\">\n<h4 class=\"wp-block-heading\"><strong>FORMAS DE PAGO<\/strong><\/h4>\n\n\n\n<figure class=\"wp-block-table\"><table><tbody><tr><td>Se reciben tarjetas de cr\u00e9dito American Express, Visa y Master Card.<\/td><\/tr><tr><td>No se aceptan cheques personales.<\/td><\/tr><tr><td>Los pagos deber\u00e1n efectuarse en efectivo directamente en las instalaciones del<br>hotel o a trav\u00e9s de dep\u00f3sito bancario a nombre de:<br><strong>YELAMUS PLANEACIONES S.A. DE C.V.<\/strong><br>N\u00famero de cuenta en la que puede realizar sus dep\u00f3sitos:<br><strong>BANCO DEL BAJIO<\/strong> 25807058<br><strong>CLABE<\/strong>: 030854900018928937<\/td><\/tr><\/tbody><\/table><\/figure>\n<\/div>\n\n\n\n<div class=\"wp-block-group is-vertical is-layout-flex wp-container-8 wp-block-group-is-layout-flex\">\n<p>Redes:<\/p>\n\n\n<div class=\"wp-block-image\">\n<figure class=\"aligncenter size-large is-resized\"><a href=\"https:\/\/www.facebook.com\/hotelterranovaoficial?mibextid=LQQJ4d\"><img decoding=\"async\" loading=\"lazy\" src=\"https:\/\/femexrobotica.org\/eir2023-2024\/wp-content\/uploads\/2023\/12\/image-4-1024x576.png\" alt=\"\" class=\"wp-image-145\" style=\"width:116px;height:65px\" width=\"116\" height=\"65\" srcset=\"https:\/\/femexrobotica.org\/eir2023-2024\/wp-content\/uploads\/2023\/12\/image-4-1024x576.png 1024w, https:\/\/femexrobotica.org\/eir2023-2024\/wp-content\/uploads\/2023\/12\/image-4-300x169.png 300w, https:\/\/femexrobotica.org\/eir2023-2024\/wp-content\/uploads\/2023\/12\/image-4-768x432.png 768w, https:\/\/femexrobotica.org\/eir2023-2024\/wp-content\/uploads\/2023\/12\/image-4-1140x641.png 1140w, https:\/\/femexrobotica.org\/eir2023-2024\/wp-content\/uploads\/2023\/12\/image-4-540x304.png 540w, https:\/\/femexrobotica.org\/eir2023-2024\/wp-content\/uploads\/2023\/12\/image-4.png 1280w\" sizes=\"(max-width: 116px) 100vw, 116px\" \/><\/a><\/figure><\/div><\/div>\n\n\n\n<h1 class=\"wp-block-heading\"><a href=\"https:\/\/www.facebook.com\/hotelbrisacoatza?mibextid=LQQJ4d\">Hotel Brisa<\/a><\/h1>\n\n\n\n<div class=\"wp-block-file\"><object class=\"wp-block-file__embed\" data=\"https:\/\/femexrobotica.org\/eir2023-2024\/wp-content\/uploads\/2023\/12\/Presentacion-Hotel-Brisa-2023.pdf\" type=\"application\/pdf\" style=\"width:100%;height:600px\" aria-label=\"Incrustado de Presentacion-Hotel-Brisa-2023.\"><\/object><a id=\"wp-block-file--media-0407adf5-e0ce-4b5a-ae2b-1d9721479d37\" href=\"https:\/\/femexrobotica.org\/eir2023-2024\/wp-content\/uploads\/2023\/12\/Presentacion-Hotel-Brisa-2023.pdf\">Presentacion-Hotel-Brisa-2023<\/a><a href=\"https:\/\/femexrobotica.org\/eir2023-2024\/wp-content\/uploads\/2023\/12\/Presentacion-Hotel-Brisa-2023.pdf\" class=\"wp-block-file__button wp-element-button\" download aria-describedby=\"wp-block-file--media-0407adf5-e0ce-4b5a-ae2b-1d9721479d37\">Descarga<\/a><\/div>\n\n\n\n<div class=\"wp-block-group is-vertical is-content-justification-center is-layout-flex wp-container-9 wp-block-group-is-layout-flex\">\n<h4 class=\"wp-block-heading has-text-align-center\">TARIFA POR NOCHE<\/h4>\n\n\n\n<figure class=\"wp-block-table\"><table><tbody><tr><td class=\"has-text-align-center\" data-align=\"center\">Tipo de habitacion<\/td><td class=\"has-text-align-center\" data-align=\"center\">Servicios<\/td><td class=\"has-text-align-center\" data-align=\"center\">Tarifa convenio<\/td><\/tr><tr><td class=\"has-text-align-center\" data-align=\"center\">Sencilla<\/td><td class=\"has-text-align-center\" data-align=\"center\">1 cama matrimonial<br>1 persona \/ 1 desayuno amer.<\/td><td class=\"has-text-align-center\" data-align=\"center\">$ 869.00<\/td><\/tr><tr><td class=\"has-text-align-center\" data-align=\"center\">Sencilla o doble<\/td><td class=\"has-text-align-center\" data-align=\"center\">1 o 2  camas matrimoniales <br>2 personas \/ 2 desayunos amer.<\/td><td class=\"has-text-align-center\" data-align=\"center\">$1,059.00<\/td><\/tr><tr><td class=\"has-text-align-center\" data-align=\"center\">Doble<\/td><td class=\"has-text-align-center\" data-align=\"center\">2 camas matrimoniales <br>3 personas \/ 3 desayunos amer.<\/td><td class=\"has-text-align-center\" data-align=\"center\">$1,229.00<\/td><\/tr><tr><td class=\"has-text-align-center\" data-align=\"center\">Doble<\/td><td class=\"has-text-align-center\" data-align=\"center\">2 camas matrimoniales<br>4 personas \/ 4 desayunos amer.<\/td><td class=\"has-text-align-center\" data-align=\"center\">$1,420.00<\/td><\/tr><\/tbody><\/table><\/figure>\n<\/div>\n\n\n\n<div class=\"wp-block-group is-vertical is-content-justification-center is-layout-flex wp-container-10 wp-block-group-is-layout-flex\">\n<p class=\"has-text-align-center\"><strong>Nuestra tarifa inclute impuestos<\/strong><\/p>\n\n\n\n<ul>\n<li>Persona extra $150.00<\/li>\n\n\n\n<li>Sujeto a disponibilidad al momento de reservar<\/li>\n<\/ul>\n<\/div>\n\n\n<div class=\"wp-block-image\">\n<figure class=\"aligncenter size-full\"><img decoding=\"async\" loading=\"lazy\" width=\"512\" height=\"75\" src=\"https:\/\/femexrobotica.org\/eir2023-2024\/wp-content\/uploads\/2023\/12\/image-1.png\" alt=\"\" class=\"wp-image-130\" srcset=\"https:\/\/femexrobotica.org\/eir2023-2024\/wp-content\/uploads\/2023\/12\/image-1.png 512w, https:\/\/femexrobotica.org\/eir2023-2024\/wp-content\/uploads\/2023\/12\/image-1-300x44.png 300w\" sizes=\"(max-width: 512px) 100vw, 512px\" \/><\/figure><\/div>\n\n\n<div class=\"wp-block-group is-vertical is-content-justification-center is-layout-flex wp-container-12 wp-block-group-is-layout-flex\">\n<h4 class=\"wp-block-heading\"><strong>SERVICIOS EN HABITACIONES<\/strong><\/h4>\n\n\n\n<div class=\"wp-block-group is-nowrap is-layout-flex wp-container-11 wp-block-group-is-layout-flex\">\n<p>Servicios:<\/p>\n\n\n\n<ul>\n<li>Aire acondicionado, tv a color c\/control remoto.<\/li>\n\n\n\n<li>Se\u00f1al de calbe con 23 canales<\/li>\n\n\n\n<li>Telefono linea directa<\/li>\n\n\n\n<li>Caja de seguridad<\/li>\n\n\n\n<li>Cerradura electronica<\/li>\n\n\n\n<li>Secadora y Amenidades<\/li>\n<\/ul>\n\n\n\n<p><\/p>\n<\/div>\n<\/div>\n\n\n<div class=\"wp-block-image\">\n<figure class=\"aligncenter size-full\"><img decoding=\"async\" loading=\"lazy\" width=\"512\" height=\"75\" src=\"https:\/\/femexrobotica.org\/eir2023-2024\/wp-content\/uploads\/2023\/12\/image-1.png\" alt=\"\" class=\"wp-image-130\" srcset=\"https:\/\/femexrobotica.org\/eir2023-2024\/wp-content\/uploads\/2023\/12\/image-1.png 512w, https:\/\/femexrobotica.org\/eir2023-2024\/wp-content\/uploads\/2023\/12\/image-1-300x44.png 300w\" sizes=\"(max-width: 512px) 100vw, 512px\" \/><\/figure><\/div>\n\n\n<div class=\"wp-block-group is-vertical is-content-justification-center is-layout-flex wp-container-14 wp-block-group-is-layout-flex\">\n<h4 class=\"wp-block-heading\"><strong>Servicios adicionales: <\/strong><\/h4>\n\n\n\n<div class=\"wp-block-group is-nowrap is-layout-flex wp-container-13 wp-block-group-is-layout-flex\">\n<p>Servicios:   <\/p>\n\n\n\n<ul>\n<li><strong>Estacionamiento<\/strong> interior con vigilancia las 24 hrs. capacidad maxima de 45 autos. exterior por la gasolinera capacidad maxima de 20 autos. <\/li>\n\n\n\n<li><strong>Alberca<\/strong> techada profundidad de 70 cm. m\u00e1xima de 1.50 metros. (Cuenta con 6 camastros, 4 sillones, 4 mesas de plastico y 2 mesas con palapas)<\/li>\n\n\n\n<li><strong>Centro de negocios<\/strong> (internet, multifuncional abierto las 24 hrs.).<\/li>\n\n\n\n<li><strong>Sala de juntas jr.<\/strong> ideal para reuniones de trabajo con capacidad para 5 personas disponible sin costo para los hu\u00e9spedes.<\/li>\n\n\n\n<li><strong>Lavander\u00eda y tintorer\u00eda <\/strong>9:00 am para entrega el mismo d\u00eda.<\/li>\n\n\n\n<li><strong>Internet inal\u00e1mbrico<\/strong> gratuito en todas las instalaciones. <\/li>\n\n\n\n<li><strong>Servicio a cuartos<\/strong> desde las 7:00  a las 22:00 hrs. <\/li>\n\n\n\n<li><strong>Restaurant &#8220;EL VITRAL&#8221;<\/strong> horario de servicio de 6:30 a 23:00  de lunes a viernes. Sabado, domingo y dias festivos de 7:00 a 14:00 hrs.<\/li>\n\n\n\n<li><strong>Bar &#8220;CAF\u00c9 CANTINA&#8221;<\/strong> abierta de lunes a sabado 13:00 a 1:00 AM hrs. con hora feliz de 13:00 a 15:00 y de 19:00 a 21:00 hrs.<\/li>\n<\/ul>\n<\/div>\n<\/div>\n\n\n<div class=\"wp-block-image\">\n<figure class=\"aligncenter size-full\"><img decoding=\"async\" loading=\"lazy\" width=\"512\" height=\"75\" src=\"https:\/\/femexrobotica.org\/eir2023-2024\/wp-content\/uploads\/2023\/12\/image-1.png\" alt=\"\" class=\"wp-image-130\" srcset=\"https:\/\/femexrobotica.org\/eir2023-2024\/wp-content\/uploads\/2023\/12\/image-1.png 512w, https:\/\/femexrobotica.org\/eir2023-2024\/wp-content\/uploads\/2023\/12\/image-1-300x44.png 300w\" sizes=\"(max-width: 512px) 100vw, 512px\" \/><\/figure><\/div>\n\n\n<div class=\"wp-block-group is-vertical is-content-justification-center is-layout-flex wp-container-15 wp-block-group-is-layout-flex\">\n<h4 class=\"wp-block-heading\"><strong>GARANT\u00cdAS DE RESERVACIONES<\/strong><\/h4>\n\n\n\n<figure class=\"wp-block-table\"><table><tbody><tr><td>Para garantizar las reservaciones en temporadas consideradas altas para nuestro sector en este puerto(Carnaval, semana santa, feria, congresos, etc.). Se solicitar\u00e1 un limite de horario para registro el cual ser\u00e1 especificado en su reserva o bien deposito de la primera noche de estancia en el mayor de los casos una tarjeta de cr\u00e9dito para garant\u00eda de la misma. Esto ser\u00e1 informado al momento de tomar sus datos para la reservaci\u00f3n.<\/td><\/tr><\/tbody><\/table><\/figure>\n<\/div>\n\n\n\n<div class=\"wp-block-group is-vertical is-content-justification-center is-layout-flex wp-container-16 wp-block-group-is-layout-flex\">\n<h4 class=\"wp-block-heading\"><strong>Forma de pago<\/strong><\/h4>\n\n\n\n<figure class=\"wp-block-table\"><table><tbody><tr><td class=\"has-text-align-center\" data-align=\"center\">Depositos a nombre de: <br><strong>HOTEL BRISA<\/strong><br><strong>Banco: <\/strong>Banco mercantil del norte SA (Banorte).<br><strong>Beneficiario<\/strong>: Hotel valgrande S.A. de C.V.<br><strong>RFC<\/strong>: HVA861210V76<br><strong>N\u00famero de cuenta: <\/strong>1158379916<br><strong>CLABE interbancaria<\/strong>: : 072854011583799166<\/td><\/tr><\/tbody><\/table><\/figure>\n\n\n\n<p class=\"has-text-align-center\"><strong>Enviandonos posteriormente su ficha de dep\u00f3sito por v\u00eda email para ser abonado a su cuenta. <\/strong><\/p>\n\n\n\n<p><strong>Correo Electr\u00f3nico<\/strong>: reservaciones@hotelbrisa.com<\/p>\n\n\n\n<p><strong>Tel\u00e9fonos<\/strong>: 921 214 5483 y 921 214 5484<\/p>\n<\/div>\n\n\n\n<div class=\"wp-block-group is-vertical is-content-justification-center is-layout-flex wp-container-17 wp-block-group-is-layout-flex\">\n<h4 class=\"wp-block-heading\"><strong>Politicas de cancelaci\u00f3n<\/strong><\/h4>\n\n\n\n<figure class=\"wp-block-table\"><table><tbody><tr><td>\u260624 hrs. antes de la llegada sin cargo. <br>\u2606El dia del Check-in, no se generan cancelaciones. <br>\u2606El caso de no existir alguna previa cencelaci\u00f3n, y no se presente el hu\u00e9sped, se aplica el cargo de una noche, como noshow.<\/td><\/tr><\/tbody><\/table><\/figure>\n<\/div>\n\n\n\n<div class=\"wp-block-group is-vertical is-layout-flex wp-container-18 wp-block-group-is-layout-flex\">\n<p>Redes:<\/p>\n\n\n<div class=\"wp-block-image\">\n<figure class=\"aligncenter size-large is-resized\"><a href=\"https:\/\/www.facebook.com\/hotelbrisacoatza?mibextid=LQQJ4d\"><img decoding=\"async\" loading=\"lazy\" src=\"https:\/\/femexrobotica.org\/eir2023-2024\/wp-content\/uploads\/2023\/12\/image-4-1024x576.png\" alt=\"\" class=\"wp-image-145\" style=\"width:116px;height:65px\" width=\"116\" height=\"65\" srcset=\"https:\/\/femexrobotica.org\/eir2023-2024\/wp-content\/uploads\/2023\/12\/image-4-1024x576.png 1024w, https:\/\/femexrobotica.org\/eir2023-2024\/wp-content\/uploads\/2023\/12\/image-4-300x169.png 300w, https:\/\/femexrobotica.org\/eir2023-2024\/wp-content\/uploads\/2023\/12\/image-4-768x432.png 768w, https:\/\/femexrobotica.org\/eir2023-2024\/wp-content\/uploads\/2023\/12\/image-4-1140x641.png 1140w, https:\/\/femexrobotica.org\/eir2023-2024\/wp-content\/uploads\/2023\/12\/image-4-540x304.png 540w, https:\/\/femexrobotica.org\/eir2023-2024\/wp-content\/uploads\/2023\/12\/image-4.png 1280w\" sizes=\"(max-width: 116px) 100vw, 116px\" \/><\/a><\/figure><\/div><\/div>\n","protected":false},"excerpt":{"rendered":"<p>Hotel terranova Disfrute del mejor espacio y atenciones 5 estrellas en el&nbsp;Hotel Terranova, un hotel especializado en viajeros de negocios, altos directivos y familias de vacaciones. El alojamiento ideal para celebrar reuniones y eventos, as\u00ed como para relajarse los fines de semana con los ni\u00f1os en esta vibrante ciudad del estado de Veracruz, llena de&hellip;<\/p>\n","protected":false},"author":1,"featured_media":0,"parent":0,"menu_order":0,"comment_status":"closed","ping_status":"closed","template":"","meta":{"_eb_attr":"","footnotes":""},"_links":{"self":[{"href":"https:\/\/femexrobotica.org\/eir2023-2024\/index.php\/wp-json\/wp\/v2\/pages\/108"}],"collection":[{"href":"https:\/\/femexrobotica.org\/eir2023-2024\/index.php\/wp-json\/wp\/v2\/pages"}],"about":[{"href":"https:\/\/femexrobotica.org\/eir2023-2024\/index.php\/wp-json\/wp\/v2\/types\/page"}],"author":[{"embeddable":true,"href":"https:\/\/femexrobotica.org\/eir2023-2024\/index.php\/wp-json\/wp\/v2\/users\/1"}],"replies":[{"embeddable":true,"href":"https:\/\/femexrobotica.org\/eir2023-2024\/index.php\/wp-json\/wp\/v2\/comments?post=108"}],"version-history":[{"count":50,"href":"https:\/\/femexrobotica.org\/eir2023-2024\/index.php\/wp-json\/wp\/v2\/pages\/108\/revisions"}],"predecessor-version":[{"id":185,"href":"https:\/\/femexrobotica.org\/eir2023-2024\/index.php\/wp-json\/wp\/v2\/pages\/108\/revisions\/185"}],"wp:attachment":[{"href":"https:\/\/femexrobotica.org\/eir2023-2024\/index.php\/wp-json\/wp\/v2\/media?parent=108"}],"curies":[{"name":"wp","href":"https:\/\/api.w.org\/{rel}","templated":true}]}}