{"id":156,"date":"2022-11-22T19:17:10","date_gmt":"2022-11-22T19:17:10","guid":{"rendered":"https:\/\/femexrobotica.org\/eir2022-2023\/?page_id=156"},"modified":"2022-12-14T17:28:39","modified_gmt":"2022-12-14T17:28:39","slug":"para-participar-2","status":"publish","type":"page","link":"https:\/\/femexrobotica.org\/eir2022-2023\/para-participar-2\/","title":{"rendered":"Costos y becas"},"content":{"rendered":"\r\n<p><strong>Costos y Becas<\/strong><\/p>\r\n\r\n\r\n\r\n<figure class=\"wp-block-image size-large\"><img loading=\"lazy\" decoding=\"async\" width=\"1024\" height=\"347\" class=\"wp-image-313\" src=\"https:\/\/femexrobotica.org\/eir2022-2023\/wp-content\/uploads\/2022\/12\/Banner-4-1024x347.jpg\" alt=\"\" srcset=\"https:\/\/femexrobotica.org\/eir2022-2023\/wp-content\/uploads\/2022\/12\/Banner-4-1024x347.jpg 1024w, https:\/\/femexrobotica.org\/eir2022-2023\/wp-content\/uploads\/2022\/12\/Banner-4-300x102.jpg 300w, https:\/\/femexrobotica.org\/eir2022-2023\/wp-content\/uploads\/2022\/12\/Banner-4-768x260.jpg 768w, https:\/\/femexrobotica.org\/eir2022-2023\/wp-content\/uploads\/2022\/12\/Banner-4-1536x520.jpg 1536w, https:\/\/femexrobotica.org\/eir2022-2023\/wp-content\/uploads\/2022\/12\/Banner-4-2048x694.jpg 2048w\" sizes=\"auto, (max-width: 1024px) 100vw, 1024px\" \/><\/figure>\r\n\r\n\r\n\r\n<p><strong>Costos de inscripci\u00f3n<\/strong><\/p>\r\n\r\n\r\n\r\n<p>El costo de inscripci\u00f3n a los cursos de la\u00a0<a href=\"https:\/\/www.femexrobotica.org\/eir2022-2023\">Escuela de Invierno de Rob\u00f3tica 2022-2023<\/a>\u00a0es de:<\/p>\r\n\r\n\r\n\r\n<p class=\"has-text-align-left\"><strong>$2,630.00 (IVA incluido)<\/strong><\/p>\r\n\r\n\r\n\r\n\r\n\r\n<p style=\"text-align: justify;\">La inscripci\u00f3n cubre la participaci\u00f3n en los cursos, conferencias magistrales y coffee breaks. Durante la Escuela de invierno se realizar\u00e1 una callejoneada a la cual podr\u00e1n asistir los participantes de la EIR.<\/p>\r\n\r\n\r\n\r\n\r\n<p style=\"text-align: justify;\">Habr\u00e1 una cantidad limitada de becas de hospedaje. La beca de hospedaje incluye las noches del domingo 8 de enero al jueves 12 de enero del 2023 (desocupando el viernes 13 por la ma\u00f1ana), bajo la base de ocupaci\u00f3n cu\u00e1druple.<\/p>\r\n\r\n\r\n\r\n<p style=\"text-align: justify;\">Las becas de hospedaje se asignar\u00e1n despu\u00e9s de haber concluido el proceso de pago de inscripci\u00f3n, por lo que s\u00f3lo podr\u00e1n ser considerados para esta beca aquellos participantes que hayan realizado su pago de inscripci\u00f3n de manera puntual.<\/p>\r\n\r\n\r\n\r\n<p style=\"text-align: justify;\">La solicitud de becas de hospedaje se realizar\u00e1 al momento del pre-registro. La asignaci\u00f3n y publicaci\u00f3n de las becas otorgadas se realizar\u00e1 posterior al 22 de diciembre.<\/p>\r\n\r\n\r\n\r\n<p>&nbsp;<\/p>\r\n\r\n\r\n\r\n<p><strong>Pol\u00edtica de devoluci\u00f3n<\/strong><\/p>\r\n\r\n\r\n\r\n<p style=\"text-align: justify;\">Debido a que la planeaci\u00f3n del evento depende del n\u00famero de participantes, la fecha l\u00edmite para solicitar la devoluci\u00f3n del importe correspondiente a la inscripci\u00f3n es el jueves 22 de diciembre de 2022. Posterior a esta fecha no se aceptar\u00e1n solicitudes de devoluci\u00f3n. Esta pol\u00edtica aplica a\u00fan en el caso de que el participante no pueda acudir al evento, sin importar cu\u00e1l sea el motivo.<\/p>\r\n\r\n\r\n\r\n<p>&nbsp;<\/p>\r\n\r\n\r\n\r\n<p><strong>Cupo m\u00e1ximo<\/strong><\/p>\r\n\r\n\r\n\r\n<p style=\"text-align: justify;\">Debido a las limitaciones de tiempo de cada taller y con la mejor intenci\u00f3n de optimizar el aprovechamiento de los cursos y talleres, se limitar\u00e1 el m\u00e1ximo de estudiantes a 50. Como cada a\u00f1o, los estudiantes ser\u00e1n elegidos por el Comit\u00e9 Organizador de la Escuela de Invierno de Rob\u00f3tica 2022-2023 a partir de la informaci\u00f3n proporcionada en su pre-registro y tomando en cuenta criterios como el nivel educativo del candidato(a), su experiencia en rob\u00f3tica, sus motivos para asistir a la EIR 2022-2023 , sus participaciones anteriores o futuras en competencias de rob\u00f3tica o en eventos de la Federaci\u00f3n Mexicana de Rob\u00f3tica, A.C., y en la fecha de finalizaci\u00f3n de su pre-registro. El resto de los(las) candidatos(as) aceptados(as) o quienes as\u00ed lo soliciten podr\u00e1n inscribirse como oyentes. En cualquier caso, una vez sea aceptado(a) a la EIR 2022-2023, se le indicar\u00e1n por correo electr\u00f3nico los siguientes pasos para terminar su inscripci\u00f3n, que incluyen la confirmaci\u00f3n de participaci\u00f3n y el pago de la<strong>\u00a0<\/strong>cuota de inscripci\u00f3n.<\/p>\r\n\r\n\r\n\r\n<p>&nbsp;<\/p>\r\n\r\n\r\n\r\n<p style=\"text-align: justify;\"><strong>Datos fiscales de la FMR<\/strong><br \/>Estos son los datos fiscales de la Federaci\u00f3n Mexicana de Rob\u00f3tica, A.C., que algunas instituciones requieren para poder generar sus pagos.<\/p>\r\n\r\n\r\n\r\n<p style=\"text-align: justify;\">Federaci\u00f3n Mexicana de Rob\u00f3tica AC<br \/>Av. \u00c1msterdam 240 interior 4<br \/>Col. Hip\u00f3dromo<br \/>Del. Cuauht\u00e9moc<br \/>Ciudad de M\u00e9xico, CP 06100<br \/>RFC: FMD100528N13<\/p>\r\n","protected":false},"excerpt":{"rendered":"<p>Costos y Becas Costos de inscripci\u00f3n El costo de inscripci\u00f3n a los cursos de la\u00a0Escuela de Invierno de Rob\u00f3tica 2022-2023\u00a0es de: $2,630.00 (IVA incluido) La inscripci\u00f3n cubre la participaci\u00f3n en los cursos, conferencias magistrales y coffee breaks. Durante la Escuela de invierno se realizar\u00e1 una callejoneada a la cual podr\u00e1n asistir los participantes de la [&hellip;]<\/p>\n","protected":false},"author":4,"featured_media":0,"parent":0,"menu_order":0,"comment_status":"closed","ping_status":"closed","template":"","meta":{"hide_page_title":"enabled","footnotes":""},"class_list":["post-156","page","type-page","status-publish","hentry"],"_links":{"self":[{"href":"https:\/\/femexrobotica.org\/eir2022-2023\/wp-json\/wp\/v2\/pages\/156","targetHints":{"allow":["GET"]}}],"collection":[{"href":"https:\/\/femexrobotica.org\/eir2022-2023\/wp-json\/wp\/v2\/pages"}],"about":[{"href":"https:\/\/femexrobotica.org\/eir2022-2023\/wp-json\/wp\/v2\/types\/page"}],"author":[{"embeddable":true,"href":"https:\/\/femexrobotica.org\/eir2022-2023\/wp-json\/wp\/v2\/users\/4"}],"replies":[{"embeddable":true,"href":"https:\/\/femexrobotica.org\/eir2022-2023\/wp-json\/wp\/v2\/comments?post=156"}],"version-history":[{"count":15,"href":"https:\/\/femexrobotica.org\/eir2022-2023\/wp-json\/wp\/v2\/pages\/156\/revisions"}],"predecessor-version":[{"id":330,"href":"https:\/\/femexrobotica.org\/eir2022-2023\/wp-json\/wp\/v2\/pages\/156\/revisions\/330"}],"wp:attachment":[{"href":"https:\/\/femexrobotica.org\/eir2022-2023\/wp-json\/wp\/v2\/media?parent=156"}],"curies":[{"name":"wp","href":"https:\/\/api.w.org\/{rel}","templated":true}]}}