{"id":154,"date":"2022-11-22T19:17:10","date_gmt":"2022-11-22T19:17:10","guid":{"rendered":"https:\/\/femexrobotica.org\/eir2022-2023\/?page_id=154"},"modified":"2022-12-22T17:14:43","modified_gmt":"2022-12-22T17:14:43","slug":"cursos-eir-2","status":"publish","type":"page","link":"https:\/\/femexrobotica.org\/eir2022-2023\/cursos-eir-2\/","title":{"rendered":"Cursos EIR"},"content":{"rendered":"\r\n<p><strong>Cursos EIR<\/strong><\/p>\r\n\r\n\r\n\r\n<figure class=\"wp-block-image size-large\"><img loading=\"lazy\" decoding=\"async\" width=\"1024\" height=\"347\" class=\"wp-image-313\" src=\"https:\/\/femexrobotica.org\/eir2022-2023\/wp-content\/uploads\/2022\/12\/Banner-4-1024x347.jpg\" alt=\"\" srcset=\"https:\/\/femexrobotica.org\/eir2022-2023\/wp-content\/uploads\/2022\/12\/Banner-4-1024x347.jpg 1024w, https:\/\/femexrobotica.org\/eir2022-2023\/wp-content\/uploads\/2022\/12\/Banner-4-300x102.jpg 300w, https:\/\/femexrobotica.org\/eir2022-2023\/wp-content\/uploads\/2022\/12\/Banner-4-768x260.jpg 768w, https:\/\/femexrobotica.org\/eir2022-2023\/wp-content\/uploads\/2022\/12\/Banner-4-1536x520.jpg 1536w, https:\/\/femexrobotica.org\/eir2022-2023\/wp-content\/uploads\/2022\/12\/Banner-4-2048x694.jpg 2048w\" sizes=\"auto, (max-width: 1024px) 100vw, 1024px\" \/><\/figure>\r\n\r\n\r\n\r\n<p>&nbsp;<\/p>\r\n\r\n\r\n\r\n<p><a href=\"https:\/\/femexrobotica.org\/eir2022-2023\/wp-content\/uploads\/2022\/12\/Curso_Aviles.pdf\" target=\"_blank\" rel=\"noopener\"><strong>Selecci\u00f3n de comportamientos b\u00e1sicos de conducci\u00f3n usando MDP-ProbLog y Webots<\/strong><\/a><br \/>Dr. H\u00e9ctor Hugo Avil\u00e9s Arriaga<br \/>Universidad Polit\u00e9cnica de Victoria<\/p>\r\n\r\n\r\n\r\n<p><a href=\"https:\/\/femexrobotica.org\/eir2022-2023\/wp-content\/uploads\/2022\/12\/Curso_Celaya.pdf\" target=\"_blank\" rel=\"noopener\"><strong>Introducci\u00f3n a la conducci\u00f3n aut\u00f3noma escala 1:10<\/strong><\/a><\/p>\r\n\r\n\r\n\r\n<div class=\"wp-block-group\"><div class=\"wp-block-group__inner-container is-layout-constrained wp-block-group-is-layout-constrained\">\r\n<div class=\"wp-block-group\"><div class=\"wp-block-group__inner-container is-layout-constrained wp-block-group-is-layout-constrained\">\r\n<div class=\"wp-block-group\"><div class=\"wp-block-group__inner-container is-layout-constrained wp-block-group-is-layout-constrained\">\r\n<div class=\"wp-block-group\"><div class=\"wp-block-group__inner-container is-layout-constrained wp-block-group-is-layout-constrained\">\r\n<p>Dr. Jos\u00e9 Mar\u00eda Celaya Padilla<br \/>M. en C. Javier Sald\u00edvar P\u00e9rez<br \/>Universidad Aut\u00f3noma de Zacatecas<\/p>\r\n<\/div><\/div>\r\n<\/div><\/div>\r\n<\/div><\/div>\r\n<\/div><\/div>\r\n\r\n\r\n\r\n<p><a href=\"https:\/\/femexrobotica.org\/eir2022-2023\/wp-content\/uploads\/2022\/12\/Curso_Contreras.pdf\" target=\"_blank\" rel=\"noopener\"><strong>Geometry of Robot Motion<\/strong><\/a><br \/>Dr. Luis \u00c1ngel Contreras-Toledo <br \/>Advance Intelligence and Robotics Research Center, Japan<\/p>\r\n\r\n\r\n\r\n<p><strong><a href=\"https:\/\/femexrobotica.org\/eir2022-2023\/wp-content\/uploads\/2022\/12\/Curso_Galicia.pdf\" target=\"_blank\" rel=\"noopener\">Habitat: La IA incorporada<\/a><br \/><\/strong>Ing. Miguel Aaron Galicia Zainos<br \/>Centro de Investigaci\u00f3n en Computaci\u00f3n<\/p>\r\n\r\n\r\n\r\n<p><strong><a href=\"https:\/\/femexrobotica.org\/eir2022-2023\/wp-content\/uploads\/2022\/12\/Curso_Jaramillo.pdf\" target=\"_blank\" rel=\"noopener\">Introducci\u00f3n a ROS y conducci\u00f3n autom\u00e1tica con \u201cDonkieTown\u201d<\/a><br \/><\/strong>Dr. Uziel Jaramillo \u00c1vila<br \/>CIMAT unidad Zacatecas<\/p>\r\n\r\n\r\n\r\n\r\n\r\n<p><strong><a href=\"https:\/\/femexrobotica.org\/eir2022-2023\/wp-content\/uploads\/2022\/12\/Curso_Vargas.pdf\" target=\"_blank\" rel=\"noopener\">Simulaci\u00f3n de un Robot para exploraci\u00f3n espacial usando Webots y ROS2<\/a><br \/><\/strong>Dr. H\u00e9ctor Sim\u00f3n Vargas<br \/>Facultad de Electr\u00f3nica de la Universidad Popular Aut\u00f3noma del Estado de Puebla<\/p>\r\n\r\n\r\n\r\n<p><strong><a href=\"https:\/\/femexrobotica.org\/eir2022-2023\/wp-content\/uploads\/2022\/12\/Curso_Negrete.pdf\" target=\"_blank\" rel=\"noopener\">Tareas b\u00e1sicas en robots de servicio dom\u00e9stico<\/a><br \/><\/strong>Dr. Marco Antonio Negrete Villanueva<br \/>Depto de Procesamiento de Se\u00f1ales, Facultad de Ingenier\u00eda, UNAM<\/p>\r\n\r\n\r\n\r\n\r\n\r\n<p><strong><a href=\"https:\/\/femexrobotica.org\/eir2022-2023\/wp-content\/uploads\/2022\/12\/Curso_Rascon.pdf\" target=\"_blank\" rel=\"noopener\">Filtrado Espacial de Audio para Robots<\/a><br \/><\/strong>Dr. Caleb Rascon<br \/>Universidad Nacional Aut\u00f3noma de M\u00e9xico<\/p>\r\n\r\n\r\n\r\n<p><strong><a href=\"https:\/\/femexrobotica.org\/eir2022-2023\/wp-content\/uploads\/2022\/12\/Curso_Pedraza.pdf\" target=\"_blank\" rel=\"noopener\">Principios de Dise\u00f1o para Piezas Impresas en 3D<\/a><br \/><\/strong>Ing. Adolfo de Jes\u00fas Pedraza Monge<br \/>Universidad Tecnol\u00f3gica del Sureste de Veracruz<\/p>\r\n\r\n\r\n\r\n<p>&nbsp;<\/p>\r\n\r\n\r\n\r\n<p>&nbsp;<\/p>\r\n","protected":false},"excerpt":{"rendered":"<p>Cursos EIR &nbsp; Selecci\u00f3n de comportamientos b\u00e1sicos de conducci\u00f3n usando MDP-ProbLog y WebotsDr. H\u00e9ctor Hugo Avil\u00e9s ArriagaUniversidad Polit\u00e9cnica de Victoria Introducci\u00f3n a la conducci\u00f3n aut\u00f3noma escala 1:10 Dr. Jos\u00e9 Mar\u00eda Celaya PadillaM. en C. Javier Sald\u00edvar P\u00e9rezUniversidad Aut\u00f3noma de Zacatecas Geometry of Robot MotionDr. Luis \u00c1ngel Contreras-Toledo Advance Intelligence and Robotics Research Center, Japan Habitat: [&hellip;]<\/p>\n","protected":false},"author":4,"featured_media":0,"parent":0,"menu_order":0,"comment_status":"closed","ping_status":"closed","template":"","meta":{"hide_page_title":"enabled","footnotes":""},"class_list":["post-154","page","type-page","status-publish","hentry"],"_links":{"self":[{"href":"https:\/\/femexrobotica.org\/eir2022-2023\/wp-json\/wp\/v2\/pages\/154","targetHints":{"allow":["GET"]}}],"collection":[{"href":"https:\/\/femexrobotica.org\/eir2022-2023\/wp-json\/wp\/v2\/pages"}],"about":[{"href":"https:\/\/femexrobotica.org\/eir2022-2023\/wp-json\/wp\/v2\/types\/page"}],"author":[{"embeddable":true,"href":"https:\/\/femexrobotica.org\/eir2022-2023\/wp-json\/wp\/v2\/users\/4"}],"replies":[{"embeddable":true,"href":"https:\/\/femexrobotica.org\/eir2022-2023\/wp-json\/wp\/v2\/comments?post=154"}],"version-history":[{"count":16,"href":"https:\/\/femexrobotica.org\/eir2022-2023\/wp-json\/wp\/v2\/pages\/154\/revisions"}],"predecessor-version":[{"id":342,"href":"https:\/\/femexrobotica.org\/eir2022-2023\/wp-json\/wp\/v2\/pages\/154\/revisions\/342"}],"wp:attachment":[{"href":"https:\/\/femexrobotica.org\/eir2022-2023\/wp-json\/wp\/v2\/media?parent=154"}],"curies":[{"name":"wp","href":"https:\/\/api.w.org\/{rel}","templated":true}]}}