{"id":93,"date":"2021-12-02T17:37:41","date_gmt":"2021-12-02T17:37:41","guid":{"rendered":"https:\/\/femexrobotica.org\/eir2021-2022\/?page_id=93"},"modified":"2022-01-10T04:55:24","modified_gmt":"2022-01-10T04:55:24","slug":"cursos-eir","status":"publish","type":"page","link":"https:\/\/femexrobotica.org\/eir2021-2022\/cursos-eir\/","title":{"rendered":"Cursos EIR"},"content":{"rendered":"\n<figure class=\"wp-block-image size-large\"><img loading=\"lazy\" decoding=\"async\" width=\"1024\" height=\"218\" src=\"https:\/\/femexrobotica.org\/eir2021-2022\/wp-content\/uploads\/2021\/12\/BannerPAGINAWEB-1024x218.jpg\" alt=\"\" class=\"wp-image-282\" srcset=\"https:\/\/femexrobotica.org\/eir2021-2022\/wp-content\/uploads\/2021\/12\/BannerPAGINAWEB-1024x218.jpg 1024w, https:\/\/femexrobotica.org\/eir2021-2022\/wp-content\/uploads\/2021\/12\/BannerPAGINAWEB-300x64.jpg 300w, https:\/\/femexrobotica.org\/eir2021-2022\/wp-content\/uploads\/2021\/12\/BannerPAGINAWEB-768x164.jpg 768w, https:\/\/femexrobotica.org\/eir2021-2022\/wp-content\/uploads\/2021\/12\/BannerPAGINAWEB.jpg 1200w\" sizes=\"auto, (max-width: 1024px) 100vw, 1024px\" \/><\/figure>\n\n\n\n<p><a href=\"https:\/\/femexrobotica.org\/eir2021-2022\/inteligencia-artificial-libre-albedrio-y-soberania\/\">&#8220;Inteligencia Artificial, Libre Albedr\u00edo y Soberan\u00eda&#8221;<\/a>                                  Dr. Luis Alberto Pineda Cort\u00e9s                                                                      IIMAS, UNAM                                                                                         Tipo: Conferencia Magistral<\/p>\n\n\n\n<p><strong><a rel=\"noreferrer noopener\" href=\"https:\/\/femexrobotica.org\/eir2021-2022\/introduccion-a-sdpl\/\" target=\"_blank\">Una introducci\u00f3n a simulation Domestic Standard Platform League (sDSPL)<\/a><\/strong><br>Dr. Luis Contreras<br>Advance Intelligence and Robotics Research Center, Japan<br>Tipo: Curso de 4 horas<\/p>\n\n\n\n<p><a href=\"https:\/\/femexrobotica.org\/eir2021-2022\/__trashed\/\" target=\"_blank\" rel=\"noreferrer noopener\">Detecci\u00f3n de piezas industriales defectuosas utilizando Deep Learning.  <\/a>           Dr. Fernando Arce <br>Centro de Investigaci\u00f3n en Computaci\u00f3n, IPN<br>Tipo: Curso de 4 horas<\/p>\n\n\n\n<p><strong><a href=\"https:\/\/femexrobotica.org\/eir2021-2022\/sensado-remoto-utilizando-drones-e-inteligencia-artificial-espacial\/\" target=\"_blank\" rel=\"noreferrer noopener\">Sensado Remoto utilizando Drones e Inteligencia Artificial Espacial<\/a><\/strong><br>Dr. Jos\u00e9 Carranza, MSc. Leticia Oyuki Rojas P\u00e9rez, MSc. Aldrich Alfredo Cabrera Ponce<br>Coordinaci\u00f3n de Ciencias Computacionales del Instituto Nacional de Astrof\u00edsica \u00d3ptica y Electr\u00f3nica (INAOE)<br>Tipo: Curso de 4 horas<\/p>\n\n\n\n<p><strong><a href=\"https:\/\/femexrobotica.org\/eir2021-2022\/tareas-basicas-en-robots-de-servicio-domestico\/\" target=\"_blank\" rel=\"noreferrer noopener\">Tareas b\u00e1sicas en robots de servicio dom\u00e9stico<\/a><br><\/strong>Dr. Marco Negrete<br>Depto de Procesamiento de Se\u00f1ales, Facultad de Ingenier\u00eda, UNAM<br>Tipo: Taller de 6 horas<\/p>\n\n\n\n<p><strong><a href=\"https:\/\/femexrobotica.org\/eir2021-2022\/comportamientos-reactivos-para-robots-moviles\/\">Comportamientos Reactivos Para Robots M\u00f3viles<\/a><br><\/strong>Dr. Jes\u00fas Savage Carmona<br>Divisi\u00f3n de Ingenier\u00eda El\u00e9ctrica, Facultad de Ingenier\u00eda, UNAM<br>Tipo: Curso de 4 horas<\/p>\n\n\n\n<p><strong><a href=\"https:\/\/femexrobotica.org\/eir2021-2022\/introduccion-a-la-robotica-de-servicio\/\" target=\"_blank\" rel=\"noreferrer noopener\">Introducci\u00f3n a la Rob\u00f3tica de Servicio<\/a><br><\/strong>Dr. H\u00e9ctor Sim\u00f3n Vargas<br>Facultad de Electr\u00f3nica de la Universidad Popular Aut\u00f3noma del Estado de Puebla<br>Tipo: Curso de 2 horas<\/p>\n\n\n\n<p><strong><a href=\"https:\/\/femexrobotica.org\/eir2021-2022\/diseno-de-pcbs-y-su-manufactura-en-china\/\" target=\"_blank\" rel=\"noreferrer noopener\">Dise\u00f1o de PCBs y su manufactura en China<\/a><br><\/strong>Luman Burr Capistran, Rodrigo Molina Dom\u00ednguez<br>Robotistas MX<br>Tipo: Taller de 6 horas<\/p>\n\n\n\n<p><strong><a rel=\"noreferrer noopener\" href=\"https:\/\/femexrobotica.org\/eir2021-2022\/filtrado-espacial-de-audio-para-robots\/\" data-type=\"URL\" data-id=\"https:\/\/femexrobotica.org\/eir2021-2022\/filtrado-espacial-de-audio-para-robots\/\" target=\"_blank\">Filtrado Espac<\/a><a href=\"https:\/\/femexrobotica.org\/eir2021-2022\/filtrado-espacial-de-audio-para-robots\/\" data-type=\"URL\" target=\"_blank\" rel=\"noreferrer noopener\">ial de Audio para Robots<\/a><br><\/strong>Dr. Caleb Rascon<br>Universidad Nacional Aut\u00f3noma de M\u00e9xico<br>Tipo: Curso de 4 horas<\/p>\n\n\n\n<p><strong><a href=\"https:\/\/femexrobotica.org\/eir2021-2022\/introduccion-a-la-logica-probabilistica-usando-problog\/\">Introducci\u00f3n a la l\u00f3gica probabil\u00edstica usando ProbLog<\/a><br><\/strong>Dr. H\u00e9ctor Avil\u00e9s, M. Javier Delgado<br>Universidad Polit\u00e9cnica de Victoria<br>Tipo: Taller de 6 horas<\/p>\n\n\n\n<p><strong><a href=\"https:\/\/femexrobotica.org\/eir2021-2022\/introduccion-a-la-vision-por-computadora\/\">Introducci\u00f3n a la Visi\u00f3n por Computadora<\/a><br><\/strong>Dr. Gabriel Acosta, Mtra. Roc\u00edo Erandi<br>Universidad Veracruzana<br>Tipo: Curso de 2 horas<\/p>\n\n\n\n<p><strong><a href=\"https:\/\/femexrobotica.org\/eir2021-2022\/desarrollo-de-un-brazo-de-5-gdl-en-gazebo\/\">Desarrollo de un brazo de 5 GDL en Gazebo<\/a><br><\/strong>Dr. Sergio Hern\u00e1ndez M\u00e9ndez<br>Universidad Veracruzana<br>Tipo: Curso de 2 horas<\/p>\n","protected":false},"excerpt":{"rendered":"<p>&#8220;Inteligencia Artificial, Libre Albedr\u00edo y Soberan\u00eda&#8221; Dr. Luis Alberto Pineda Cort\u00e9s IIMAS, UNAM Tipo: Conferencia Magistral Una introducci\u00f3n a simulation Domestic Standard Platform League (sDSPL)Dr. Luis ContrerasAdvance Intelligence and Robotics Research Center, JapanTipo: Curso de 4 horas Detecci\u00f3n de piezas industriales defectuosas utilizando Deep Learning. Dr. Fernando Arce Centro de Investigaci\u00f3n en Computaci\u00f3n, IPNTipo: Curso [&hellip;]<\/p>\n","protected":false},"author":4,"featured_media":0,"parent":0,"menu_order":0,"comment_status":"closed","ping_status":"closed","template":"","meta":{"_exactmetrics_skip_tracking":false,"_exactmetrics_sitenote_active":false,"_exactmetrics_sitenote_note":"","_exactmetrics_sitenote_category":0,"footnotes":""},"class_list":["post-93","page","type-page","status-publish","hentry"],"_links":{"self":[{"href":"https:\/\/femexrobotica.org\/eir2021-2022\/wp-json\/wp\/v2\/pages\/93","targetHints":{"allow":["GET"]}}],"collection":[{"href":"https:\/\/femexrobotica.org\/eir2021-2022\/wp-json\/wp\/v2\/pages"}],"about":[{"href":"https:\/\/femexrobotica.org\/eir2021-2022\/wp-json\/wp\/v2\/types\/page"}],"author":[{"embeddable":true,"href":"https:\/\/femexrobotica.org\/eir2021-2022\/wp-json\/wp\/v2\/users\/4"}],"replies":[{"embeddable":true,"href":"https:\/\/femexrobotica.org\/eir2021-2022\/wp-json\/wp\/v2\/comments?post=93"}],"version-history":[{"count":29,"href":"https:\/\/femexrobotica.org\/eir2021-2022\/wp-json\/wp\/v2\/pages\/93\/revisions"}],"predecessor-version":[{"id":383,"href":"https:\/\/femexrobotica.org\/eir2021-2022\/wp-json\/wp\/v2\/pages\/93\/revisions\/383"}],"wp:attachment":[{"href":"https:\/\/femexrobotica.org\/eir2021-2022\/wp-json\/wp\/v2\/media?parent=93"}],"curies":[{"name":"wp","href":"https:\/\/api.w.org\/{rel}","templated":true}]}}