{"id":70,"date":"2021-12-02T17:07:12","date_gmt":"2021-12-02T17:07:12","guid":{"rendered":"https:\/\/femexrobotica.org\/eir2021-2022\/?page_id=70"},"modified":"2021-12-13T15:33:51","modified_gmt":"2021-12-13T15:33:51","slug":"sede","status":"publish","type":"page","link":"https:\/\/femexrobotica.org\/eir2021-2022\/sede\/","title":{"rendered":"Sede"},"content":{"rendered":"\n<p class=\"has-text-align-center\"><strong>Universidad Aut\u00f3noma de Guadalajara A.C.<\/strong><\/p>\n\n\n\n<p><\/p>\n\n\n\n<figure class=\"wp-block-image size-large\"><img loading=\"lazy\" decoding=\"async\" width=\"1024\" height=\"300\" src=\"https:\/\/femexrobotica.org\/eir2021-2022\/wp-content\/uploads\/2021\/12\/Sede-1024x300.jpg\" alt=\"\" class=\"wp-image-152\" srcset=\"https:\/\/femexrobotica.org\/eir2021-2022\/wp-content\/uploads\/2021\/12\/Sede-1024x300.jpg 1024w, https:\/\/femexrobotica.org\/eir2021-2022\/wp-content\/uploads\/2021\/12\/Sede-300x88.jpg 300w, https:\/\/femexrobotica.org\/eir2021-2022\/wp-content\/uploads\/2021\/12\/Sede-768x225.jpg 768w, https:\/\/femexrobotica.org\/eir2021-2022\/wp-content\/uploads\/2021\/12\/Sede-1200x352.jpg 1200w, https:\/\/femexrobotica.org\/eir2021-2022\/wp-content\/uploads\/2021\/12\/Sede.jpg 1500w\" sizes=\"auto, (max-width: 1024px) 100vw, 1024px\" \/><figcaption>Foto Panor\u00e1mica CU UAG<\/figcaption><\/figure>\n\n\n\n<p><br>La&nbsp;Universidad Aut\u00f3noma de Guadalajara&nbsp;es la primera universidad particular en el pa\u00eds, fundada el 3 de marzo de 1935 por un grupo de estudiantes entre los que destacan Carlos Cuesta Gallardo, Antonio Lea\u00f1o \u00c1lvarez del Castillo, \u00c1ngel Lea\u00f1o \u00c1lvarez del Castillo y Dionisio Fern\u00e1ndez Sahag\u00fan.<\/p>\n\n\n\n<p>La UAG se define como\u00a0una instituci\u00f3n superior de cultura, educaci\u00f3n y ciencia, al servicio de la humanidad y en particular de la comunidad mexicana, inspirada en la dignidad de la persona humana, en las relaciones respetuosas entre los seres humanos y en el cumplimiento de la justicia social. Sustenta los principios de libertad de c\u00e1tedra, docencia e investigaci\u00f3n y autonom\u00eda universitaria.<\/p>\n\n\n\n<p><\/p>\n\n\n\n<figure class=\"wp-block-image size-large\"><img loading=\"lazy\" decoding=\"async\" width=\"1024\" height=\"683\" src=\"https:\/\/femexrobotica.org\/eir2021-2022\/wp-content\/uploads\/2021\/12\/Biomedica-1024x683.jpg\" alt=\"\" class=\"wp-image-154\" srcset=\"https:\/\/femexrobotica.org\/eir2021-2022\/wp-content\/uploads\/2021\/12\/Biomedica-1024x683.jpg 1024w, https:\/\/femexrobotica.org\/eir2021-2022\/wp-content\/uploads\/2021\/12\/Biomedica-300x200.jpg 300w, https:\/\/femexrobotica.org\/eir2021-2022\/wp-content\/uploads\/2021\/12\/Biomedica-768x512.jpg 768w, https:\/\/femexrobotica.org\/eir2021-2022\/wp-content\/uploads\/2021\/12\/Biomedica-1200x800.jpg 1200w, https:\/\/femexrobotica.org\/eir2021-2022\/wp-content\/uploads\/2021\/12\/Biomedica.jpg 1500w\" sizes=\"auto, (max-width: 1024px) 100vw, 1024px\" \/><\/figure>\n\n\n\n<p>Nuestros&nbsp;m\u00e1s de 140 mil egresados&nbsp;de distintas nacionalidades y quienes se desempe\u00f1an con \u00e9xito en diversas partes del mundo, son nuestra mayor satisfacci\u00f3n y el testimonio m\u00e1s grande de la calidad que nos distingue.<\/p>\n\n\n\n<p>Nuestros egresados, de distintas nacionalidades y quienes se desempe\u00f1an con \u00e9xito en diversas partes del mundo, son nuestra mayor satisfacci\u00f3n y el testimonio m\u00e1s grande de la calidad que nos distingue.<\/p>\n\n\n\n<figure class=\"wp-block-image size-large\"><img loading=\"lazy\" decoding=\"async\" width=\"1024\" height=\"682\" src=\"https:\/\/femexrobotica.org\/eir2021-2022\/wp-content\/uploads\/2021\/12\/Electronica-1024x682.jpg\" alt=\"\" class=\"wp-image-155\" srcset=\"https:\/\/femexrobotica.org\/eir2021-2022\/wp-content\/uploads\/2021\/12\/Electronica-1024x682.jpg 1024w, https:\/\/femexrobotica.org\/eir2021-2022\/wp-content\/uploads\/2021\/12\/Electronica-300x200.jpg 300w, https:\/\/femexrobotica.org\/eir2021-2022\/wp-content\/uploads\/2021\/12\/Electronica-768x512.jpg 768w, https:\/\/femexrobotica.org\/eir2021-2022\/wp-content\/uploads\/2021\/12\/Electronica-1536x1024.jpg 1536w, https:\/\/femexrobotica.org\/eir2021-2022\/wp-content\/uploads\/2021\/12\/Electronica-1200x800.jpg 1200w, https:\/\/femexrobotica.org\/eir2021-2022\/wp-content\/uploads\/2021\/12\/Electronica-1980x1320.jpg 1980w, https:\/\/femexrobotica.org\/eir2021-2022\/wp-content\/uploads\/2021\/12\/Electronica.jpg 2000w\" sizes=\"auto, (max-width: 1024px) 100vw, 1024px\" \/><\/figure>\n","protected":false},"excerpt":{"rendered":"<p>Universidad Aut\u00f3noma de Guadalajara A.C. La&nbsp;Universidad Aut\u00f3noma de Guadalajara&nbsp;es la primera universidad particular en el pa\u00eds, fundada el 3 de marzo de 1935 por un grupo de estudiantes entre los que destacan Carlos Cuesta Gallardo, Antonio Lea\u00f1o \u00c1lvarez del Castillo, \u00c1ngel Lea\u00f1o \u00c1lvarez del Castillo y Dionisio Fern\u00e1ndez Sahag\u00fan. La UAG se define como\u00a0una instituci\u00f3n [&hellip;]<\/p>\n","protected":false},"author":4,"featured_media":0,"parent":0,"menu_order":0,"comment_status":"closed","ping_status":"closed","template":"","meta":{"_exactmetrics_skip_tracking":false,"_exactmetrics_sitenote_active":false,"_exactmetrics_sitenote_note":"","_exactmetrics_sitenote_category":0,"footnotes":""},"class_list":["post-70","page","type-page","status-publish","hentry"],"_links":{"self":[{"href":"https:\/\/femexrobotica.org\/eir2021-2022\/wp-json\/wp\/v2\/pages\/70","targetHints":{"allow":["GET"]}}],"collection":[{"href":"https:\/\/femexrobotica.org\/eir2021-2022\/wp-json\/wp\/v2\/pages"}],"about":[{"href":"https:\/\/femexrobotica.org\/eir2021-2022\/wp-json\/wp\/v2\/types\/page"}],"author":[{"embeddable":true,"href":"https:\/\/femexrobotica.org\/eir2021-2022\/wp-json\/wp\/v2\/users\/4"}],"replies":[{"embeddable":true,"href":"https:\/\/femexrobotica.org\/eir2021-2022\/wp-json\/wp\/v2\/comments?post=70"}],"version-history":[{"count":4,"href":"https:\/\/femexrobotica.org\/eir2021-2022\/wp-json\/wp\/v2\/pages\/70\/revisions"}],"predecessor-version":[{"id":156,"href":"https:\/\/femexrobotica.org\/eir2021-2022\/wp-json\/wp\/v2\/pages\/70\/revisions\/156"}],"wp:attachment":[{"href":"https:\/\/femexrobotica.org\/eir2021-2022\/wp-json\/wp\/v2\/media?parent=70"}],"curies":[{"name":"wp","href":"https:\/\/api.w.org\/{rel}","templated":true}]}}