{"id":69,"date":"2021-12-02T17:07:24","date_gmt":"2021-12-02T17:07:24","guid":{"rendered":"https:\/\/femexrobotica.org\/eir2021-2022\/?page_id=69"},"modified":"2021-12-10T17:05:26","modified_gmt":"2021-12-10T17:05:26","slug":"registro","status":"publish","type":"page","link":"https:\/\/femexrobotica.org\/eir2021-2022\/registro\/","title":{"rendered":"Registro"},"content":{"rendered":"\n<p><strong>Proceso de registro<\/strong><\/p>\n\n\n\n<p>Para participar en la Escuela de Invierno de Rob\u00f3tica 2021-2022, el(la) interesado(a) debe cubrir el siguiente procedimiento:<\/p>\n\n\n\n<ol class=\"wp-block-list\"><li>Ingrese al <a rel=\"noreferrer noopener\" href=\"https:\/\/www.femexrobotica.org\/regeir\" target=\"_blank\">sistema de registro<\/a> para dar de alta y enviar su solicitud de participaci\u00f3n. Es necesario solicitar cuenta de acceso, activarla siguiendo las instrucciones en su correo electr\u00f3nico, ingresar al sistema, completar el formulario con sus datos y enviar su solicitud. Podr\u00e1 guardar los datos sin enviar su solicitud por el tiempo que considere necesario.<\/li><li>Una vez que sea enviada la solicitud, \u00e9sta ya no podr\u00e1 ser modificada. La informaci\u00f3n que sea ingresada ser\u00e1 usada como criterio de selecci\u00f3n para definir el Tipo de participaci\u00f3n que ser\u00e1 asignado.<\/li><li>El Comit\u00e9 Organizador de la EIR 2021-2022 revisar\u00e1 y autorizar\u00e1 las solicitudes de forma peri\u00f3dica, notificando por correo electr\u00f3nico el resultado de la solicitud. Si no ha recibido confirmaci\u00f3n despu\u00e9s de 7 d\u00edas de haberla enviado por favor cont\u00e1ctenos.<\/li><li>Una vez que reciba su confirmaci\u00f3n de aceptaci\u00f3n y su Tipo de participaci\u00f3n, ingrese nuevamente al <a rel=\"noreferrer noopener\" href=\"https:\/\/www.femexrobotica.org\/regeir\" target=\"_blank\">sistema de registro<\/a> y concluya su registro de participaci\u00f3n: suba sus documentos de Aceptaci\u00f3n de condiciones, su comprobante de pago seg\u00fan el importe que le corresponda, y si lo requiere, sus datos para facturaci\u00f3n.<\/li><li>Se puede confirmar su avance en la entrega y revisi\u00f3n de los documentos en el sistema de registro. Verifique que todas las validaciones sean correctas antes de la fecha l\u00edmite.<\/li><li>Recibir\u00e1 informaci\u00f3n para el acceso a las actividades de la EIR 2021-2022 durante el fin de semana previo, en su direcci\u00f3n de correo electr\u00f3nico.<\/li><\/ol>\n\n\n\n<p><\/p>\n\n\n\n<p><strong>Fechas a considerar<\/strong><\/p>\n\n\n\n<ul class=\"wp-block-list\"><li>14 de diciembre de 2021: Apertura del sistema de registro.<\/li><li>5 de enero de 2022: Fecha l\u00edmite para env\u00edo de solicitudes de participaci\u00f3n y para solicitudes de devoluci\u00f3n.<\/li><li>7 de enero de 2022: Fecha l\u00edmite para concluir registro de participaci\u00f3n.<\/li><li>10 al 14 de enero de 2022: Realizaci\u00f3n de la Escuela de Invierno de Rob\u00f3tica 2021-2022.<\/li><li>24 de enero de 2022: Publicaci\u00f3n de las grabaciones de las sesiones a los participantes<\/li><\/ul>\n\n\n\n<p><\/p>\n","protected":false},"excerpt":{"rendered":"<p>Proceso de registro Para participar en la Escuela de Invierno de Rob\u00f3tica 2021-2022, el(la) interesado(a) debe cubrir el siguiente procedimiento: Ingrese al sistema de registro para dar de alta y enviar su solicitud de participaci\u00f3n. Es necesario solicitar cuenta de acceso, activarla siguiendo las instrucciones en su correo electr\u00f3nico, ingresar al sistema, completar el formulario [&hellip;]<\/p>\n","protected":false},"author":4,"featured_media":0,"parent":0,"menu_order":0,"comment_status":"closed","ping_status":"closed","template":"","meta":{"_exactmetrics_skip_tracking":false,"_exactmetrics_sitenote_active":false,"_exactmetrics_sitenote_note":"","_exactmetrics_sitenote_category":0,"footnotes":""},"class_list":["post-69","page","type-page","status-publish","hentry"],"_links":{"self":[{"href":"https:\/\/femexrobotica.org\/eir2021-2022\/wp-json\/wp\/v2\/pages\/69","targetHints":{"allow":["GET"]}}],"collection":[{"href":"https:\/\/femexrobotica.org\/eir2021-2022\/wp-json\/wp\/v2\/pages"}],"about":[{"href":"https:\/\/femexrobotica.org\/eir2021-2022\/wp-json\/wp\/v2\/types\/page"}],"author":[{"embeddable":true,"href":"https:\/\/femexrobotica.org\/eir2021-2022\/wp-json\/wp\/v2\/users\/4"}],"replies":[{"embeddable":true,"href":"https:\/\/femexrobotica.org\/eir2021-2022\/wp-json\/wp\/v2\/comments?post=69"}],"version-history":[{"count":5,"href":"https:\/\/femexrobotica.org\/eir2021-2022\/wp-json\/wp\/v2\/pages\/69\/revisions"}],"predecessor-version":[{"id":146,"href":"https:\/\/femexrobotica.org\/eir2021-2022\/wp-json\/wp\/v2\/pages\/69\/revisions\/146"}],"wp:attachment":[{"href":"https:\/\/femexrobotica.org\/eir2021-2022\/wp-json\/wp\/v2\/media?parent=69"}],"curies":[{"name":"wp","href":"https:\/\/api.w.org\/{rel}","templated":true}]}}