{"id":68,"date":"2021-12-02T17:33:09","date_gmt":"2021-12-02T17:33:09","guid":{"rendered":"https:\/\/femexrobotica.org\/eir2021-2022\/?page_id=68"},"modified":"2022-01-08T02:36:33","modified_gmt":"2022-01-08T02:36:33","slug":"costos-y-becas","status":"publish","type":"page","link":"https:\/\/femexrobotica.org\/eir2021-2022\/costos-y-becas\/","title":{"rendered":"Para participar"},"content":{"rendered":"\n<figure class=\"wp-block-image size-large\"><img loading=\"lazy\" decoding=\"async\" width=\"1024\" height=\"218\" src=\"https:\/\/femexrobotica.org\/eir2021-2022\/wp-content\/uploads\/2021\/12\/BannerPAGINAWEB-1024x218.jpg\" alt=\"\" class=\"wp-image-282\" srcset=\"https:\/\/femexrobotica.org\/eir2021-2022\/wp-content\/uploads\/2021\/12\/BannerPAGINAWEB-1024x218.jpg 1024w, https:\/\/femexrobotica.org\/eir2021-2022\/wp-content\/uploads\/2021\/12\/BannerPAGINAWEB-300x64.jpg 300w, https:\/\/femexrobotica.org\/eir2021-2022\/wp-content\/uploads\/2021\/12\/BannerPAGINAWEB-768x164.jpg 768w, https:\/\/femexrobotica.org\/eir2021-2022\/wp-content\/uploads\/2021\/12\/BannerPAGINAWEB.jpg 1200w\" sizes=\"auto, (max-width: 1024px) 100vw, 1024px\" \/><\/figure>\n\n\n\n<p><strong>Tipos de participaci\u00f3n<\/strong><\/p>\n\n\n\n<p>Este a\u00f1o, la modalidad virtual de la Escuela de Invierno de Rob\u00f3tica 2021-2022 nos permite dos tipos de asistentes:<\/p>\n\n\n\n<ul class=\"wp-block-list\"><li><strong>Participante <em>Estudiante<\/em><\/strong><\/li><li><strong>Participante <em>Oyente<\/em><\/strong><\/li><\/ul>\n\n\n\n<p>Por un lado, los(las) candidatos(as) aceptados(as) como&nbsp;<em>estudiantes<\/em>&nbsp;tendr\u00e1n derecho a un diploma de participaci\u00f3n de estudiante en formato digital, contar\u00e1n con acceso a los materiales de los cursos y a las grabaciones de las sesiones, las cuales estar\u00e1n disponibles desde el lunes 24 de enero del 2022 y hasta el d\u00eda 28 de febrero del 2022 y podr\u00e1n comunicarse con los(las) instructores(as) y conferencistas durante las sesiones. Por otro lado, los(las)&nbsp;<em>oyente<\/em>s obtendr\u00e1n un diploma de participaci\u00f3n como oyente en formato electr\u00f3nico, y tendr\u00e1n acceso a los materiales de los cursos y a las grabaciones de las sesiones. La \u00fanica diferencia con respecto a los estudiantes es que no podr\u00e1n comunicarse con los instructores durante las sesiones.<br><\/p>\n\n\n\n<p><strong>Costos de Inscripci\u00f3n<\/strong><\/p>\n\n\n\n<p>El costo de inscripci\u00f3n para los(las) asistentes aceptados(as) como <strong><a rel=\"noreferrer noopener\" href=\"http:\/\/femexrobotica.org\/eir2020-2021\/tipos-de-participacion\" target=\"_blank\">estudiantes<\/a> <\/strong>a la Escuela de Invierno de Rob\u00f3tica 2021-2022 es de:<\/p>\n\n\n\n<p class=\"has-text-align-center\"><strong>$800.00 MXN (IVA incluido)<\/strong><\/p>\n\n\n\n<p>El costo de inscripci\u00f3n para los(las) asistentes aceptados(as) como<strong> <a rel=\"noreferrer noopener\" href=\"http:\/\/femexrobotica.org\/eir2020-2021\/tipos-de-participacion\" target=\"_blank\">oyentes<\/a><\/strong> a la Escuela de Invierno de Rob\u00f3tica 2021-2022 es de: <\/p>\n\n\n\n<p class=\"has-text-align-center\"><strong>$350.00 MXN (IVA incluido)<\/strong><\/p>\n\n\n\n<p><\/p>\n\n\n\n<p><strong>Cupo m\u00e1ximo<\/strong><\/p>\n\n\n\n<p>Debido a las limitaciones de tiempo de cada taller y con la mejor intenci\u00f3n de optimizar el aprovechamiento de los cursos y talleres, se limitar\u00e1 el m\u00e1ximo de estudiantes a 50. Como cada a\u00f1o, los estudiantes ser\u00e1n elegidos por el Comit\u00e9 Organizador de la Escuela de Invierno de Rob\u00f3tica 2021-2022 a partir de la informaci\u00f3n proporcionada en su pre-registro y tomando en cuenta criterios como el nivel educativo del candidato(a), su experiencia en rob\u00f3tica, sus motivos para asistir a la EIR 2021-2022 , sus participaciones anteriores o futuras en competencias de rob\u00f3tica o en eventos de la Federaci\u00f3n Mexicana de Rob\u00f3tica, A.C., y en la fecha de finalizaci\u00f3n de su pre-registro. El resto de los(las) candidatos(as) aceptados(as) o quienes as\u00ed lo soliciten podr\u00e1n inscribirse como oyentes. En cualquier caso, una vez sea aceptado(a) a la EIR 2021-2022, se le indicar\u00e1n por correo electr\u00f3nico los siguientes pasos para terminar su inscripci\u00f3n, que incluyen la confirmaci\u00f3n de participaci\u00f3n y el pago de la&nbsp;<strong>cuota de inscripci\u00f3n<\/strong>.<br><\/p>\n\n\n\n<p><strong>Pol\u00edtica de devoluci\u00f3n<\/strong><br>Debido a que la planeaci\u00f3n del evento depende del n\u00famero de participantes, la fecha l\u00edmite para solicitar la devoluci\u00f3n del importe correspondiente a la inscripci\u00f3n es el d\u00eda mi\u00e9rcoles 5 de enero de 2022. Posterior a esta fecha no se aceptar\u00e1n solicitudes de devoluci\u00f3n. Esta pol\u00edtica aplica a\u00fan en el caso de que el participante no pueda atender las transmisiones, sin importar cu\u00e1l sea el motivo.<br><\/p>\n\n\n\n<p><strong>Datos fiscales de la FMR<\/strong><br>Estos son los datos fiscales de la Federaci\u00f3n Mexicana de Rob\u00f3tica, A.C., que algunas instituciones requieren para poder generar sus pagos.<\/p>\n\n\n\n<p>Federaci\u00f3n Mexicana de Rob\u00f3tica AC<br>Av. \u00c1msterdam 240 interior 4<br>Col. Hip\u00f3dromo<br>Del. Cuauht\u00e9moc<br>Ciudad de M\u00e9xico, CP 06100<br>RFC: FMD100528N13<\/p>\n","protected":false},"excerpt":{"rendered":"<p>Tipos de participaci\u00f3n Este a\u00f1o, la modalidad virtual de la Escuela de Invierno de Rob\u00f3tica 2021-2022 nos permite dos tipos de asistentes: Participante Estudiante Participante Oyente Por un lado, los(las) candidatos(as) aceptados(as) como&nbsp;estudiantes&nbsp;tendr\u00e1n derecho a un diploma de participaci\u00f3n de estudiante en formato digital, contar\u00e1n con acceso a los materiales de los cursos y a [&hellip;]<\/p>\n","protected":false},"author":4,"featured_media":0,"parent":0,"menu_order":0,"comment_status":"closed","ping_status":"closed","template":"","meta":{"_exactmetrics_skip_tracking":false,"_exactmetrics_sitenote_active":false,"_exactmetrics_sitenote_note":"","_exactmetrics_sitenote_category":0,"footnotes":""},"class_list":["post-68","page","type-page","status-publish","hentry"],"_links":{"self":[{"href":"https:\/\/femexrobotica.org\/eir2021-2022\/wp-json\/wp\/v2\/pages\/68","targetHints":{"allow":["GET"]}}],"collection":[{"href":"https:\/\/femexrobotica.org\/eir2021-2022\/wp-json\/wp\/v2\/pages"}],"about":[{"href":"https:\/\/femexrobotica.org\/eir2021-2022\/wp-json\/wp\/v2\/types\/page"}],"author":[{"embeddable":true,"href":"https:\/\/femexrobotica.org\/eir2021-2022\/wp-json\/wp\/v2\/users\/4"}],"replies":[{"embeddable":true,"href":"https:\/\/femexrobotica.org\/eir2021-2022\/wp-json\/wp\/v2\/comments?post=68"}],"version-history":[{"count":12,"href":"https:\/\/femexrobotica.org\/eir2021-2022\/wp-json\/wp\/v2\/pages\/68\/revisions"}],"predecessor-version":[{"id":350,"href":"https:\/\/femexrobotica.org\/eir2021-2022\/wp-json\/wp\/v2\/pages\/68\/revisions\/350"}],"wp:attachment":[{"href":"https:\/\/femexrobotica.org\/eir2021-2022\/wp-json\/wp\/v2\/media?parent=68"}],"curies":[{"name":"wp","href":"https:\/\/api.w.org\/{rel}","templated":true}]}}