{"id":39,"date":"2021-12-02T15:21:17","date_gmt":"2021-12-02T15:21:17","guid":{"rendered":"https:\/\/femexrobotica.org\/eir2021-2022\/?page_id=39"},"modified":"2022-01-08T02:34:12","modified_gmt":"2022-01-08T02:34:12","slug":"acerca-de","status":"publish","type":"page","link":"https:\/\/femexrobotica.org\/eir2021-2022\/acerca-de\/","title":{"rendered":"Comit\u00e9 Organizador"},"content":{"rendered":"\n<figure class=\"wp-block-image size-large\"><img loading=\"lazy\" decoding=\"async\" width=\"1024\" height=\"218\" src=\"https:\/\/femexrobotica.org\/eir2021-2022\/wp-content\/uploads\/2021\/12\/BannerPAGINAWEB-1024x218.jpg\" alt=\"\" class=\"wp-image-282\" srcset=\"https:\/\/femexrobotica.org\/eir2021-2022\/wp-content\/uploads\/2021\/12\/BannerPAGINAWEB-1024x218.jpg 1024w, https:\/\/femexrobotica.org\/eir2021-2022\/wp-content\/uploads\/2021\/12\/BannerPAGINAWEB-300x64.jpg 300w, https:\/\/femexrobotica.org\/eir2021-2022\/wp-content\/uploads\/2021\/12\/BannerPAGINAWEB-768x164.jpg 768w, https:\/\/femexrobotica.org\/eir2021-2022\/wp-content\/uploads\/2021\/12\/BannerPAGINAWEB.jpg 1200w\" sizes=\"auto, (max-width: 1024px) 100vw, 1024px\" \/><\/figure>\n\n\n\n<p><\/p>\n\n\n\n<p>Ing. Jossie Elenisse Rivera Leyva  <a href=\"mailto:jleyva@edu.uag.mx\">jleyva@edu.uag.mx<\/a><br>Directora del Programa de Ingeniero Mecatr\u00f3nico y Electr\u00f3nica Biom\u00e9dica de la UAG  <\/p>\n\n\n\n<p><\/p>\n\n\n\n<p>Dr. Martin Gerardo Vega Grijalba  <a href=\"mailto:m.vega@edu.uag.mx\">m.vega@edu.uag.mx<\/a> <br>Director del Departamento de Electromec\u00e1nica de la UAG<\/p>\n\n\n\n<p><\/p>\n\n\n\n<p>Dr. Gerardo Adri\u00e1n Mart\u00ednez Fern\u00e1ndez  <a href=\"mailto:gerardoa.martinez@edu.uag.mx\">gerardoa.martinez@edu.uag.mx<\/a> <br>Director del Departamento de Computaci\u00f3n e Industrial de la UAG<\/p>\n\n\n\n<p><\/p>\n\n\n\n<p>Lic. Juan Pablo Isaac Mendoza Mora <a href=\"mailto:isaac.mendoza@edu.uag.mx\">isaac.mendoza@edu.uag.mx<\/a><br>Ejecutivo de Atenci\u00f3n Decanato de Dise\u00f1o, Ciencia y Tecnolog\u00eda<\/p>\n\n\n\n<p><\/p>\n\n\n\n<p>Mtro. Luis Jos\u00e9 L\u00f3pez Lora  <a href=\"mailto:llopez@femexrobotica.org\">llopez@femexrobotica.org<\/a> <br>Presidente de la Federaci\u00f3n Mexicana de Rob\u00f3tica<\/p>\n\n\n\n<p><\/p>\n\n\n\n<p>Dra. Marcela Quiroz  <a href=\"mailto:qc.marcela@gmail.com\">qc.marcela@gmail.com<\/a><br>Consejo Directivo, Federaci\u00f3n Mexicana de Rob\u00f3tica<\/p>\n\n\n\n<p><\/p>\n\n\n\n<p>Mtro. Javier Delgado  <a href=\"mailto:jdelgado@femexrobotica.org\">jdelgado@femexrobotica.org<\/a><br>Consejo Directivo, Federaci\u00f3n Mexicana de Rob\u00f3tica<\/p>\n","protected":false},"excerpt":{"rendered":"<p>Ing. Jossie Elenisse Rivera Leyva jleyva@edu.uag.mxDirectora del Programa de Ingeniero Mecatr\u00f3nico y Electr\u00f3nica Biom\u00e9dica de la UAG Dr. Martin Gerardo Vega Grijalba m.vega@edu.uag.mx Director del Departamento de Electromec\u00e1nica de la UAG Dr. Gerardo Adri\u00e1n Mart\u00ednez Fern\u00e1ndez gerardoa.martinez@edu.uag.mx Director del Departamento de Computaci\u00f3n e Industrial de la UAG Lic. Juan Pablo Isaac Mendoza Mora isaac.mendoza@edu.uag.mxEjecutivo de [&hellip;]<\/p>\n","protected":false},"author":4,"featured_media":0,"parent":0,"menu_order":0,"comment_status":"closed","ping_status":"closed","template":"","meta":{"_exactmetrics_skip_tracking":false,"_exactmetrics_sitenote_active":false,"_exactmetrics_sitenote_note":"","_exactmetrics_sitenote_category":0,"footnotes":""},"class_list":["post-39","page","type-page","status-publish","hentry"],"_links":{"self":[{"href":"https:\/\/femexrobotica.org\/eir2021-2022\/wp-json\/wp\/v2\/pages\/39","targetHints":{"allow":["GET"]}}],"collection":[{"href":"https:\/\/femexrobotica.org\/eir2021-2022\/wp-json\/wp\/v2\/pages"}],"about":[{"href":"https:\/\/femexrobotica.org\/eir2021-2022\/wp-json\/wp\/v2\/types\/page"}],"author":[{"embeddable":true,"href":"https:\/\/femexrobotica.org\/eir2021-2022\/wp-json\/wp\/v2\/users\/4"}],"replies":[{"embeddable":true,"href":"https:\/\/femexrobotica.org\/eir2021-2022\/wp-json\/wp\/v2\/comments?post=39"}],"version-history":[{"count":12,"href":"https:\/\/femexrobotica.org\/eir2021-2022\/wp-json\/wp\/v2\/pages\/39\/revisions"}],"predecessor-version":[{"id":348,"href":"https:\/\/femexrobotica.org\/eir2021-2022\/wp-json\/wp\/v2\/pages\/39\/revisions\/348"}],"wp:attachment":[{"href":"https:\/\/femexrobotica.org\/eir2021-2022\/wp-json\/wp\/v2\/media?parent=39"}],"curies":[{"name":"wp","href":"https:\/\/api.w.org\/{rel}","templated":true}]}}