{"id":38,"date":"2021-12-02T15:21:17","date_gmt":"2021-12-02T15:21:17","guid":{"rendered":"https:\/\/femexrobotica.org\/eir2021-2022\/?page_id=38"},"modified":"2022-01-09T17:32:39","modified_gmt":"2022-01-09T17:32:39","slug":"el-nuevo-umoma-abre-sus-puertas-2","status":"publish","type":"page","link":"https:\/\/femexrobotica.org\/eir2021-2022\/","title":{"rendered":"Escuela de Invierno de Rob\u00f3tica 2021-2022"},"content":{"rendered":"\n<figure class=\"wp-block-image size-large\"><img loading=\"lazy\" decoding=\"async\" width=\"1024\" height=\"656\" src=\"https:\/\/femexrobotica.org\/eir2021-2022\/wp-content\/uploads\/2021\/12\/IMAGENPAGINAWEB-1024x656.jpg\" alt=\"\" class=\"wp-image-118\" srcset=\"https:\/\/femexrobotica.org\/eir2021-2022\/wp-content\/uploads\/2021\/12\/IMAGENPAGINAWEB-1024x656.jpg 1024w, https:\/\/femexrobotica.org\/eir2021-2022\/wp-content\/uploads\/2021\/12\/IMAGENPAGINAWEB-300x192.jpg 300w, https:\/\/femexrobotica.org\/eir2021-2022\/wp-content\/uploads\/2021\/12\/IMAGENPAGINAWEB-768x492.jpg 768w, https:\/\/femexrobotica.org\/eir2021-2022\/wp-content\/uploads\/2021\/12\/IMAGENPAGINAWEB.jpg 1200w\" sizes=\"auto, (max-width: 1024px) 100vw, 1024px\" \/><\/figure>\n\n\n\n<p class=\"has-drop-cap\">La Federaci\u00f3n Mexicana de Rob\u00f3tica A.C. (FMR) y la Universidad Aut\u00f3noma de Guadalajara (UAG) tienen el gusto de invitar a estudiantes y acad\u00e9micos de nivel medio, superior y posgrado, a participar en la\u00a0<strong>Octava  Escuela de Invierno de Rob\u00f3tica (EIR) 2021-2022<\/strong>, que se llevar\u00e1 a cabo del 10 al 14 de enero de 2022 de Manera Virtual en la Universidad Aut\u00f3noma de Guadalajara, en Zapopan, Jalisco<\/p>\n\n\n\n<p>Al igual que en escuelas anteriores, la EIR 2021-2022 ofrecer\u00e1 cursos, talleres te\u00f3rico-pr\u00e1cticos y demos, as\u00ed como conferencias magistrales impartidas por reconocidos especialistas mexicanos y extranjeros en las diferentes \u00e1reas de la rob\u00f3tica para proporcionar a los participantes un panorama amplio y actual de la rob\u00f3tica, compartir los avances recientes alcanzados en M\u00e9xico y ofrecer un ambiente de interacci\u00f3n entre los asistentes que fomente la creaci\u00f3n de futuras redes de colaboraci\u00f3n en rob\u00f3tica en nuestro pa\u00eds.<\/p>\n\n\n\n<p>Mantente atento ya que pronto tendremos mayores informes en nuestra secci\u00f3n de avisos.<\/p>\n\n\n\n<p>Les enviamos un cordial saludo.<\/p>\n\n\n\n<p>Atentamente.<\/p>\n\n\n\n<p>Comit\u00e9 Organizador de la Escuela de Invierno de Rob\u00f3tica 2021-2022<\/p>\n\n\n\n<p>Universidad Aut\u00f3noma de Guadalajara A.C. <\/p>\n\n\n\n<p>Federaci\u00f3n Mexicana De Rob\u00f3tica  A.C.<\/p>\n\n\n\n<p><\/p>\n\n\n\n<p><\/p>\n","protected":false},"excerpt":{"rendered":"<p>La Federaci\u00f3n Mexicana de Rob\u00f3tica A.C. (FMR) y la Universidad Aut\u00f3noma de Guadalajara (UAG) tienen el gusto de invitar a estudiantes y acad\u00e9micos de nivel medio, superior y posgrado, a participar en la\u00a0Octava Escuela de Invierno de Rob\u00f3tica (EIR) 2021-2022, que se llevar\u00e1 a cabo del 10 al 14 de enero de 2022 de Manera [&hellip;]<\/p>\n","protected":false},"author":4,"featured_media":0,"parent":0,"menu_order":0,"comment_status":"closed","ping_status":"closed","template":"","meta":{"_exactmetrics_skip_tracking":false,"_exactmetrics_sitenote_active":false,"_exactmetrics_sitenote_note":"","_exactmetrics_sitenote_category":0,"footnotes":""},"class_list":["post-38","page","type-page","status-publish","hentry"],"_links":{"self":[{"href":"https:\/\/femexrobotica.org\/eir2021-2022\/wp-json\/wp\/v2\/pages\/38","targetHints":{"allow":["GET"]}}],"collection":[{"href":"https:\/\/femexrobotica.org\/eir2021-2022\/wp-json\/wp\/v2\/pages"}],"about":[{"href":"https:\/\/femexrobotica.org\/eir2021-2022\/wp-json\/wp\/v2\/types\/page"}],"author":[{"embeddable":true,"href":"https:\/\/femexrobotica.org\/eir2021-2022\/wp-json\/wp\/v2\/users\/4"}],"replies":[{"embeddable":true,"href":"https:\/\/femexrobotica.org\/eir2021-2022\/wp-json\/wp\/v2\/comments?post=38"}],"version-history":[{"count":22,"href":"https:\/\/femexrobotica.org\/eir2021-2022\/wp-json\/wp\/v2\/pages\/38\/revisions"}],"predecessor-version":[{"id":365,"href":"https:\/\/femexrobotica.org\/eir2021-2022\/wp-json\/wp\/v2\/pages\/38\/revisions\/365"}],"wp:attachment":[{"href":"https:\/\/femexrobotica.org\/eir2021-2022\/wp-json\/wp\/v2\/media?parent=38"}],"curies":[{"name":"wp","href":"https:\/\/api.w.org\/{rel}","templated":true}]}}