{"id":355,"date":"2022-01-08T15:58:27","date_gmt":"2022-01-08T15:58:27","guid":{"rendered":"https:\/\/femexrobotica.org\/eir2021-2022\/?page_id=355"},"modified":"2022-01-08T15:58:28","modified_gmt":"2022-01-08T15:58:28","slug":"inteligencia-artificial-libre-albedrio-y-soberania","status":"publish","type":"page","link":"https:\/\/femexrobotica.org\/eir2021-2022\/inteligencia-artificial-libre-albedrio-y-soberania\/","title":{"rendered":"Inteligencia Artificial, Libre Albedr\u00edo y Soberan\u00eda"},"content":{"rendered":"\n<p>Conferencia Magistral<\/p>\n\n\n\n<div class=\"wp-block-image\"><figure class=\"aligncenter size-full is-resized\"><img loading=\"lazy\" decoding=\"async\" src=\"https:\/\/femexrobotica.org\/eir2021-2022\/wp-content\/uploads\/2022\/01\/INTELIGENCIA-ARTIFICIAL-PONENTE.png\" alt=\"\" class=\"wp-image-356\" width=\"188\" height=\"271\"\/><\/figure><\/div>\n\n\n\n<p>Acerca del conferencista: <\/p>\n\n\n\n<p>Ingeniero Electr\u00f3nico por la Universidad Anahuac (1976-1980), M. en C. en Ciencias Computacionales, por el ITESM (1983-1985), Campus Morelos y doctor (PhD) por la Universidad de Edimburgo, Escocia (1986-1990). Se desempe\u00f1\u00f3 como ingeniero de dise\u00f1o en la empresa Puromex (1979-1981) y como gerente del centro de c\u00f3mputo de NCR de M\u00e9xico (1981-1983). Inici\u00f3 sus labores de investigaci\u00f3n en el Instituto de Investigaciones El\u00e9ctricas (IIE) donde se desempe\u00f1o como investigador en dos ocasiones (1983-1986 y 1992-1998); fue tambi\u00e9n investigador asociado en la Universidad de Edimburgo (1989-1992). En 1998 se incorpor\u00f3 al IIMAS, UNAM, donde fue Jefe del Departamento de Ciencias de la Computaci\u00f3n de 1998 a 2002 y del 2005 al 2010, y lo es nuevamente a partir de abril de 2018. Es autor de aproximadamente 120 trabajos de investigaci\u00f3n incluyendo art\u00edculos arbitrados en revistas, libros y memorias de prestigio internacional, principalmente en inteligencia artificial, ling\u00fc\u00edstica computacional, robots de servicio, reconocimiento del habla, procesamiento del lenguaje natural y computaci\u00f3n gr\u00e1fica. A lo largo de su carrera ha desarrollado varios grupos de investigaci\u00f3n entre los que destacan el grupo SIBS para el dise\u00f1o autom\u00e1tico de subestaciones El\u00e9ctricas en el IIE, y los grupos Di\u00e1logos Inteligentes Multimodales en Espa\u00f1ol (DIME) y Golem para el desarrollo de robots de servicio en el IIMAS. Ha sido investigador responsable de varios proyectos CONACyT, PAPIIT, UNAM y del Instituto de Ciencia y Tecnolog\u00eda del DF, adem\u00e1s de varios proyectos mayores para el IIE y la Comisi\u00f3n Federal de Electricidad (CFE). Es el creador del Corpus DIMEx100 y tiene una patente otorgada por el IMPI. Ha establecido colaboraciones con varias instituciones internacionales. Ha participado como ponente en eventos nacionales e internacionales en m\u00e1s de 200 ocasiones. <\/p>\n\n\n\n<p>En el aspecto docente ha impartido alrededor de 60 cursos de posgrado en la UNAM, la UJAT en Tabasco, el CENIDET, Morelos y el ITESM, Campus Morelos, en teor\u00eda de la computaci\u00f3n, aut\u00f3matas y lenguajes formales, lenguajes de programaci\u00f3n, computaci\u00f3n gr\u00e1fica, ling\u00fc\u00edstica computacional, inteligencia artificial y programaci\u00f3n l\u00f3gica. Tambi\u00e9n ha sido docente invitado en la Universidad Estatal de Ohio en los Estados Unidos (2003) y profesor invitado en la Universidad Tecnol\u00f3gica de Viena (2011). Ha dirigido 8 tesis doctorales, 12 de maestr\u00eda y 12 de licenciatura. Varios de sus estudiantes son actualmente investigadores en diversas instituciones nacionales y algunos son miembros del SNI. <\/p>\n\n\n\n<p>Fue fundador y coordinador del programa doctoral en computaci\u00f3n entre el IIE y la Universidad de Salford en el Reino Unido a trav\u00e9s del cual se doctoraron 4 investigadores del IIE, y particip\u00f3 en los trabajos para la fundaci\u00f3n de la maestr\u00eda en computaci\u00f3n de la Universidad Ju\u00e1rez Aut\u00f3noma de Tabasco. Ha tenido una extensa actividad de difusi\u00f3n en los medios (TV, radio, prensa e Internet) principalmente en relaci\u00f3n al robot <em>Golem<\/em> y al grupo <em>Golem<\/em> del cual es fundador y coordinador, en el cual se han desarrollado los robots <em>Golem<\/em>, <em>Golem en Universum<\/em>, <em>Golem-II+<\/em> y <em>Golem-III<\/em>, y tambi\u00e9n en relaci\u00f3n a la organizaci\u00f3n del ascenso y descenso de los pasajeros del metro de la Ciudad de M\u00e9xico, la cual se realiz\u00f3 en el contexto de una tesis doctoral de la cual fue el tutor principal. Es miembro regular de la Academia Mexicana de Ciencias (AMC) y de la Academia Mexicana de Inform\u00e1tica (AMIAC). Fue coordinador del Seminario de Computaci\u00f3n UNAM (1998-2002), coordinador del Comit\u00e9 del Programa T\u00e9cnico del Congreso \u201c50 A\u00f1os de la Computaci\u00f3n en M\u00e9xico\u201d en el 2008, as\u00ed como del Simposium \u201cLos Retos de la Era de la Informaci\u00f3n en nuestro Pa\u00eds\u201d dentro del ciclo \u201cLas Ciencias en la UNAM: Construir el futuro de M\u00e9xico\u201d, y ha participado en el comit\u00e9 t\u00e9cnico de varios congresos nacionales e internacionales. Asimismo, particip\u00f3 en la coordinaci\u00f3n del cap\u00edtulo \u201cCiencias de la Informaci\u00f3n\u201d en el libro \u201cLa UNAM por M\u00e9xico\u201d y fue responsable de la redacci\u00f3n de varias secciones. Desde enero de 2010 fue tambi\u00e9n el Coordinador de la Red Mexicana de Investigaci\u00f3n y Desarrollo en Computaci\u00f3n (REMIDEC) y editor de la p\u00e1gina y el bolet\u00edn de dicha red. En 2014 coordin\u00f3 los trabajos para la creaci\u00f3n de la Academia Mexicana de Computaci\u00f3n (AMEXCOMP) de la cual fue el Presidente Fundador (2015-2018). En este contexto fue coordinador, editor y autor principal de varios cap\u00edtulos de los libros \u201cPol\u00edticas y Estrategias para el Desarrollo de la Computaci\u00f3n en M\u00e9xico\u201d (2016) y \u201cLa Computaci\u00f3n en M\u00e9xico por Especialidades Acad\u00e9micas\u201d (2017). <\/p>\n\n\n\n<p>Es maratonista.<\/p>\n","protected":false},"excerpt":{"rendered":"<p>Conferencia Magistral Acerca del conferencista: Ingeniero Electr\u00f3nico por la Universidad Anahuac (1976-1980), M. en C. en Ciencias Computacionales, por el ITESM (1983-1985), Campus Morelos y doctor (PhD) por la Universidad de Edimburgo, Escocia (1986-1990). Se desempe\u00f1\u00f3 como ingeniero de dise\u00f1o en la empresa Puromex (1979-1981) y como gerente del centro de c\u00f3mputo de NCR de [&hellip;]<\/p>\n","protected":false},"author":7,"featured_media":0,"parent":0,"menu_order":0,"comment_status":"closed","ping_status":"closed","template":"","meta":{"_exactmetrics_skip_tracking":false,"_exactmetrics_sitenote_active":false,"_exactmetrics_sitenote_note":"","_exactmetrics_sitenote_category":0,"footnotes":""},"class_list":["post-355","page","type-page","status-publish","hentry"],"_links":{"self":[{"href":"https:\/\/femexrobotica.org\/eir2021-2022\/wp-json\/wp\/v2\/pages\/355","targetHints":{"allow":["GET"]}}],"collection":[{"href":"https:\/\/femexrobotica.org\/eir2021-2022\/wp-json\/wp\/v2\/pages"}],"about":[{"href":"https:\/\/femexrobotica.org\/eir2021-2022\/wp-json\/wp\/v2\/types\/page"}],"author":[{"embeddable":true,"href":"https:\/\/femexrobotica.org\/eir2021-2022\/wp-json\/wp\/v2\/users\/7"}],"replies":[{"embeddable":true,"href":"https:\/\/femexrobotica.org\/eir2021-2022\/wp-json\/wp\/v2\/comments?post=355"}],"version-history":[{"count":1,"href":"https:\/\/femexrobotica.org\/eir2021-2022\/wp-json\/wp\/v2\/pages\/355\/revisions"}],"predecessor-version":[{"id":357,"href":"https:\/\/femexrobotica.org\/eir2021-2022\/wp-json\/wp\/v2\/pages\/355\/revisions\/357"}],"wp:attachment":[{"href":"https:\/\/femexrobotica.org\/eir2021-2022\/wp-json\/wp\/v2\/media?parent=355"}],"curies":[{"name":"wp","href":"https:\/\/api.w.org\/{rel}","templated":true}]}}