{"id":260,"date":"2021-12-16T20:35:41","date_gmt":"2021-12-16T20:35:41","guid":{"rendered":"https:\/\/femexrobotica.org\/eir2021-2022\/?page_id=260"},"modified":"2021-12-16T20:35:42","modified_gmt":"2021-12-16T20:35:42","slug":"introduccion-a-la-vision-por-computadora","status":"publish","type":"page","link":"https:\/\/femexrobotica.org\/eir2021-2022\/introduccion-a-la-vision-por-computadora\/","title":{"rendered":"Introducci\u00f3n a la Visi\u00f3n por Computadora"},"content":{"rendered":"\n<p>Dr. Gabriel Acosta, Mtra. Roc\u00edo Erandi<br>Universidad Veracruzana<\/p>\n\n\n\n<p>INFORMACI\u00d3N DEL CURSO<\/p>\n\n\n\n<p>El objetivo principal del curso es dar una introducci\u00f3n a los conceptos b\u00e1sicos de la visi\u00f3n por computadora, as\u00ed como conocer las principales t\u00e9cnicas del procesamiento digital de im\u00e1genes. Se llevar\u00e1n a cabo ejemplos pr\u00e1cticos mediante libretas de Google Colab en Python para que los participantes puedan entender dichas t\u00e9cnicas y conceptos.<\/p>\n\n\n\n<p>INFORMACI\u00d3N DE LOS INSTRUCTORES<\/p>\n\n\n\n<div class=\"wp-block-media-text alignwide is-stacked-on-mobile\" style=\"grid-template-columns:30% auto\"><figure class=\"wp-block-media-text__media\"><img loading=\"lazy\" decoding=\"async\" width=\"360\" height=\"295\" src=\"https:\/\/femexrobotica.org\/eir2021-2022\/wp-content\/uploads\/2021\/12\/Foto_HGAM.jpg\" alt=\"\" class=\"wp-image-261 size-full\" srcset=\"https:\/\/femexrobotica.org\/eir2021-2022\/wp-content\/uploads\/2021\/12\/Foto_HGAM.jpg 360w, https:\/\/femexrobotica.org\/eir2021-2022\/wp-content\/uploads\/2021\/12\/Foto_HGAM-300x246.jpg 300w\" sizes=\"auto, (max-width: 360px) 100vw, 360px\" \/><\/figure><div class=\"wp-block-media-text__content\">\n<p><strong>Gabriel Acosta<\/strong> es Doctor en inteligencia artificial con especialidad en an\u00e1lisis de im\u00e1genes por la Universidad de Sheffield, Inglaterra (2003). Profesor-Investigador de tiempo completo del Instituto de Investigaciones en Inteligencia Artificial de la Universidad Veracruzana desde 2004. Miembro del Sistema Nacional de Investigadores desde 2005, actualmente nivel I. Perfil deseable PRODEP. Ha dirigido 6 tesis de licenciatura, 18 de maestr\u00eda y 4 de doctorado. Miembro de diversos comit\u00e9s de evaluaci\u00f3n de revistas y proyectos especializados. Autor de diversos art\u00edculos de investigaci\u00f3n especializados en el \u00e1rea de an\u00e1lisis de im\u00e1genes m\u00e9dicas utilizando visi\u00f3n computacional. Editor cient\u00edfico de la revista de divulgaci\u00f3n Komputer Sapiens. Actualmente trabajada en el proyecto de investigaci\u00f3n: Redes Neuronales Convolucionales Aplicadas al An\u00e1lisis de Im\u00e1genes Biom\u00e9dicas.<\/p>\n<\/div><\/div>\n\n\n\n<div class=\"wp-block-media-text alignwide is-stacked-on-mobile\" style=\"grid-template-columns:30% auto\"><figure class=\"wp-block-media-text__media\"><img loading=\"lazy\" decoding=\"async\" width=\"1024\" height=\"768\" src=\"https:\/\/femexrobotica.org\/eir2021-2022\/wp-content\/uploads\/2021\/12\/Foto_REBM-1024x768.jpeg\" alt=\"\" class=\"wp-image-262 size-full\" srcset=\"https:\/\/femexrobotica.org\/eir2021-2022\/wp-content\/uploads\/2021\/12\/Foto_REBM-1024x768.jpeg 1024w, https:\/\/femexrobotica.org\/eir2021-2022\/wp-content\/uploads\/2021\/12\/Foto_REBM-300x225.jpeg 300w, https:\/\/femexrobotica.org\/eir2021-2022\/wp-content\/uploads\/2021\/12\/Foto_REBM-768x576.jpeg 768w, https:\/\/femexrobotica.org\/eir2021-2022\/wp-content\/uploads\/2021\/12\/Foto_REBM.jpeg 1152w\" sizes=\"auto, (max-width: 1024px) 100vw, 1024px\" \/><\/figure><div class=\"wp-block-media-text__content\">\n<p><strong>Roc\u00edo Erandi Barrientos Mart\u00ednez <\/strong>es Maestra en inteligencia artificial por la Universidad Veracruzana (2005). T\u00e9cnico Acad\u00e9mico de tiempo completo del Instituto de Investigaciones en Inteligencia Artificial de la Universidad<br>Veracruzana desde 2010. Miembro Numerario de la Federaci\u00f3n Mexicana de Rob\u00f3tica. Miembro del Jurado y Organizadora del Torneo de Robots Limpiadores de Playa del Torneo Mexicano de Rob\u00f3tica desde el a\u00f1o 2011. Miembro de diversos comit\u00e9s de evaluaci\u00f3n de revistas y proyectos especializados. Autor de diversos art\u00edculos de investigaci\u00f3n especializados<br>en el \u00e1rea de miner\u00eda de datos. Actualmente su l\u00ednea de investigaci\u00f3n es Miner\u00eda de Datos y Visi\u00f3n por Computadora.<\/p>\n<\/div><\/div>\n","protected":false},"excerpt":{"rendered":"<p>Dr. Gabriel Acosta, Mtra. Roc\u00edo ErandiUniversidad Veracruzana INFORMACI\u00d3N DEL CURSO El objetivo principal del curso es dar una introducci\u00f3n a los conceptos b\u00e1sicos de la visi\u00f3n por computadora, as\u00ed como conocer las principales t\u00e9cnicas del procesamiento digital de im\u00e1genes. Se llevar\u00e1n a cabo ejemplos pr\u00e1cticos mediante libretas de Google Colab en Python para que los [&hellip;]<\/p>\n","protected":false},"author":7,"featured_media":0,"parent":0,"menu_order":0,"comment_status":"closed","ping_status":"closed","template":"","meta":{"_exactmetrics_skip_tracking":false,"_exactmetrics_sitenote_active":false,"_exactmetrics_sitenote_note":"","_exactmetrics_sitenote_category":0,"footnotes":""},"class_list":["post-260","page","type-page","status-publish","hentry"],"_links":{"self":[{"href":"https:\/\/femexrobotica.org\/eir2021-2022\/wp-json\/wp\/v2\/pages\/260","targetHints":{"allow":["GET"]}}],"collection":[{"href":"https:\/\/femexrobotica.org\/eir2021-2022\/wp-json\/wp\/v2\/pages"}],"about":[{"href":"https:\/\/femexrobotica.org\/eir2021-2022\/wp-json\/wp\/v2\/types\/page"}],"author":[{"embeddable":true,"href":"https:\/\/femexrobotica.org\/eir2021-2022\/wp-json\/wp\/v2\/users\/7"}],"replies":[{"embeddable":true,"href":"https:\/\/femexrobotica.org\/eir2021-2022\/wp-json\/wp\/v2\/comments?post=260"}],"version-history":[{"count":1,"href":"https:\/\/femexrobotica.org\/eir2021-2022\/wp-json\/wp\/v2\/pages\/260\/revisions"}],"predecessor-version":[{"id":263,"href":"https:\/\/femexrobotica.org\/eir2021-2022\/wp-json\/wp\/v2\/pages\/260\/revisions\/263"}],"wp:attachment":[{"href":"https:\/\/femexrobotica.org\/eir2021-2022\/wp-json\/wp\/v2\/media?parent=260"}],"curies":[{"name":"wp","href":"https:\/\/api.w.org\/{rel}","templated":true}]}}