{"id":247,"date":"2021-12-16T20:07:31","date_gmt":"2021-12-16T20:07:31","guid":{"rendered":"https:\/\/femexrobotica.org\/eir2021-2022\/?page_id=247"},"modified":"2021-12-16T20:07:32","modified_gmt":"2021-12-16T20:07:32","slug":"filtrado-espacial-de-audio-para-robots","status":"publish","type":"page","link":"https:\/\/femexrobotica.org\/eir2021-2022\/filtrado-espacial-de-audio-para-robots\/","title":{"rendered":"Filtrado Espacial de Audio para Robots"},"content":{"rendered":"\n<p>Dr. Caleb Rascon<br>Universidad Nacional Aut\u00f3noma de M\u00e9xico <\/p>\n\n\n\n<p>INFORMACI\u00d3N DEL CURSO<\/p>\n\n\n\n<p>Filtrar audio se puede llevar a cabo de diversas formas. Una manera compatible con aplicaciones rob\u00f3ticas es la de filtrar los datos auditivos provenientes de una direcci\u00f3n deseada (asumiendo que en dicha direcci\u00f3n se encuentra la fuente de inter\u00e9s). Este tipo de filtrado se le conoce como \u201cfiltrado espacial\u201d, y en este curso se demostrar\u00e1n diversas formas de llevarlo a cabo. Se presentar\u00e1n las herramientas de captura de audio (JACK Audio Connection Toolkit), as\u00ed como recursos de evaluaci\u00f3n (Corpus AIRA). Se presentar\u00e1 una implementaci\u00f3n de dichos filtros, basado en ROS y en FFTW3, que puede ser utilizado libremente por la comunidad de rob\u00f3tica.<\/p>\n\n\n\n<p><\/p>\n\n\n\n<div class=\"wp-block-image\"><figure class=\"aligncenter size-full is-resized\"><img loading=\"lazy\" decoding=\"async\" src=\"https:\/\/femexrobotica.org\/eir2021-2022\/wp-content\/uploads\/2021\/12\/auditory_scene.png\" alt=\"\" class=\"wp-image-248\" width=\"450\" height=\"260\" srcset=\"https:\/\/femexrobotica.org\/eir2021-2022\/wp-content\/uploads\/2021\/12\/auditory_scene.png 888w, https:\/\/femexrobotica.org\/eir2021-2022\/wp-content\/uploads\/2021\/12\/auditory_scene-300x174.png 300w, https:\/\/femexrobotica.org\/eir2021-2022\/wp-content\/uploads\/2021\/12\/auditory_scene-768x445.png 768w\" sizes=\"auto, (max-width: 450px) 100vw, 450px\" \/><\/figure><\/div>\n\n\n\n<div class=\"wp-block-media-text alignwide is-stacked-on-mobile\" style=\"grid-template-columns:25% auto\"><figure class=\"wp-block-media-text__media\"><img loading=\"lazy\" decoding=\"async\" width=\"1024\" height=\"683\" src=\"https:\/\/femexrobotica.org\/eir2021-2022\/wp-content\/uploads\/2021\/12\/yo-1024x683.jpg\" alt=\"\" class=\"wp-image-249 size-full\" srcset=\"https:\/\/femexrobotica.org\/eir2021-2022\/wp-content\/uploads\/2021\/12\/yo-1024x683.jpg 1024w, https:\/\/femexrobotica.org\/eir2021-2022\/wp-content\/uploads\/2021\/12\/yo-300x200.jpg 300w, https:\/\/femexrobotica.org\/eir2021-2022\/wp-content\/uploads\/2021\/12\/yo-768x512.jpg 768w, https:\/\/femexrobotica.org\/eir2021-2022\/wp-content\/uploads\/2021\/12\/yo-1536x1024.jpg 1536w, https:\/\/femexrobotica.org\/eir2021-2022\/wp-content\/uploads\/2021\/12\/yo-2048x1365.jpg 2048w, https:\/\/femexrobotica.org\/eir2021-2022\/wp-content\/uploads\/2021\/12\/yo-1200x800.jpg 1200w, https:\/\/femexrobotica.org\/eir2021-2022\/wp-content\/uploads\/2021\/12\/yo-1980x1320.jpg 1980w\" sizes=\"auto, (max-width: 1024px) 100vw, 1024px\" \/><\/figure><div class=\"wp-block-media-text__content\">\n<p>INFORMACI\u00d3N DEL INSTRUCTOR<\/p>\n\n\n\n<p><strong>Caleb Antonio Rasc\u00f3n Esteban\u00e9<\/strong> obtuvo su licenciatura en Ingenier\u00eda en Sistemas Electr\u00f3nicos en el ITESM, Campus Quer\u00e9taro. Fund\u00f3 Makko IT, compa\u00f1\u00eda dedicada al desarrollo de tecnolog\u00eda digital, en la cual es ahora socio pasivo, integrante de la mesa directiva y consejero en temas de Procesamiento de Se\u00f1ales e Inteligencia Artificial. Llev\u00f3 a cabo su Doctorado en la Universidad de Manchester del Reino Unido, sin necesidad de hacer previamente una maestr\u00eda. Llev\u00f3 a cabo dos pos- doctorados y apoy\u00f3 como T\u00e9cnico Acad\u00e9mico al grupo de Interacci\u00f3n Humano-Robot conocido como Grupo Golem de la UNAM en temas de Audici\u00f3n Rob\u00f3tica e Integraci\u00f3n Inter-modular. Le fue otorgada la distinci\u00f3n de Innovador menor de 35 por parte del MIT Technology Review, Edici\u00f3n M\u00e9xico 2014. Fue miembro del Consejo Ejecutivo de la Competencia Internacional RoboCup@Home. Publica constantemente en revistas cient\u00edficas sobre temas de audio, y ha sido ponente magistral en conferencias acad\u00e9micas y de difusi\u00f3n cient\u00edfica. Actualmente es un Investigador Asociado en la UNAM donde lleva a cabo investigaci\u00f3n en el \u00e1rea de An\u00e1lisis de Escenas Auditivas. Es tutor del Posgrado en Ciencia e Ingenier\u00eda de la Computaci\u00f3n y del Posgrado de Ingenier\u00eda El\u00e9ctrica dentro de la UNAM.<\/p>\n<\/div><\/div>\n","protected":false},"excerpt":{"rendered":"<p>Dr. Caleb RasconUniversidad Nacional Aut\u00f3noma de M\u00e9xico INFORMACI\u00d3N DEL CURSO Filtrar audio se puede llevar a cabo de diversas formas. Una manera compatible con aplicaciones rob\u00f3ticas es la de filtrar los datos auditivos provenientes de una direcci\u00f3n deseada (asumiendo que en dicha direcci\u00f3n se encuentra la fuente de inter\u00e9s). Este tipo de filtrado se le [&hellip;]<\/p>\n","protected":false},"author":7,"featured_media":0,"parent":0,"menu_order":0,"comment_status":"closed","ping_status":"closed","template":"","meta":{"_exactmetrics_skip_tracking":false,"_exactmetrics_sitenote_active":false,"_exactmetrics_sitenote_note":"","_exactmetrics_sitenote_category":0,"footnotes":""},"class_list":["post-247","page","type-page","status-publish","hentry"],"_links":{"self":[{"href":"https:\/\/femexrobotica.org\/eir2021-2022\/wp-json\/wp\/v2\/pages\/247","targetHints":{"allow":["GET"]}}],"collection":[{"href":"https:\/\/femexrobotica.org\/eir2021-2022\/wp-json\/wp\/v2\/pages"}],"about":[{"href":"https:\/\/femexrobotica.org\/eir2021-2022\/wp-json\/wp\/v2\/types\/page"}],"author":[{"embeddable":true,"href":"https:\/\/femexrobotica.org\/eir2021-2022\/wp-json\/wp\/v2\/users\/7"}],"replies":[{"embeddable":true,"href":"https:\/\/femexrobotica.org\/eir2021-2022\/wp-json\/wp\/v2\/comments?post=247"}],"version-history":[{"count":1,"href":"https:\/\/femexrobotica.org\/eir2021-2022\/wp-json\/wp\/v2\/pages\/247\/revisions"}],"predecessor-version":[{"id":250,"href":"https:\/\/femexrobotica.org\/eir2021-2022\/wp-json\/wp\/v2\/pages\/247\/revisions\/250"}],"wp:attachment":[{"href":"https:\/\/femexrobotica.org\/eir2021-2022\/wp-json\/wp\/v2\/media?parent=247"}],"curies":[{"name":"wp","href":"https:\/\/api.w.org\/{rel}","templated":true}]}}