{"id":241,"date":"2021-12-16T19:30:10","date_gmt":"2021-12-16T19:30:10","guid":{"rendered":"https:\/\/femexrobotica.org\/eir2021-2022\/?page_id=241"},"modified":"2021-12-16T19:30:16","modified_gmt":"2021-12-16T19:30:16","slug":"diseno-de-pcbs-y-su-manufactura-en-china","status":"publish","type":"page","link":"https:\/\/femexrobotica.org\/eir2021-2022\/diseno-de-pcbs-y-su-manufactura-en-china\/","title":{"rendered":"Dise\u00f1o de PCBs y su manufactura en China"},"content":{"rendered":"\n<p>Luman Burr Capistran, Rodrigo Molina Dom\u00ednguez<br>Robotistas MX <\/p>\n\n\n\n<p>INFORMACI\u00d3N DEL CURSO<\/p>\n\n\n\n<p>En este taller se les ense\u00f1ar\u00e1 a los participantes c\u00f3mo dise\u00f1ar sus propias PCBs (Printed Circuit Boards) utilizando el software de dise\u00f1o Eagle, abarcando desde temas b\u00e1sicos de dise\u00f1o como la nomenclatura que se utiliza, tecnolog\u00eda through hole, tecnolog\u00eda SMD, encapsulados y foot prints. Adem\u00e1s se ense\u00f1ar\u00e1 el proceso \u00f3ptimo para cotizar y enviar a producci\u00f3n una PCB a empresas de manufactura en China que permiten tener un prototipo profesional en d\u00edas.<\/p>\n\n\n\n<div class=\"wp-block-image\"><figure class=\"aligncenter size-large is-resized\"><img loading=\"lazy\" decoding=\"async\" src=\"https:\/\/femexrobotica.org\/eir2021-2022\/wp-content\/uploads\/2021\/12\/Rodrigo05-1024x768.jpg\" alt=\"\" class=\"wp-image-242\" width=\"438\" height=\"327\"\/><\/figure><\/div>\n\n\n\n<div class=\"wp-block-columns is-layout-flex wp-container-core-columns-is-layout-9d6595d7 wp-block-columns-is-layout-flex\">\n<div class=\"wp-block-column is-layout-flow wp-block-column-is-layout-flow\" style=\"flex-basis:100%\"><\/div>\n<\/div>\n\n\n\n<p><\/p>\n\n\n\n<div class=\"wp-block-media-text alignwide is-stacked-on-mobile\" style=\"grid-template-columns:32% auto\"><figure class=\"wp-block-media-text__media\"><img loading=\"lazy\" decoding=\"async\" width=\"1024\" height=\"768\" src=\"https:\/\/femexrobotica.org\/eir2021-2022\/wp-content\/uploads\/2021\/12\/Rodrigo09-1024x768.jpg\" alt=\"\" class=\"wp-image-244 size-full\" srcset=\"https:\/\/femexrobotica.org\/eir2021-2022\/wp-content\/uploads\/2021\/12\/Rodrigo09-1024x768.jpg 1024w, https:\/\/femexrobotica.org\/eir2021-2022\/wp-content\/uploads\/2021\/12\/Rodrigo09-300x225.jpg 300w, https:\/\/femexrobotica.org\/eir2021-2022\/wp-content\/uploads\/2021\/12\/Rodrigo09-768x576.jpg 768w, https:\/\/femexrobotica.org\/eir2021-2022\/wp-content\/uploads\/2021\/12\/Rodrigo09-1536x1152.jpg 1536w, https:\/\/femexrobotica.org\/eir2021-2022\/wp-content\/uploads\/2021\/12\/Rodrigo09-2048x1536.jpg 2048w, https:\/\/femexrobotica.org\/eir2021-2022\/wp-content\/uploads\/2021\/12\/Rodrigo09-1200x900.jpg 1200w, https:\/\/femexrobotica.org\/eir2021-2022\/wp-content\/uploads\/2021\/12\/Rodrigo09-1980x1485.jpg 1980w\" sizes=\"auto, (max-width: 1024px) 100vw, 1024px\" \/><\/figure><div class=\"wp-block-media-text__content\">\n<p>INFORMACI\u00d3N DEL INSTRUCTOR<\/p>\n\n\n\n<p>Apasionados creadores de robots, han participado en concursos de rob\u00f3tica desde hace 10 a\u00f1os en diferentes categor\u00edas como Robocup Soccer Junior, LARC Standard Educational Kits y Humanoid Kid Size<br>destacando sus participaciones como mentores en Robocup 2015 en Hefei, China y WRO 2018 en Chiang Mai, Tailandia as\u00ed como un segundo lugar latinoamericano en el Latin American Robotics Competition 2017 en Recife, Brasil. Juntos han creado decenas de robots y son fundadores de la academia de rob\u00f3tica RobotistasMX en San Luis Potos\u00ed y de Rob\u00f3tica Golem, una propuesta para llevar la rob\u00f3tica educativa a todos lados. Ambos son co-fundadores y participan activamente en el colectivo chaBots, un grupo de j\u00f3venes que se dedican a construir y programar robots para competencias. Entre los dos suman 20 a\u00f1os de experiencia impartiendo clases y talleres de divulgaci\u00f3n cient\u00edfica y tecnol\u00f3gica de diversos temas, desde matem\u00e1ticas, rob\u00f3tica, electr\u00f3nica, programaci\u00f3n, creaci\u00f3n de videojuegos, entre otras.<\/p>\n<\/div><\/div>\n","protected":false},"excerpt":{"rendered":"<p>Luman Burr Capistran, Rodrigo Molina Dom\u00ednguezRobotistas MX INFORMACI\u00d3N DEL CURSO En este taller se les ense\u00f1ar\u00e1 a los participantes c\u00f3mo dise\u00f1ar sus propias PCBs (Printed Circuit Boards) utilizando el software de dise\u00f1o Eagle, abarcando desde temas b\u00e1sicos de dise\u00f1o como la nomenclatura que se utiliza, tecnolog\u00eda through hole, tecnolog\u00eda SMD, encapsulados y foot prints. Adem\u00e1s [&hellip;]<\/p>\n","protected":false},"author":7,"featured_media":0,"parent":0,"menu_order":0,"comment_status":"closed","ping_status":"closed","template":"","meta":{"_exactmetrics_skip_tracking":false,"_exactmetrics_sitenote_active":false,"_exactmetrics_sitenote_note":"","_exactmetrics_sitenote_category":0,"footnotes":""},"class_list":["post-241","page","type-page","status-publish","hentry"],"_links":{"self":[{"href":"https:\/\/femexrobotica.org\/eir2021-2022\/wp-json\/wp\/v2\/pages\/241","targetHints":{"allow":["GET"]}}],"collection":[{"href":"https:\/\/femexrobotica.org\/eir2021-2022\/wp-json\/wp\/v2\/pages"}],"about":[{"href":"https:\/\/femexrobotica.org\/eir2021-2022\/wp-json\/wp\/v2\/types\/page"}],"author":[{"embeddable":true,"href":"https:\/\/femexrobotica.org\/eir2021-2022\/wp-json\/wp\/v2\/users\/7"}],"replies":[{"embeddable":true,"href":"https:\/\/femexrobotica.org\/eir2021-2022\/wp-json\/wp\/v2\/comments?post=241"}],"version-history":[{"count":1,"href":"https:\/\/femexrobotica.org\/eir2021-2022\/wp-json\/wp\/v2\/pages\/241\/revisions"}],"predecessor-version":[{"id":245,"href":"https:\/\/femexrobotica.org\/eir2021-2022\/wp-json\/wp\/v2\/pages\/241\/revisions\/245"}],"wp:attachment":[{"href":"https:\/\/femexrobotica.org\/eir2021-2022\/wp-json\/wp\/v2\/media?parent=241"}],"curies":[{"name":"wp","href":"https:\/\/api.w.org\/{rel}","templated":true}]}}