{"id":191,"date":"2021-12-16T16:26:09","date_gmt":"2021-12-16T16:26:09","guid":{"rendered":"https:\/\/femexrobotica.org\/eir2021-2022\/?page_id=191"},"modified":"2022-01-10T04:54:27","modified_gmt":"2022-01-10T04:54:27","slug":"__trashed","status":"publish","type":"page","link":"https:\/\/femexrobotica.org\/eir2021-2022\/__trashed\/","title":{"rendered":"Detecci\u00f3n de piezas industriales defectuosas utilizando Deep Learning."},"content":{"rendered":"\n<p>Dr. Fernando Arce <\/p>\n\n\n\n<p>Centro de Investigaci\u00f3n en Computaci\u00f3n, IPN<\/p>\n\n\n\n<p>INFORMACI\u00d3N DEL TALLER<\/p>\n\n\n\n<p>Este es un taller te\u00f3rico-pr\u00e1ctico en el cual el instructor proporciona la teor\u00eda y la ejemplifica programando a la par con los participantes. En este taller los participantes aprender\u00e1n:<\/p>\n\n\n\n<p>1.\u00a0\u00a0\u00a0\u00a0\u00a0Conceptos b\u00e1sicos de machine learning y de deep learning,<\/p>\n\n\n\n<p>2.\u00a0\u00a0\u00a0\u00a0\u00a0A utilizar Google Colab,<\/p>\n\n\n\n<p>3.\u00a0\u00a0\u00a0\u00a0\u00a0A formar y entrenar redes neuronales utilizando TensorFlow.<\/p>\n\n\n\n<p>INFORMACI\u00d3N DEL INSTRUCTOR<\/p>\n\n\n\n<div class=\"wp-block-columns is-layout-flex wp-container-core-columns-is-layout-9d6595d7 wp-block-columns-is-layout-flex\">\n<div class=\"wp-block-column is-layout-flow wp-block-column-is-layout-flow\" style=\"flex-basis:100%\">\n<div class=\"wp-block-columns is-layout-flex wp-container-core-columns-is-layout-9d6595d7 wp-block-columns-is-layout-flex\">\n<div class=\"wp-block-column is-vertically-aligned-top is-layout-flow wp-block-column-is-layout-flow\">\n<div class=\"wp-block-image\"><figure class=\"aligncenter size-large is-resized\"><img loading=\"lazy\" decoding=\"async\" src=\"https:\/\/femexrobotica.org\/eir2021-2022\/wp-content\/uploads\/2022\/01\/Fernando-Arce-Vega-1024x683.jpg\" alt=\"\" class=\"wp-image-380\" width=\"337\" height=\"224\" srcset=\"https:\/\/femexrobotica.org\/eir2021-2022\/wp-content\/uploads\/2022\/01\/Fernando-Arce-Vega-1024x683.jpg 1024w, https:\/\/femexrobotica.org\/eir2021-2022\/wp-content\/uploads\/2022\/01\/Fernando-Arce-Vega-300x200.jpg 300w, https:\/\/femexrobotica.org\/eir2021-2022\/wp-content\/uploads\/2022\/01\/Fernando-Arce-Vega-768x512.jpg 768w, https:\/\/femexrobotica.org\/eir2021-2022\/wp-content\/uploads\/2022\/01\/Fernando-Arce-Vega.jpg 1080w\" sizes=\"auto, (max-width: 337px) 100vw, 337px\" \/><\/figure><\/div>\n\n\n\n<div class=\"wp-block-columns is-layout-flex wp-container-core-columns-is-layout-9d6595d7 wp-block-columns-is-layout-flex\">\n<div class=\"wp-block-column is-layout-flow wp-block-column-is-layout-flow\">\n<p>Fernando Arce realiz\u00f3 su maestr\u00eda en el Centro de Investigaci\u00f3n y de Estudios Avanzados del IPN, en la secci\u00f3n de Bioelectr\u00f3nica; y su doctorado en el Centro de Investigaci\u00f3n en Computaci\u00f3n del IPN. Ha participado en varios congresos internacionales y en la publicaci\u00f3n en revistas prestigiosas relacionadas al \u00e1rea de redes neuronales y de inteligencia artificial. Cuenta con m\u00e1s de 18 certificaciones en el \u00e1rea de machine learning. Actualmente trabaja en el Centro de Investigaciones en \u00d3ptica y forma parte del Sistema Nacional de Investigadores. Sus \u00e1reas de inter\u00e9s son las redes neuronales y el reconocimiento de patrones.<\/p>\n<\/div>\n<\/div>\n<\/div>\n<\/div>\n<\/div>\n<\/div>\n\n\n\n<div class=\"wp-block-columns is-layout-flex wp-container-core-columns-is-layout-9d6595d7 wp-block-columns-is-layout-flex\">\n<div class=\"wp-block-column is-layout-flow wp-block-column-is-layout-flow\" style=\"flex-basis:100%\"><\/div>\n<\/div>\n","protected":false},"excerpt":{"rendered":"<p>Dr. Fernando Arce Centro de Investigaci\u00f3n en Computaci\u00f3n, IPN INFORMACI\u00d3N DEL TALLER Este es un taller te\u00f3rico-pr\u00e1ctico en el cual el instructor proporciona la teor\u00eda y la ejemplifica programando a la par con los participantes. En este taller los participantes aprender\u00e1n: 1.\u00a0\u00a0\u00a0\u00a0\u00a0Conceptos b\u00e1sicos de machine learning y de deep learning, 2.\u00a0\u00a0\u00a0\u00a0\u00a0A utilizar Google Colab, 3.\u00a0\u00a0\u00a0\u00a0\u00a0A [&hellip;]<\/p>\n","protected":false},"author":7,"featured_media":0,"parent":0,"menu_order":0,"comment_status":"closed","ping_status":"closed","template":"","meta":{"_exactmetrics_skip_tracking":false,"_exactmetrics_sitenote_active":false,"_exactmetrics_sitenote_note":"","_exactmetrics_sitenote_category":0,"footnotes":""},"class_list":["post-191","page","type-page","status-publish","hentry"],"_links":{"self":[{"href":"https:\/\/femexrobotica.org\/eir2021-2022\/wp-json\/wp\/v2\/pages\/191","targetHints":{"allow":["GET"]}}],"collection":[{"href":"https:\/\/femexrobotica.org\/eir2021-2022\/wp-json\/wp\/v2\/pages"}],"about":[{"href":"https:\/\/femexrobotica.org\/eir2021-2022\/wp-json\/wp\/v2\/types\/page"}],"author":[{"embeddable":true,"href":"https:\/\/femexrobotica.org\/eir2021-2022\/wp-json\/wp\/v2\/users\/7"}],"replies":[{"embeddable":true,"href":"https:\/\/femexrobotica.org\/eir2021-2022\/wp-json\/wp\/v2\/comments?post=191"}],"version-history":[{"count":5,"href":"https:\/\/femexrobotica.org\/eir2021-2022\/wp-json\/wp\/v2\/pages\/191\/revisions"}],"predecessor-version":[{"id":382,"href":"https:\/\/femexrobotica.org\/eir2021-2022\/wp-json\/wp\/v2\/pages\/191\/revisions\/382"}],"wp:attachment":[{"href":"https:\/\/femexrobotica.org\/eir2021-2022\/wp-json\/wp\/v2\/media?parent=191"}],"curies":[{"name":"wp","href":"https:\/\/api.w.org\/{rel}","templated":true}]}}